{"id":24009,"date":"2025-02-20T22:31:55","date_gmt":"2025-02-20T22:31:55","guid":{"rendered":"https:\/\/olemosaic.orbitalia.org\/producto\/iman-em-ceramica-flores-barcelona-branco\/"},"modified":"2025-11-21T13:18:56","modified_gmt":"2025-11-21T12:18:56","slug":"iman-em-ceramica-flores-barcelona-branco","status":"publish","type":"product","link":"https:\/\/olemosaic.orbitalia.org\/pt-pt\/produto\/iman-em-ceramica-flores-barcelona-branco\/","title":{"rendered":"\u00cdman em cer\u00e2mica. Flores. Barcelona. Branco."},"content":{"rendered":"<p>Este \u00edman de cer\u00e2mica com um desenho floral \u00e9 uma recorda\u00e7\u00e3o encantadora de Barcelona que capta a est\u00e9tica vibrante da cidade. Com a sua forma original de colher, este \u00edman apresenta um mosaico colorido que presta homenagem aos famosos azulejos de Gaud\u00ed. Contra um fundo branco brilhante, as flores em tons de vermelho, amarelo e azul emergem com for\u00e7a, criando um contraste visual deslumbrante que evoca a beleza do modernismo catal\u00e3o em qualquer casa. Cada detalhe deste \u00edman reflecte a criatividade e o esp\u00edrito festivo de Barcelona, tornando-o um elemento decorativo atraente e representativo do rico patrim\u00f3nio cultural da regi\u00e3o.   <\/p>\n<p>Ideal para quem procura lembran\u00e7as aut\u00eanticas de Barcelona, este \u00edman de cer\u00e2mica \u00e9 uma pe\u00e7a perfeita para recordar momentos especiais passados na cidade. Na Ol\u00e9 Mosaic, somos grossistas de lembran\u00e7as e oferecemos produtos que celebram a diversidade cultural de Espanha. Este \u00edman de flores \u00e9 uma excelente op\u00e7\u00e3o para as lojas de presentes tur\u00edsticos, atraindo os visitantes que queiram levar para casa um pedacinho da m\u00e1gica Barcelona. A sua autenticidade e o seu design art\u00edstico fazem dele o presente perfeito para qualquer amante da cultura espanhola.   <\/p>\n","protected":false},"excerpt":{"rendered":"<p>\u00cdman em cer\u00e2mica com um desenho floral inspirado na est\u00e9tica vibrante de Barcelona. Este atraente \u00edman em forma de colher est\u00e1 decorado com um mosaico colorido que evoca os ic\u00f3nicos azulejos da cidade. Sobre um fundo branco, destacam-se flores em tons de vermelho, amarelo e azul, criando o elemento decorativo perfeito para qualquer casa. Ideal para recordar a beleza do modernismo catal\u00e3o.   <\/p>\n","protected":false},"featured_media":9082,"template":"","meta":{"_acf_changed":false},"product_brand":[],"product_cat":[699],"product_tag":[515],"class_list":{"0":"post-24009","1":"product","2":"type-product","3":"status-publish","4":"has-post-thumbnail","6":"product_cat-imanes","7":"product_tag-ceramica","8":"pa_ciudad-barcelona","9":"pa_motivo-flores","10":"pa_pais-espana","12":"first","13":"instock","14":"shipping-taxable","15":"product-type-simple"},"acf":[],"_links":{"self":[{"href":"https:\/\/olemosaic.orbitalia.org\/pt-pt\/wp-json\/wp\/v2\/product\/24009","targetHints":{"allow":["GET"]}}],"collection":[{"href":"https:\/\/olemosaic.orbitalia.org\/pt-pt\/wp-json\/wp\/v2\/product"}],"about":[{"href":"https:\/\/olemosaic.orbitalia.org\/pt-pt\/wp-json\/wp\/v2\/types\/product"}],"wp:featuredmedia":[{"embeddable":true,"href":"https:\/\/olemosaic.orbitalia.org\/pt-pt\/wp-json\/wp\/v2\/media\/9082"}],"wp:attachment":[{"href":"https:\/\/olemosaic.orbitalia.org\/pt-pt\/wp-json\/wp\/v2\/media?parent=24009"}],"wp:term":[{"taxonomy":"product_brand","embeddable":true,"href":"https:\/\/olemosaic.orbitalia.org\/pt-pt\/wp-json\/wp\/v2\/product_brand?post=24009"},{"taxonomy":"product_cat","embeddable":true,"href":"https:\/\/olemosaic.orbitalia.org\/pt-pt\/wp-json\/wp\/v2\/product_cat?post=24009"},{"taxonomy":"product_tag","embeddable":true,"href":"https:\/\/olemosaic.orbitalia.org\/pt-pt\/wp-json\/wp\/v2\/product_tag?post=24009"}],"curies":[{"name":"wp","href":"https:\/\/api.w.org\/{rel}","templated":true}]}}