{"id":23981,"date":"2025-02-20T23:31:54","date_gmt":"2025-02-20T22:31:54","guid":{"rendered":"https:\/\/olemosaic.orbitalia.org\/producto\/taca-de-coco-castanha-delfin-espanha\/"},"modified":"2025-02-20T23:31:54","modified_gmt":"2025-02-20T22:31:54","slug":"taca-de-coco-castanha-delfin-espanha","status":"publish","type":"product","link":"https:\/\/olemosaic.orbitalia.org\/pt-pt\/produto\/taca-de-coco-castanha-delfin-espanha\/","title":{"rendered":"Ta\u00e7a de coco castanha. Delfin. Espanha."},"content":{"rendered":"<p>Esta requintada ta\u00e7a de coco castanho, adornada com um elegante desenho de um golfinho, \u00e9 uma recorda\u00e7\u00e3o aut\u00eantica que capta a ess\u00eancia da costa espanhola. Feita \u00e0 m\u00e3o por artes\u00e3os locais, cada pe\u00e7a \u00e9 \u00fanica, combinando a durabilidade da madeira de coco com detalhes cintilantes em tons de ouro que real\u00e7am a beleza natural do material. A superf\u00edcie da ta\u00e7a apresenta um padr\u00e3o intrincado que evoca as ondas suaves do mar, criando uma sensa\u00e7\u00e3o de movimento e fluidez que se relaciona com a vida selvagem marinha que habita as \u00e1guas do Mediterr\u00e2neo.  <\/p>\n<p>Os golfinhos, s\u00edmbolos de alegria e liberdade, s\u00e3o um motivo recorrente na cultura marinha espanhola, tornando esta ta\u00e7a n\u00e3o s\u00f3 um objeto decorativo, mas tamb\u00e9m uma recorda\u00e7\u00e3o das aventuras no mar. Ideal para servir aperitivos ou como pe\u00e7a central, o seu design vers\u00e1til torna-a uma adi\u00e7\u00e3o funcional e est\u00e9tica a qualquer casa. <\/p>\n<p>Na Ol\u00e9 Mosaic, somos especialistas na distribui\u00e7\u00e3o grossista de lembran\u00e7as, e esta ta\u00e7a de coco \u00e9 uma excelente op\u00e7\u00e3o para as lojas de lembran\u00e7as tur\u00edsticas que queiram oferecer produtos artesanais de qualidade e representativos da cultura local. \u00c9 uma op\u00e7\u00e3o que agrada tanto aos turistas que procuram lembran\u00e7as aut\u00eanticas como \u00e0queles que desejam dar um toque ex\u00f3tico \u00e0 sua decora\u00e7\u00e3o. <\/p>\n","protected":false},"excerpt":{"rendered":"<p>Ta\u00e7a de coco castanha decorada com um elegante desenho de um golfinho, que simboliza a fauna marinha da costa espanhola. Este produto artesanal combina a madeira de coco com pormenores dourados que real\u00e7am a beleza do material natural. A superf\u00edcie apresenta um padr\u00e3o intrincado que evoca as ondas do mar, tornando esta ta\u00e7a simultaneamente decorativa e funcional, ideal para dar um toque ex\u00f3tico a qualquer casa.  <\/p>\n","protected":false},"featured_media":10091,"template":"","meta":{"_acf_changed":false},"product_brand":[],"product_cat":[513],"product_tag":[516],"class_list":{"0":"post-23981","1":"product","2":"type-product","3":"status-publish","4":"has-post-thumbnail","6":"product_cat-bols","7":"product_tag-animais","8":"pa_motivo-golfinhos","10":"first","11":"instock","12":"shipping-taxable","13":"product-type-simple"},"acf":[],"_links":{"self":[{"href":"https:\/\/olemosaic.orbitalia.org\/pt-pt\/wp-json\/wp\/v2\/product\/23981","targetHints":{"allow":["GET"]}}],"collection":[{"href":"https:\/\/olemosaic.orbitalia.org\/pt-pt\/wp-json\/wp\/v2\/product"}],"about":[{"href":"https:\/\/olemosaic.orbitalia.org\/pt-pt\/wp-json\/wp\/v2\/types\/product"}],"wp:featuredmedia":[{"embeddable":true,"href":"https:\/\/olemosaic.orbitalia.org\/pt-pt\/wp-json\/wp\/v2\/media\/10091"}],"wp:attachment":[{"href":"https:\/\/olemosaic.orbitalia.org\/pt-pt\/wp-json\/wp\/v2\/media?parent=23981"}],"wp:term":[{"taxonomy":"product_brand","embeddable":true,"href":"https:\/\/olemosaic.orbitalia.org\/pt-pt\/wp-json\/wp\/v2\/product_brand?post=23981"},{"taxonomy":"product_cat","embeddable":true,"href":"https:\/\/olemosaic.orbitalia.org\/pt-pt\/wp-json\/wp\/v2\/product_cat?post=23981"},{"taxonomy":"product_tag","embeddable":true,"href":"https:\/\/olemosaic.orbitalia.org\/pt-pt\/wp-json\/wp\/v2\/product_tag?post=23981"}],"curies":[{"name":"wp","href":"https:\/\/api.w.org\/{rel}","templated":true}]}}