{"id":23958,"date":"2025-02-20T23:31:53","date_gmt":"2025-02-20T22:31:53","guid":{"rendered":"https:\/\/olemosaic.orbitalia.org\/producto\/copo-para-ovos-em-ceramica-salamandra-arte-modernista-barcelona-bege\/"},"modified":"2025-02-20T23:31:53","modified_gmt":"2025-02-20T22:31:53","slug":"copo-para-ovos-em-ceramica-salamandra-arte-modernista-barcelona-bege","status":"publish","type":"product","link":"https:\/\/olemosaic.orbitalia.org\/pt-pt\/produto\/copo-para-ovos-em-ceramica-salamandra-arte-modernista-barcelona-bege\/","title":{"rendered":"Copo para ovos em cer\u00e2mica. Salamandra. Arte modernista. Barcelona.    Bege"},"content":{"rendered":"<p>Esta lembran\u00e7a \u00fanica de Barcelona \u00e9 um copo para ovos em cer\u00e2mica adornado com um desenho vibrante de uma salamandra, que capta a ess\u00eancia da arte modernista da cidade. Fabricado em cer\u00e2mica de alta qualidade, o copo para ovos apresenta um acabamento brilhante e um atraente tom bege que combina eleg\u00e2ncia e funcionalidade. Com detalhes pintados \u00e0 m\u00e3o, apresenta uma representa\u00e7\u00e3o colorida de salamandras, simbolizando a rica diversidade da fauna catal\u00e3, acompanhada por alegres motivos florais que acrescentam frescura e vibra\u00e7\u00e3o.  <\/p>\n<p>O rebordo vermelho intenso real\u00e7a a forma elegante da ta\u00e7a para ovos, enquanto o texto &#8220;Barcelona&#8221; est\u00e1 cuidadosamente inscrito \u00e0 volta do rebordo, tornando-a uma recorda\u00e7\u00e3o emblem\u00e1tica para qualquer visitante desta cidade ic\u00f3nica. Ideal para desfrutar do pequeno-almo\u00e7o com estilo, este produto n\u00e3o s\u00f3 \u00e9 pr\u00e1tico, como tamb\u00e9m funciona como uma lembran\u00e7a representativa da cultura de Barcelona. <\/p>\n<p>Na Ol\u00e9 MOSAIC, somos especialistas na distribui\u00e7\u00e3o por grosso de lembran\u00e7as aut\u00eanticas e de qualidade, e esta ta\u00e7a de cer\u00e2mica para ovos \u00e9 uma excelente op\u00e7\u00e3o para as lojas de lembran\u00e7as tur\u00edsticas. Destaca a liga\u00e7\u00e3o cultural a Barcelona e oferece aos turistas a oportunidade de levarem consigo um peda\u00e7o desta cidade cativante. Como grossista de cer\u00e2mica, garantimos designs \u00fanicos que celebram o rico patrim\u00f3nio de Espanha.  <\/p>\n","protected":false},"excerpt":{"rendered":"<p>Copo para ovos em cer\u00e2mica com um desenho colorido de salamandra, inspirado na cultura vibrante de Barcelona. Esta pe\u00e7a bege apresenta um acabamento brilhante e detalhes pintados \u00e0 m\u00e3o, como motivos florais e as ic\u00f3nicas salamandras, carater\u00edsticas da arte modernista da cidade. Com um rebordo vermelho que real\u00e7a a sua forma elegante e a inscri\u00e7\u00e3o &#8220;Barcelona&#8221;, \u00e9 uma lembran\u00e7a pr\u00e1tica e atraente, perfeita para desfrutar do pequeno-almo\u00e7o com estilo.  <\/p>\n","protected":false},"featured_media":7348,"template":"","meta":{"_acf_changed":false},"product_brand":[],"product_cat":[666],"product_tag":[516,515],"class_list":{"0":"post-23958","1":"product","2":"type-product","3":"status-publish","4":"has-post-thumbnail","6":"product_cat-copos-para-ovos","7":"product_tag-animais","8":"product_tag-ceramica","9":"pa_ciudad-barcelona","10":"pa_motivo-salamandras","11":"pa_pais-espana","13":"first","14":"instock","15":"shipping-taxable","16":"product-type-simple"},"acf":[],"_links":{"self":[{"href":"https:\/\/olemosaic.orbitalia.org\/pt-pt\/wp-json\/wp\/v2\/product\/23958","targetHints":{"allow":["GET"]}}],"collection":[{"href":"https:\/\/olemosaic.orbitalia.org\/pt-pt\/wp-json\/wp\/v2\/product"}],"about":[{"href":"https:\/\/olemosaic.orbitalia.org\/pt-pt\/wp-json\/wp\/v2\/types\/product"}],"wp:featuredmedia":[{"embeddable":true,"href":"https:\/\/olemosaic.orbitalia.org\/pt-pt\/wp-json\/wp\/v2\/media\/7348"}],"wp:attachment":[{"href":"https:\/\/olemosaic.orbitalia.org\/pt-pt\/wp-json\/wp\/v2\/media?parent=23958"}],"wp:term":[{"taxonomy":"product_brand","embeddable":true,"href":"https:\/\/olemosaic.orbitalia.org\/pt-pt\/wp-json\/wp\/v2\/product_brand?post=23958"},{"taxonomy":"product_cat","embeddable":true,"href":"https:\/\/olemosaic.orbitalia.org\/pt-pt\/wp-json\/wp\/v2\/product_cat?post=23958"},{"taxonomy":"product_tag","embeddable":true,"href":"https:\/\/olemosaic.orbitalia.org\/pt-pt\/wp-json\/wp\/v2\/product_tag?post=23958"}],"curies":[{"name":"wp","href":"https:\/\/api.w.org\/{rel}","templated":true}]}}