{"id":23942,"date":"2025-02-20T22:31:51","date_gmt":"2025-02-20T22:31:51","guid":{"rendered":"https:\/\/olemosaic.orbitalia.org\/producto\/prato-de-ceramica-de-15-cm-flores-barcelona-branco\/"},"modified":"2025-02-20T22:31:51","modified_gmt":"2025-02-20T21:31:51","slug":"prato-de-ceramica-de-15-cm-flores-barcelona-branco","status":"publish","type":"product","link":"https:\/\/olemosaic.orbitalia.org\/pt-pt\/produto\/prato-de-ceramica-de-15-cm-flores-barcelona-branco\/","title":{"rendered":"Prato de cer\u00e2mica de 15 cm. Flores. Barcelona. Branco."},"content":{"rendered":"<p>Este encantador prato de cer\u00e2mica de 15 cm \u00e9 uma pe\u00e7a decorativa que capta a ess\u00eancia de Barcelona atrav\u00e9s de um vibrante design floral. Com um acabamento branco brilhante, o prato \u00e9 adornado com um mosaico colorido que evoca a majestade da arquitetura de Antoni Gaud\u00ed, um dos s\u00edmbolos mais emblem\u00e1ticos da cidade. As flores, em tons de vermelho, azul, amarelo e verde, entrela\u00e7am-se harmoniosamente, criando um efeito visual que real\u00e7a a diversidade e o esp\u00edrito criativo de Barcelona. A inscri\u00e7\u00e3o &#8220;Barcelona&#8221; acrescenta um toque pessoal e significativo, tornando-a uma recorda\u00e7\u00e3o ideal desta vibrante metr\u00f3pole. O seu design n\u00e3o s\u00f3 \u00e9 atraente, como tamb\u00e9m oferece uma profunda liga\u00e7\u00e3o cultural, recordando aos visitantes a rica hist\u00f3ria e o patrim\u00f3nio art\u00edstico que caracterizam Barcelona. Esta placa decorativa \u00e9 uma excelente escolha para quem procura uma lembran\u00e7a de Barcelona aut\u00eantica e de qualidade. Na Ol\u00e9 Mosaic somos especialistas na distribui\u00e7\u00e3o grossista de lembran\u00e7as que celebram o patrim\u00f3nio cultural, e este prato de cer\u00e2mica \u00e9 um exemplo perfeito para as lojas de presentes tur\u00edsticos que desejam oferecer artigos exclusivos representativos da tradi\u00e7\u00e3o art\u00edstica espanhola.      <\/p>\n","protected":false},"excerpt":{"rendered":"<p>Prato de cer\u00e2mica de 15 cm, decorado com um desenho floral vibrante em vermelho, azul, amarelo e verde, inspirado na arquitetura ic\u00f3nica de Barcelona. Este prato, com um acabamento branco brilhante, apresenta uma t\u00e9cnica de mosaico que evoca o famoso estilo de Gaud\u00ed. Com a palavra &#8220;Barcelona&#8221; impressa, \u00e9 uma pe\u00e7a ideal para te recordar a beleza da cidade e dar\u00e1 um toque art\u00edstico a qualquer casa.  <\/p>\n","protected":false},"featured_media":9071,"template":"","meta":{"_acf_changed":false},"product_brand":[],"product_cat":[629],"product_tag":[515],"class_list":{"0":"post-23942","1":"product","2":"type-product","3":"status-publish","4":"has-post-thumbnail","6":"product_cat-pratos-decorativos","7":"product_tag-ceramica","8":"pa_ciudad-barcelona","9":"pa_motivo-flores","10":"pa_pais-espana","12":"first","13":"instock","14":"shipping-taxable","15":"product-type-simple"},"acf":[],"_links":{"self":[{"href":"https:\/\/olemosaic.orbitalia.org\/pt-pt\/wp-json\/wp\/v2\/product\/23942","targetHints":{"allow":["GET"]}}],"collection":[{"href":"https:\/\/olemosaic.orbitalia.org\/pt-pt\/wp-json\/wp\/v2\/product"}],"about":[{"href":"https:\/\/olemosaic.orbitalia.org\/pt-pt\/wp-json\/wp\/v2\/types\/product"}],"wp:featuredmedia":[{"embeddable":true,"href":"https:\/\/olemosaic.orbitalia.org\/pt-pt\/wp-json\/wp\/v2\/media\/9071"}],"wp:attachment":[{"href":"https:\/\/olemosaic.orbitalia.org\/pt-pt\/wp-json\/wp\/v2\/media?parent=23942"}],"wp:term":[{"taxonomy":"product_brand","embeddable":true,"href":"https:\/\/olemosaic.orbitalia.org\/pt-pt\/wp-json\/wp\/v2\/product_brand?post=23942"},{"taxonomy":"product_cat","embeddable":true,"href":"https:\/\/olemosaic.orbitalia.org\/pt-pt\/wp-json\/wp\/v2\/product_cat?post=23942"},{"taxonomy":"product_tag","embeddable":true,"href":"https:\/\/olemosaic.orbitalia.org\/pt-pt\/wp-json\/wp\/v2\/product_tag?post=23942"}],"curies":[{"name":"wp","href":"https:\/\/api.w.org\/{rel}","templated":true}]}}