{"id":23896,"date":"2025-02-20T23:31:49","date_gmt":"2025-02-20T22:31:49","guid":{"rendered":"https:\/\/olemosaic.orbitalia.org\/producto\/gato-figura-em-mosaico-de-11-cm-mosaico-ceramica-espanhola\/"},"modified":"2025-02-20T23:31:49","modified_gmt":"2025-02-20T22:31:49","slug":"gato-figura-em-mosaico-de-11-cm-mosaico-ceramica-espanhola","status":"publish","type":"product","link":"https:\/\/olemosaic.orbitalia.org\/pt-pt\/produto\/gato-figura-em-mosaico-de-11-cm-mosaico-ceramica-espanhola\/","title":{"rendered":"Gato. Figura em mosaico de 11 cm. Mosaico. Cer\u00e2mica espanhola."},"content":{"rendered":"<p>Este encantador gato decorativo, uma obra-prima de cer\u00e2mica espanhola em miniatura, destaca-se pelo seu design de mosaico vibrante e colorido. Com 11 cm de altura, esta estatueta de resina com efeito pintado \u00e0 m\u00e3o apresenta um gato estilizado que capta a ess\u00eancia da arte popular espanhola. Cada pequeno mosaico na sua superf\u00edcie brilha numa paleta alegre de roxos, verdes, laranjas e azuis, oferecendo um aspeto visualmente marcante que atrair\u00e1 a aten\u00e7\u00e3o em qualquer ambiente. O acabamento da figura \u00e9 meticuloso e exibe um artesanato excecional que reflecte a rica tradi\u00e7\u00e3o da cer\u00e2mica em Espanha.   <\/p>\n<p>Este gato n\u00e3o \u00e9 apenas um objeto decorativo atraente, mas tamb\u00e9m uma lembran\u00e7a representativa da cultura espanhola, evocando as vibrantes pra\u00e7as e os coloridos mercados de artesanato do pa\u00eds. O seu desenho art\u00edstico est\u00e1 ligado \u00e0s t\u00e9cnicas tradicionais da cer\u00e2mica, que fazem parte do patrim\u00f3nio cultural espanhol h\u00e1 s\u00e9culos. Como lembran\u00e7a, \u00e9 ideal para os turistas que procuram levar para casa um peda\u00e7o da autenticidade espanhola, tornando-se um presente perfeito ou uma pe\u00e7a de cole\u00e7\u00e3o.  <\/p>\n<p>Na Ol\u00e9 Mosaic, orgulhamo-nos de distribuir por grosso lembran\u00e7as aut\u00eanticas, e esta estatueta de gato \u00e9 uma excelente escolha para as lojas de lembran\u00e7as tur\u00edsticas que procuram oferecer produtos \u00fanicos e culturais. A sua popularidade entre os visitantes faz com que este gato pintado \u00e0 m\u00e3o seja um item obrigat\u00f3rio em qualquer montra que deseje destacar o melhor de Espanha. <\/p>\n","protected":false},"excerpt":{"rendered":"<p>Estatueta de 11 cm em forma de gato, design artesanal, pintada \u00e0 m\u00e3o, com cores vibrantes. Este ador\u00e1vel felino apresenta um design art\u00edstico com t\u00e9cnicas de mosaico que evocam o estilo t\u00edpico da cer\u00e2mica espanhola. Cada detalhe \u00e9 real\u00e7ado em tons de roxo, verde, laranja e azul, criando um aspeto alegre e \u00fanico. Ideal como lembran\u00e7a ou pe\u00e7a decorativa, capta a ess\u00eancia da arte popular espanhola.   <\/p>\n","protected":false},"featured_media":11040,"template":"","meta":{"_acf_changed":false},"product_brand":[],"product_cat":[552],"product_tag":[516],"class_list":{"0":"post-23896","1":"product","2":"type-product","3":"status-publish","4":"has-post-thumbnail","6":"product_cat-numeros","7":"product_tag-animais","8":"pa_motivo-gatos","10":"first","11":"instock","12":"shipping-taxable","13":"product-type-simple"},"acf":[],"_links":{"self":[{"href":"https:\/\/olemosaic.orbitalia.org\/pt-pt\/wp-json\/wp\/v2\/product\/23896","targetHints":{"allow":["GET"]}}],"collection":[{"href":"https:\/\/olemosaic.orbitalia.org\/pt-pt\/wp-json\/wp\/v2\/product"}],"about":[{"href":"https:\/\/olemosaic.orbitalia.org\/pt-pt\/wp-json\/wp\/v2\/types\/product"}],"wp:featuredmedia":[{"embeddable":true,"href":"https:\/\/olemosaic.orbitalia.org\/pt-pt\/wp-json\/wp\/v2\/media\/11040"}],"wp:attachment":[{"href":"https:\/\/olemosaic.orbitalia.org\/pt-pt\/wp-json\/wp\/v2\/media?parent=23896"}],"wp:term":[{"taxonomy":"product_brand","embeddable":true,"href":"https:\/\/olemosaic.orbitalia.org\/pt-pt\/wp-json\/wp\/v2\/product_brand?post=23896"},{"taxonomy":"product_cat","embeddable":true,"href":"https:\/\/olemosaic.orbitalia.org\/pt-pt\/wp-json\/wp\/v2\/product_cat?post=23896"},{"taxonomy":"product_tag","embeddable":true,"href":"https:\/\/olemosaic.orbitalia.org\/pt-pt\/wp-json\/wp\/v2\/product_tag?post=23896"}],"curies":[{"name":"wp","href":"https:\/\/api.w.org\/{rel}","templated":true}]}}