{"id":23886,"date":"2025-02-20T23:31:49","date_gmt":"2025-02-20T22:31:49","guid":{"rendered":"https:\/\/olemosaic.orbitalia.org\/producto\/cinzeiro-de-ceramica-9-cm-patio-branco\/"},"modified":"2025-02-20T23:31:49","modified_gmt":"2025-02-20T22:31:49","slug":"cinzeiro-de-ceramica-9-cm-patio-branco","status":"publish","type":"product","link":"https:\/\/olemosaic.orbitalia.org\/pt-pt\/produto\/cinzeiro-de-ceramica-9-cm-patio-branco\/","title":{"rendered":"Cinzeiro de cer\u00e2mica 9 cm. P\u00e1tio.  Branco"},"content":{"rendered":"<p>Este encantador cinzeiro de cer\u00e2mica, com um di\u00e2metro de 9 cm, \u00e9 um aut\u00eantico representante do folclore andaluz. O seu desenho meticulosamente pintado \u00e0 m\u00e3o capta a ess\u00eancia vibrante de um p\u00e1tio sevilhano t\u00edpico. Na parte superior, a ilustra\u00e7\u00e3o mostra um bailarino e uma bailarina de flamenco em plena atua\u00e7\u00e3o, rodeados por flores vermelhas exuberantes e lanternas, evocando a alegria e o dinamismo da cultura flamenca. A bailaora, vestida com um vestido de bolinhas, ilumina a cena com a sua energia, enquanto o bailaor, elegante no seu traje tradicional, acrescenta um toque de gra\u00e7a e habilidade \u00e0 composi\u00e7\u00e3o.   <\/p>\n<p>O cinzeiro destaca-se pelo seu acabamento branco brilhante, que real\u00e7a as cores vivas das ilustra\u00e7\u00f5es, e por um pormenor de mosaico no fundo que lhe confere um toque de eleg\u00e2ncia e sofistica\u00e7\u00e3o. Esta pe\u00e7a n\u00e3o s\u00f3 \u00e9 funcional, como tamb\u00e9m se torna um elemento decorativo atrativo para qualquer casa, ideal para quem quer trazer um pedacinho de Sevilha para o seu espa\u00e7o. <\/p>\n<p>Como lembran\u00e7a representativa do rico patrim\u00f3nio cultural da Andaluzia, este cinzeiro \u00e9 perfeito para os turistas que procuram uma lembran\u00e7a aut\u00eantica e significativa. Na Ol\u00e9 Mosaic, somos distribuidores de lembran\u00e7as de cer\u00e2mica aut\u00eanticas e de alta qualidade, assegurando que cada pe\u00e7a, como este cinzeiro, \u00e9 um testemunho da tradi\u00e7\u00e3o e da arte de Espanha. <\/p>\n","protected":false},"excerpt":{"rendered":"<p>Cinzeiro de cer\u00e2mica de 9 cm, decorado com cenas t\u00edpicas de p\u00e1tios andaluzes. O seu design inclui ilustra\u00e7\u00f5es de efeito pintadas \u00e0 m\u00e3o de uma bailarina e um bailarino de flamenco, rodeados de flores vermelhas e lanternas, evocando o encanto de Sevilha. A pe\u00e7a destaca-se pelo seu acabamento branco brilhante e pelo pormenor de mosaico na base, que lhe confere um toque elegante e cultural. Ideal para oferecer ou para decorar a tua casa.   <\/p>\n","protected":false},"featured_media":8412,"template":"","meta":{"_acf_changed":false},"product_brand":[],"product_cat":[564],"product_tag":[515],"class_list":{"0":"post-23886","1":"product","2":"type-product","3":"status-publish","4":"has-post-thumbnail","6":"product_cat-cinzeiros","7":"product_tag-ceramica","8":"pa_motivo-patios","10":"first","11":"instock","12":"shipping-taxable","13":"product-type-simple"},"acf":[],"_links":{"self":[{"href":"https:\/\/olemosaic.orbitalia.org\/pt-pt\/wp-json\/wp\/v2\/product\/23886","targetHints":{"allow":["GET"]}}],"collection":[{"href":"https:\/\/olemosaic.orbitalia.org\/pt-pt\/wp-json\/wp\/v2\/product"}],"about":[{"href":"https:\/\/olemosaic.orbitalia.org\/pt-pt\/wp-json\/wp\/v2\/types\/product"}],"wp:featuredmedia":[{"embeddable":true,"href":"https:\/\/olemosaic.orbitalia.org\/pt-pt\/wp-json\/wp\/v2\/media\/8412"}],"wp:attachment":[{"href":"https:\/\/olemosaic.orbitalia.org\/pt-pt\/wp-json\/wp\/v2\/media?parent=23886"}],"wp:term":[{"taxonomy":"product_brand","embeddable":true,"href":"https:\/\/olemosaic.orbitalia.org\/pt-pt\/wp-json\/wp\/v2\/product_brand?post=23886"},{"taxonomy":"product_cat","embeddable":true,"href":"https:\/\/olemosaic.orbitalia.org\/pt-pt\/wp-json\/wp\/v2\/product_cat?post=23886"},{"taxonomy":"product_tag","embeddable":true,"href":"https:\/\/olemosaic.orbitalia.org\/pt-pt\/wp-json\/wp\/v2\/product_tag?post=23886"}],"curies":[{"name":"wp","href":"https:\/\/api.w.org\/{rel}","templated":true}]}}