{"id":23869,"date":"2025-02-20T22:31:48","date_gmt":"2025-02-20T22:31:48","guid":{"rendered":"https:\/\/olemosaic.orbitalia.org\/producto\/cinzeiro-de-ceramica-8-cm-salamandra-e-flores-barcelona-branco\/"},"modified":"2025-02-20T22:31:48","modified_gmt":"2025-02-20T21:31:48","slug":"cinzeiro-de-ceramica-8-cm-salamandra-e-flores-barcelona-branco","status":"publish","type":"product","link":"https:\/\/olemosaic.orbitalia.org\/pt-pt\/produto\/cinzeiro-de-ceramica-8-cm-salamandra-e-flores-barcelona-branco\/","title":{"rendered":"Cinzeiro de cer\u00e2mica 8 cm. Salamandra e flores. Barcelona. Branco"},"content":{"rendered":"<p>Este encantador cinzeiro de cer\u00e2mica de 8 cm \u00e9 uma recorda\u00e7\u00e3o atractiva de Barcelona que capta a ess\u00eancia vibrante e art\u00edstica da cidade. Decorado com uma simp\u00e1tica salamandra em tons de verde e azul, esta pe\u00e7a apresenta-se sobre um fundo branco que real\u00e7a o seu tema contempor\u00e2neo. \u00c0 volta da salamandra, uma explos\u00e3o de flores vermelhas, amarelas e azuis d\u00e1 um toque de frescura e vibra\u00e7\u00e3o ao design, tornando-o um verdadeiro expoente do colorido estilo catal\u00e3o.  <\/p>\n<p>O design deste cinzeiro evoca as obras do famoso arquiteto Antoni Gaud\u00ed, reconhec\u00edvel pelo seu uso de mosaicos e formas org\u00e2nicas. Esta preciosa lembran\u00e7a n\u00e3o \u00e9 apenas funcional, mas tamb\u00e9m representa um peda\u00e7o da rica cultura e folclore de Barcelona, tornando-a uma excelente escolha para aqueles que procuram recordar a sua visita \u00e0 cidade ou decorar os seus espa\u00e7os com um toque de arte. Na Ol\u00e9 Mosaic somos especialistas na distribui\u00e7\u00e3o de lembran\u00e7as por grosso, oferecendo produtos que reflectem a autenticidade e a criatividade das tradi\u00e7\u00f5es mais enraizadas. Este cinzeiro \u00e9 um artigo ideal para as lojas de presentes tur\u00edsticos que desejam oferecer aos seus clientes lembran\u00e7as \u00fanicas e representativas de Barcelona, perfeitas para recordar uma experi\u00eancia inesquec\u00edvel.   <\/p>\n","protected":false},"excerpt":{"rendered":"<p>Cinzeiro de cer\u00e2mica de 8 cm, decorado com uma simp\u00e1tica salamandra e flores coloridas, inspirado no estilo de Barcelona. Esta pe\u00e7a elegante apresenta um design vibrante e contempor\u00e2neo, com um fundo branco que destaca a salamandra em tons de verde e azul, rodeada por flores vermelhas, amarelas e azuis. Perfeito para dar um toque de arte e cultura catal\u00e3 a qualquer espa\u00e7o, ideal como lembran\u00e7a ou pe\u00e7a decorativa.  <\/p>\n","protected":false},"featured_media":8877,"template":"","meta":{"_acf_changed":false},"product_brand":[],"product_cat":[564],"product_tag":[516,515],"class_list":{"0":"post-23869","1":"product","2":"type-product","3":"status-publish","4":"has-post-thumbnail","6":"product_cat-cinzeiros","7":"product_tag-animais","8":"product_tag-ceramica","9":"pa_ciudad-barcelona","10":"pa_motivo-salamandras","11":"pa_pais-espana","13":"first","14":"instock","15":"shipping-taxable","16":"product-type-simple"},"acf":[],"_links":{"self":[{"href":"https:\/\/olemosaic.orbitalia.org\/pt-pt\/wp-json\/wp\/v2\/product\/23869","targetHints":{"allow":["GET"]}}],"collection":[{"href":"https:\/\/olemosaic.orbitalia.org\/pt-pt\/wp-json\/wp\/v2\/product"}],"about":[{"href":"https:\/\/olemosaic.orbitalia.org\/pt-pt\/wp-json\/wp\/v2\/types\/product"}],"wp:featuredmedia":[{"embeddable":true,"href":"https:\/\/olemosaic.orbitalia.org\/pt-pt\/wp-json\/wp\/v2\/media\/8877"}],"wp:attachment":[{"href":"https:\/\/olemosaic.orbitalia.org\/pt-pt\/wp-json\/wp\/v2\/media?parent=23869"}],"wp:term":[{"taxonomy":"product_brand","embeddable":true,"href":"https:\/\/olemosaic.orbitalia.org\/pt-pt\/wp-json\/wp\/v2\/product_brand?post=23869"},{"taxonomy":"product_cat","embeddable":true,"href":"https:\/\/olemosaic.orbitalia.org\/pt-pt\/wp-json\/wp\/v2\/product_cat?post=23869"},{"taxonomy":"product_tag","embeddable":true,"href":"https:\/\/olemosaic.orbitalia.org\/pt-pt\/wp-json\/wp\/v2\/product_tag?post=23869"}],"curies":[{"name":"wp","href":"https:\/\/api.w.org\/{rel}","templated":true}]}}