{"id":23863,"date":"2025-02-20T23:31:48","date_gmt":"2025-02-20T22:31:48","guid":{"rendered":"https:\/\/olemosaic.orbitalia.org\/producto\/cavalo-figura-em-mosaico-de-85-cm\/"},"modified":"2025-11-21T13:15:34","modified_gmt":"2025-11-21T12:15:34","slug":"cavalo-figura-em-mosaico-de-85-cm","status":"publish","type":"product","link":"https:\/\/olemosaic.orbitalia.org\/pt-pt\/produto\/cavalo-figura-em-mosaico-de-85-cm\/","title":{"rendered":"Cavalo. Figura em mosaico de 8,5 cm."},"content":{"rendered":"<p>Este encantador cavalo de resina \u00e9 uma bela lembran\u00e7a pintada \u00e0 m\u00e3o que capta a ess\u00eancia da arte e da cultura espanholas. Com 8,5 cm de altura, esta figura destaca-se pelo seu esquema de cores vibrantes, que inclui tons vivos de azul, rosa, amarelo e verde. Cada detalhe da figura foi meticulosamente trabalhado, reflectindo a energia e a beleza do cavalo, um s\u00edmbolo de for\u00e7a, liberdade e tradi\u00e7\u00e3o em Espanha. O seu desenho em mosaico n\u00e3o s\u00f3 real\u00e7a a habilidade art\u00edstica dos artes\u00e3os locais, como tamb\u00e9m evoca a rica heran\u00e7a cultural de regi\u00f5es como a Andaluzia, onde os cavalos t\u00eam desempenhado um papel fundamental na hist\u00f3ria e no folclore.   <\/p>\n<p>Esta figura \u00e9 ideal tanto para coleccionadores como para quem procura uma pe\u00e7a decorativa \u00fanica que convida \u00e0 admira\u00e7\u00e3o e \u00e0 conversa. Tamb\u00e9m \u00e9 um excelente presente para os visitantes de Espanha que queiram levar para casa um pouco da sua vibrante cultura. Na Ol\u00e9 MOSAIC, como distribuidor grossista de lembran\u00e7as, oferecemos-te este cavalo de resina como aut\u00eantico representante da tradi\u00e7\u00e3o art\u00edstica espanhola. Perfeito para as lojas de lembran\u00e7as tur\u00edsticas, este cavalo \u00e9 uma lembran\u00e7a inesquec\u00edvel que far\u00e1 as del\u00edcias de quem procura um toque de autenticidade nas suas compras.   <\/p>\n","protected":false},"excerpt":{"rendered":"<p>Figura de um cavalo de 8,5 cm, desenho artesanal, pintado \u00e0 m\u00e3o, com uma combina\u00e7\u00e3o de cores vibrantes. Esta encantadora lembran\u00e7a representa a tradi\u00e7\u00e3o art\u00edstica espanhola, com um desenho em mosaico que combina tons de azul, rosa, amarelo e verde. Cada detalhe \u00e9 meticulosamente trabalhado, mostrando a beleza e a energia do cavalo, um s\u00edmbolo de for\u00e7a e liberdade na cultura espanhola. Ideal para coleccionadores ou como decora\u00e7\u00e3o \u00fanica.   <\/p>\n","protected":false},"featured_media":11058,"template":"","meta":{"_acf_changed":false},"product_brand":[],"product_cat":[552],"product_tag":[516],"class_list":{"0":"post-23863","1":"product","2":"type-product","3":"status-publish","4":"has-post-thumbnail","6":"product_cat-numeros","7":"product_tag-animais","8":"pa_motivo-cavalos","10":"first","11":"instock","12":"shipping-taxable","13":"product-type-simple"},"acf":[],"_links":{"self":[{"href":"https:\/\/olemosaic.orbitalia.org\/pt-pt\/wp-json\/wp\/v2\/product\/23863","targetHints":{"allow":["GET"]}}],"collection":[{"href":"https:\/\/olemosaic.orbitalia.org\/pt-pt\/wp-json\/wp\/v2\/product"}],"about":[{"href":"https:\/\/olemosaic.orbitalia.org\/pt-pt\/wp-json\/wp\/v2\/types\/product"}],"wp:featuredmedia":[{"embeddable":true,"href":"https:\/\/olemosaic.orbitalia.org\/pt-pt\/wp-json\/wp\/v2\/media\/11058"}],"wp:attachment":[{"href":"https:\/\/olemosaic.orbitalia.org\/pt-pt\/wp-json\/wp\/v2\/media?parent=23863"}],"wp:term":[{"taxonomy":"product_brand","embeddable":true,"href":"https:\/\/olemosaic.orbitalia.org\/pt-pt\/wp-json\/wp\/v2\/product_brand?post=23863"},{"taxonomy":"product_cat","embeddable":true,"href":"https:\/\/olemosaic.orbitalia.org\/pt-pt\/wp-json\/wp\/v2\/product_cat?post=23863"},{"taxonomy":"product_tag","embeddable":true,"href":"https:\/\/olemosaic.orbitalia.org\/pt-pt\/wp-json\/wp\/v2\/product_tag?post=23863"}],"curies":[{"name":"wp","href":"https:\/\/api.w.org\/{rel}","templated":true}]}}