{"id":23849,"date":"2025-02-20T23:31:48","date_gmt":"2025-02-20T22:31:48","guid":{"rendered":"https:\/\/olemosaic.orbitalia.org\/producto\/coruja-figura-em-mosaico-de-7-cm\/"},"modified":"2025-02-20T23:31:48","modified_gmt":"2025-02-20T22:31:48","slug":"coruja-figura-em-mosaico-de-7-cm","status":"publish","type":"product","link":"https:\/\/olemosaic.orbitalia.org\/pt-pt\/produto\/coruja-figura-em-mosaico-de-7-cm\/","title":{"rendered":"Coruja. Figura em mosaico de 7 cm."},"content":{"rendered":"<p>Esta encantadora coruja de resina pintada \u00e0 m\u00e3o \u00e9 um aut\u00eantico s\u00edmbolo do folclore espanhol, ideal para decorar qualquer espa\u00e7o ou como lembran\u00e7a representativa. Com 7 cm de altura, esta figura destaca-se pelo seu design vibrante, que combina uma rica paleta de cores, como o amarelo, o verde, o azul e o castanho, num fascinante mosaico que adorna a sua plumagem. Os olhos grandes, expressivos e curiosos da coruja conferem-lhe uma singularidade que capta a aten\u00e7\u00e3o e confere car\u00e1cter \u00e0 pe\u00e7a. Esta figura n\u00e3o \u00e9 apenas um objeto decorativo, \u00e9 um reflexo do trabalho artesanal que caracteriza a tradi\u00e7\u00e3o espanhola. A t\u00e9cnica de pintura \u00e0 m\u00e3o real\u00e7a o compromisso com a qualidade e a autenticidade, tornando-o um presente perfeito para os turistas que procuram levar um pedacinho de Espanha para casa. Na Ol\u00e9 MOSAIC somos distribuidores grossistas de lembran\u00e7as de resina, e esta coruja \u00e9 uma excelente op\u00e7\u00e3o para as lojas de lembran\u00e7as tur\u00edsticas que queiram oferecer produtos com relev\u00e2ncia cultural. O seu estilo art\u00edstico e a sua liga\u00e7\u00e3o ao folclore fazem dela uma lembran\u00e7a inesquec\u00edvel do rico patrim\u00f3nio espanhol.      <\/p>\n","protected":false},"excerpt":{"rendered":"<p>Estatueta de coruja feita \u00e0 m\u00e3o, pintada \u00e0 m\u00e3o, com 7 cm de altura. Esta encantadora coruja apresenta um design colorido com um mosaico vibrante que combina tons de amarelo, verde, azul e castanho na sua plumagem. Perfeita como decora\u00e7\u00e3o ou lembran\u00e7a, a pe\u00e7a reflecte o artesanato tradicional e capta a ess\u00eancia do folclore espanhol. Os olhos grandes da coruja d\u00e3o um toque de curiosidade e car\u00e1cter a esta pe\u00e7a \u00fanica.   <\/p>\n","protected":false},"featured_media":6433,"template":"","meta":{"_acf_changed":false},"product_brand":[],"product_cat":[552],"product_tag":[516],"class_list":{"0":"post-23849","1":"product","2":"type-product","3":"status-publish","4":"has-post-thumbnail","6":"product_cat-numeros","7":"product_tag-animais","8":"pa_motivo-corujas","10":"first","11":"instock","12":"shipping-taxable","13":"product-type-simple"},"acf":[],"_links":{"self":[{"href":"https:\/\/olemosaic.orbitalia.org\/pt-pt\/wp-json\/wp\/v2\/product\/23849","targetHints":{"allow":["GET"]}}],"collection":[{"href":"https:\/\/olemosaic.orbitalia.org\/pt-pt\/wp-json\/wp\/v2\/product"}],"about":[{"href":"https:\/\/olemosaic.orbitalia.org\/pt-pt\/wp-json\/wp\/v2\/types\/product"}],"wp:featuredmedia":[{"embeddable":true,"href":"https:\/\/olemosaic.orbitalia.org\/pt-pt\/wp-json\/wp\/v2\/media\/6433"}],"wp:attachment":[{"href":"https:\/\/olemosaic.orbitalia.org\/pt-pt\/wp-json\/wp\/v2\/media?parent=23849"}],"wp:term":[{"taxonomy":"product_brand","embeddable":true,"href":"https:\/\/olemosaic.orbitalia.org\/pt-pt\/wp-json\/wp\/v2\/product_brand?post=23849"},{"taxonomy":"product_cat","embeddable":true,"href":"https:\/\/olemosaic.orbitalia.org\/pt-pt\/wp-json\/wp\/v2\/product_cat?post=23849"},{"taxonomy":"product_tag","embeddable":true,"href":"https:\/\/olemosaic.orbitalia.org\/pt-pt\/wp-json\/wp\/v2\/product_tag?post=23849"}],"curies":[{"name":"wp","href":"https:\/\/api.w.org\/{rel}","templated":true}]}}