{"id":23844,"date":"2025-02-20T23:31:48","date_gmt":"2025-02-20T22:31:48","guid":{"rendered":"https:\/\/olemosaic.orbitalia.org\/producto\/coruja-figura-em-mosaico-de-55-cm\/"},"modified":"2025-02-20T23:31:48","modified_gmt":"2025-02-20T22:31:48","slug":"coruja-figura-em-mosaico-de-55-cm","status":"publish","type":"product","link":"https:\/\/olemosaic.orbitalia.org\/pt-pt\/produto\/coruja-figura-em-mosaico-de-55-cm\/","title":{"rendered":"Coruja. Figura em mosaico de 5,5 cm."},"content":{"rendered":"<p>Uma verdadeira lembran\u00e7a de Espanha, esta encantadora coruja de resina capta a ess\u00eancia da sua cultura vibrante. Medindo 5,5 cm, esta figura de efeito pintado \u00e0 m\u00e3o apresenta um design colorido num espl\u00eandido mosaico de tons de laranja, azul, amarelo e verde. Cada detalhe foi meticulosamente cuidado para real\u00e7ar a sua singularidade, tornando-a uma pe\u00e7a decorativa ideal para casa e para o escrit\u00f3rio. O seu acabamento vibrante n\u00e3o s\u00f3 atrai a aten\u00e7\u00e3o, como tamb\u00e9m d\u00e1 um toque art\u00edstico e alegre a qualquer espa\u00e7o onde seja exposto.   <\/p>\n<p>Esta coruja evoca a rica tradi\u00e7\u00e3o do artesanato espanhol, simbolizando a sabedoria e o mist\u00e9rio. O seu design, que lembra a exuber\u00e2ncia do folclore espanhol, torna-a um presente perfeito para os amantes da vida selvagem e da cultura. \u00c9 uma excelente op\u00e7\u00e3o para as lojas de presentes tur\u00edsticos que procuram incorporar lembran\u00e7as aut\u00eanticas e representativas da regi\u00e3o. Na Ol\u00e9 MOSAIC, como grossista de artesanato, oferecemos lembran\u00e7as de qualidade, e esta estatueta de coruja \u00e9 um exemplo perfeito de como cada pe\u00e7a pode contar uma hist\u00f3ria, sendo n\u00e3o s\u00f3 um objeto decorativo, mas tamb\u00e9m uma lembran\u00e7a cheia de significado cultural.   <\/p>\n","protected":false},"excerpt":{"rendered":"<p>Estatueta de coruja de 5,5 cm, realizada com uma t\u00e9cnica de pintura manual que real\u00e7a a sua singularidade. Esta encantadora coruja apresenta um desenho colorido em mosaico em tons de laranja, azul, amarelo e verde, evocando a beleza da cultura espanhola. Ideal como pe\u00e7a decorativa ou lembran\u00e7a, o seu acabamento vibrante atrai a aten\u00e7\u00e3o e d\u00e1 um toque art\u00edstico a qualquer espa\u00e7o. Um presente perfeito para os amantes do artesanato e da vida selvagem.   <\/p>\n","protected":false},"featured_media":6434,"template":"","meta":{"_acf_changed":false},"product_brand":[],"product_cat":[552],"product_tag":[516],"class_list":{"0":"post-23844","1":"product","2":"type-product","3":"status-publish","4":"has-post-thumbnail","6":"product_cat-numeros","7":"product_tag-animais","8":"pa_motivo-corujas","10":"first","11":"instock","12":"shipping-taxable","13":"product-type-simple"},"acf":[],"_links":{"self":[{"href":"https:\/\/olemosaic.orbitalia.org\/pt-pt\/wp-json\/wp\/v2\/product\/23844","targetHints":{"allow":["GET"]}}],"collection":[{"href":"https:\/\/olemosaic.orbitalia.org\/pt-pt\/wp-json\/wp\/v2\/product"}],"about":[{"href":"https:\/\/olemosaic.orbitalia.org\/pt-pt\/wp-json\/wp\/v2\/types\/product"}],"wp:featuredmedia":[{"embeddable":true,"href":"https:\/\/olemosaic.orbitalia.org\/pt-pt\/wp-json\/wp\/v2\/media\/6434"}],"wp:attachment":[{"href":"https:\/\/olemosaic.orbitalia.org\/pt-pt\/wp-json\/wp\/v2\/media?parent=23844"}],"wp:term":[{"taxonomy":"product_brand","embeddable":true,"href":"https:\/\/olemosaic.orbitalia.org\/pt-pt\/wp-json\/wp\/v2\/product_brand?post=23844"},{"taxonomy":"product_cat","embeddable":true,"href":"https:\/\/olemosaic.orbitalia.org\/pt-pt\/wp-json\/wp\/v2\/product_cat?post=23844"},{"taxonomy":"product_tag","embeddable":true,"href":"https:\/\/olemosaic.orbitalia.org\/pt-pt\/wp-json\/wp\/v2\/product_tag?post=23844"}],"curies":[{"name":"wp","href":"https:\/\/api.w.org\/{rel}","templated":true}]}}