{"id":23836,"date":"2025-02-20T23:31:47","date_gmt":"2025-02-20T22:31:47","guid":{"rendered":"https:\/\/olemosaic.orbitalia.org\/producto\/taca-de-coco-azul-golfinho-gran-canaria-coracoes-padroeiros\/"},"modified":"2025-11-21T13:15:04","modified_gmt":"2025-11-21T12:15:04","slug":"taca-de-coco-azul-golfinho-gran-canaria-coracoes-padroeiros","status":"publish","type":"product","link":"https:\/\/olemosaic.orbitalia.org\/pt-pt\/produto\/taca-de-coco-azul-golfinho-gran-canaria-coracoes-padroeiros\/","title":{"rendered":"Ta\u00e7a de coco azul. Golfinho.  Gran Canaria. Cora\u00e7\u00f5es padroeiros."},"content":{"rendered":"<p>Esta encantadora ta\u00e7a de coco azul, decorada com dois golfinhos a saltar, \u00e9 uma recorda\u00e7\u00e3o aut\u00eantica da Gran Canaria, ideal para preservar a ess\u00eancia desta maravilhosa ilha. Cada ta\u00e7a \u00e9 meticulosamente trabalhada e apresenta um acabamento azul brilhante que capta a luz e real\u00e7a os detalhes art\u00edsticos. As formas de cora\u00e7\u00e3o em torno da parte superior da ta\u00e7a d\u00e3o um toque rom\u00e2ntico e vibrante, criando um contraste atraente com o fundo escuro, dando-lhe profundidade e eleg\u00e2ncia.  <\/p>\n<p>No centro desta pe\u00e7a \u00fanica, a inscri\u00e7\u00e3o &#8220;Gran Canaria&#8221; identifica a sua origem e simboliza a liga\u00e7\u00e3o \u00e0 rica biodiversidade marinha da regi\u00e3o. Os golfinhos, conhecidos pela sua intelig\u00eancia e graciosidade, s\u00e3o um s\u00edmbolo da vida marinha que caracteriza as \u00e1guas cristalinas da ilha. Esta ta\u00e7a serve n\u00e3o s\u00f3 como elemento decorativo, mas tamb\u00e9m como uma recorda\u00e7\u00e3o tang\u00edvel das experi\u00eancias vividas na Gran Canaria, tornando-a num presente memor\u00e1vel.  <\/p>\n<p>Na Ol\u00e9 MOSAIC somos especialistas na distribui\u00e7\u00e3o de lembran\u00e7as por grosso que reflectem a cultura e as tradi\u00e7\u00f5es locais, e esta ta\u00e7a de coco azul \u00e9 perfeita para as lojas de lembran\u00e7as tur\u00edsticas que procuram oferecer produtos aut\u00eanticos e representativos. Com o seu design encantador e a sua liga\u00e7\u00e3o cultural, \u00e9 uma excelente escolha para aqueles que desejam levar um pequeno peda\u00e7o da Gran Canaria para casa. <\/p>\n","protected":false},"excerpt":{"rendered":"<p>Ta\u00e7a de coco azul decorada com dois golfinhos a saltar, ideal como lembran\u00e7a da Gran Canaria. Esta bonita ta\u00e7a feita \u00e0 m\u00e3o apresenta um acabamento azul brilhante rodeado por formas de cora\u00e7\u00e3o, criando um contraste atrativo com o fundo escuro. No centro, destaca-se a inscri\u00e7\u00e3o &#8220;Gran Canaria&#8221;, tornando-a uma lembran\u00e7a perfeita que capta a ess\u00eancia das maravilhas marinhas da ilha.  <\/p>\n","protected":false},"featured_media":10259,"template":"","meta":{"_acf_changed":false},"product_brand":[],"product_cat":[513],"product_tag":[516],"class_list":{"0":"post-23836","1":"product","2":"type-product","3":"status-publish","4":"has-post-thumbnail","6":"product_cat-bols","7":"product_tag-animais","8":"pa_ciudad-gran-canaria","9":"pa_motivo-golfinhos","10":"pa_pais-espana","12":"first","13":"instock","14":"shipping-taxable","15":"product-type-simple"},"acf":[],"_links":{"self":[{"href":"https:\/\/olemosaic.orbitalia.org\/pt-pt\/wp-json\/wp\/v2\/product\/23836","targetHints":{"allow":["GET"]}}],"collection":[{"href":"https:\/\/olemosaic.orbitalia.org\/pt-pt\/wp-json\/wp\/v2\/product"}],"about":[{"href":"https:\/\/olemosaic.orbitalia.org\/pt-pt\/wp-json\/wp\/v2\/types\/product"}],"wp:featuredmedia":[{"embeddable":true,"href":"https:\/\/olemosaic.orbitalia.org\/pt-pt\/wp-json\/wp\/v2\/media\/10259"}],"wp:attachment":[{"href":"https:\/\/olemosaic.orbitalia.org\/pt-pt\/wp-json\/wp\/v2\/media?parent=23836"}],"wp:term":[{"taxonomy":"product_brand","embeddable":true,"href":"https:\/\/olemosaic.orbitalia.org\/pt-pt\/wp-json\/wp\/v2\/product_brand?post=23836"},{"taxonomy":"product_cat","embeddable":true,"href":"https:\/\/olemosaic.orbitalia.org\/pt-pt\/wp-json\/wp\/v2\/product_cat?post=23836"},{"taxonomy":"product_tag","embeddable":true,"href":"https:\/\/olemosaic.orbitalia.org\/pt-pt\/wp-json\/wp\/v2\/product_tag?post=23836"}],"curies":[{"name":"wp","href":"https:\/\/api.w.org\/{rel}","templated":true}]}}