{"id":37051,"date":"2025-02-20T22:34:36","date_gmt":"2025-02-20T22:34:36","guid":{"rendered":"https:\/\/olemosaic.orbitalia.org\/producto\/vaso-de-ceramica-salamandra-y-flores-barcelona-blanco\/"},"modified":"2025-07-25T20:23:00","modified_gmt":"2025-07-25T18:23:00","slug":"gobelet-ceramique-salamandre-fleurs-barcelone-blanc","status":"publish","type":"product","link":"https:\/\/olemosaic.orbitalia.org\/fr\/produit\/gobelet-ceramique-salamandre-fleurs-barcelone-blanc\/","title":{"rendered":"Gobelet en c\u00e9ramique. Salamandre et fleurs. Barcelone. Blanc."},"content":{"rendered":"<p>Ce gobelet en c\u00e9ramique, au design color\u00e9 de salamandre et de fleurs, est une excellente repr\u00e9sentation de l&rsquo;essence vibrante de Barcelone. Avec une finition blanche compl\u00e9t\u00e9e par une mosa\u00efque amusante, le gobelet se distingue par son illustration d&rsquo;une salamandre aux couleurs vives, un hommage \u00e0 la c\u00e9l\u00e8bre \u0153uvre de Gaud\u00ed qui orne la ville, rappelant le c\u00e9l\u00e8bre parc G\u00fcell. Le d\u00e9tail de la salamandre, qui symbolise la cr\u00e9ativit\u00e9 et la faune locale, se d\u00e9ploie avec de fines touches de bleu, de rouge et de jaune, entour\u00e9e d&rsquo;un jardin de fleurs en mosa\u00efque qui ajoute une touche joyeuse et color\u00e9e.<\/p>\n<p>La partie sup\u00e9rieure du gobelet est surmont\u00e9e d&rsquo;un couvercle bleu, qui apporte non seulement de la fonctionnalit\u00e9, mais souligne \u00e9galement son design contemporain. Ce gobelet n&rsquo;est pas seulement un objet pour savourer des boissons ; c&rsquo;est un authentique souvenir de Barcelone qui encapsule le m\u00e9lange d&rsquo;art et de nature caract\u00e9risant la ville. Parfait pour les touristes \u00e0 la recherche de souvenirs authentiques et repr\u00e9sentatifs, ce gobelet est id\u00e9al pour toute boutique de cadeaux touristiques souhaitant proposer des produits v\u00e9ritablement embl\u00e9matiques. Chez Ol\u00e9 Mosaic, en tant que distributeurs de souvenirs en c\u00e9ramique en gros, nous garantissons que chaque pi\u00e8ce est le reflet du patrimoine culturel espagnol, faisant de ce gobelet un choix in\u00e9gal\u00e9 pour ceux qui veulent ramener un petit morceau de Barcelone chez eux.<\/p>\n","protected":false},"excerpt":{"rendered":"<p>Gobelet en c\u00e9ramique avec un design color\u00e9 de salamandre et de fleurs, inspir\u00e9 par l&rsquo;essence de Barcelone. Ce gobelet, \u00e0 la finition blanche, pr\u00e9sente une mosa\u00efque amusante incluant une salamandre aux couleurs vives, repr\u00e9sentant la c\u00e9l\u00e8bre \u0153uvre de Gaud\u00ed, accompagn\u00e9e de diverses fleurs. La partie sup\u00e9rieure est surmont\u00e9e d&rsquo;un couvercle bleu, ajoutant fonctionnalit\u00e9 et style. Id\u00e9al pour savourer vos boissons avec une touche artistique.<\/p>\n","protected":false},"featured_media":8066,"template":"","meta":{"_acf_changed":false},"product_brand":[],"product_cat":[819],"product_tag":[530,585],"class_list":{"0":"post-37051","1":"product","2":"type-product","3":"status-publish","4":"has-post-thumbnail","6":"product_cat-verres","7":"product_tag-animaux","8":"product_tag-ceramique","9":"pa_ciudad-barcelona","10":"pa_motivo-salamandres","11":"pa_pais-espana","13":"first","14":"instock","15":"shipping-taxable","16":"product-type-simple"},"acf":[],"_links":{"self":[{"href":"https:\/\/olemosaic.orbitalia.org\/fr\/wp-json\/wp\/v2\/product\/37051","targetHints":{"allow":["GET"]}}],"collection":[{"href":"https:\/\/olemosaic.orbitalia.org\/fr\/wp-json\/wp\/v2\/product"}],"about":[{"href":"https:\/\/olemosaic.orbitalia.org\/fr\/wp-json\/wp\/v2\/types\/product"}],"wp:featuredmedia":[{"embeddable":true,"href":"https:\/\/olemosaic.orbitalia.org\/fr\/wp-json\/wp\/v2\/media\/8066"}],"wp:attachment":[{"href":"https:\/\/olemosaic.orbitalia.org\/fr\/wp-json\/wp\/v2\/media?parent=37051"}],"wp:term":[{"taxonomy":"product_brand","embeddable":true,"href":"https:\/\/olemosaic.orbitalia.org\/fr\/wp-json\/wp\/v2\/product_brand?post=37051"},{"taxonomy":"product_cat","embeddable":true,"href":"https:\/\/olemosaic.orbitalia.org\/fr\/wp-json\/wp\/v2\/product_cat?post=37051"},{"taxonomy":"product_tag","embeddable":true,"href":"https:\/\/olemosaic.orbitalia.org\/fr\/wp-json\/wp\/v2\/product_tag?post=37051"}],"curies":[{"name":"wp","href":"https:\/\/api.w.org\/{rel}","templated":true}]}}