{"id":36946,"date":"2025-02-20T22:27:48","date_gmt":"2025-02-20T22:27:48","guid":{"rendered":"https:\/\/olemosaic.orbitalia.org\/producto\/taza-de-ceramica-camino-de-santiago-beige\/"},"modified":"2025-07-25T18:43:24","modified_gmt":"2025-07-25T16:43:24","slug":"mug-ceramique-chemin-de-compostelle-beige-fr","status":"publish","type":"product","link":"https:\/\/olemosaic.orbitalia.org\/fr\/produit\/mug-ceramique-chemin-de-compostelle-beige-fr\/","title":{"rendered":"Mug en c\u00e9ramique. Chemin de Compostelle. Beige."},"content":{"rendered":"<p>D\u00e9couvrez notre charmante tasse en c\u00e9ramique d\u00e9cor\u00e9e de motifs du Chemin de Compostelle ! Un souvenir id\u00e9al pour les amateurs de culture et de tourisme. Cette tasse, avec une \u00e9l\u00e9gante finition beige, pr\u00e9sente des illustrations vibrantes capturant l&rsquo;essence du c\u00e9l\u00e8bre itin\u00e9raire de p\u00e8lerinage. D&rsquo;un c\u00f4t\u00e9, un p\u00e8lerin v\u00eatu d&rsquo;une tenue color\u00e9e marche avec son b\u00e2ton, symbolisant l&rsquo;esprit voyageur de ceux qui parcourent ce chemin historique. Au verso, l&rsquo;impressionnante cath\u00e9drale de Saint-Jacques-de-Compostelle se dresse majestueusement, soulignant son architecture embl\u00e9matique avec des d\u00e9tails et des textures vives qui \u00e9voquent sa grandeur. En compl\u00e9ment du design, le texte rouge indiquant \u00ab CAMINO DE SANTIAGO \u00bb ajoute une touche distinctive et reconnaissable.<\/p>\n<p>L&rsquo;int\u00e9rieur de la tasse est disponible en plusieurs tons, tandis que l&rsquo;anse, accentu\u00e9e par une couleur vive, offre un contraste attrayant et une touche originale. Cette tasse vous permet non seulement de savourer votre boisson pr\u00e9f\u00e9r\u00e9e, mais offre \u00e9galement l&rsquo;occasion de vous souvenir de vos voyages le long du Chemin de Compostelle. C&rsquo;est le souvenir parfait qui allie fonctionnalit\u00e9 et beaut\u00e9, id\u00e9al pour les boutiques de cadeaux touristiques cherchant \u00e0 proposer des produits authentiques pleins de sens culturel.<\/p>\n<p>Chez Ol\u00e9 Mosaic, nous sommes sp\u00e9cialis\u00e9s dans la distribution de souvenirs en gros, garantissant l&rsquo;authenticit\u00e9 et la qualit\u00e9 de chaque pi\u00e8ce. Notre tasse du Chemin de Compostelle est un excellent choix pour ceux qui cherchent \u00e0 capturer l&rsquo;essence de cet itin\u00e9raire embl\u00e9matique dans un souvenir qui durera dans le temps.<\/p>\n","protected":false},"excerpt":{"rendered":"<p>Tasse en c\u00e9ramique d\u00e9cor\u00e9e de motifs du Chemin de Compostelle, id\u00e9ale pour les amateurs de culture et de tourisme. Le design pr\u00e9sente des illustrations vibrantes d&rsquo;un p\u00e8lerin et de la c\u00e9l\u00e8bre cath\u00e9drale de Saint-Jacques, compl\u00e9t\u00e9es par le texte rouge \u00ab CAMINO DE SANTIAGO \u00bb. Son int\u00e9rieur aux tons vari\u00e9s et l&rsquo;anse, accentu\u00e9e par une couleur distinctive, lui donnent une touche originale et attrayante. Parfaite pour savourer votre boisson pr\u00e9f\u00e9r\u00e9e tout en vous souvenant de votre voyage.<\/p>\n","protected":false},"featured_media":6943,"template":"","meta":{"_acf_changed":false},"product_brand":[],"product_cat":[822],"product_tag":[585],"class_list":{"0":"post-36946","1":"product","2":"type-product","3":"status-publish","4":"has-post-thumbnail","6":"product_cat-mugs-fr","7":"product_tag-ceramique","8":"pa_motivo-chemin-saint-jacques","10":"first","11":"instock","12":"shipping-taxable","13":"product-type-simple"},"acf":[],"_links":{"self":[{"href":"https:\/\/olemosaic.orbitalia.org\/fr\/wp-json\/wp\/v2\/product\/36946","targetHints":{"allow":["GET"]}}],"collection":[{"href":"https:\/\/olemosaic.orbitalia.org\/fr\/wp-json\/wp\/v2\/product"}],"about":[{"href":"https:\/\/olemosaic.orbitalia.org\/fr\/wp-json\/wp\/v2\/types\/product"}],"wp:featuredmedia":[{"embeddable":true,"href":"https:\/\/olemosaic.orbitalia.org\/fr\/wp-json\/wp\/v2\/media\/6943"}],"wp:attachment":[{"href":"https:\/\/olemosaic.orbitalia.org\/fr\/wp-json\/wp\/v2\/media?parent=36946"}],"wp:term":[{"taxonomy":"product_brand","embeddable":true,"href":"https:\/\/olemosaic.orbitalia.org\/fr\/wp-json\/wp\/v2\/product_brand?post=36946"},{"taxonomy":"product_cat","embeddable":true,"href":"https:\/\/olemosaic.orbitalia.org\/fr\/wp-json\/wp\/v2\/product_cat?post=36946"},{"taxonomy":"product_tag","embeddable":true,"href":"https:\/\/olemosaic.orbitalia.org\/fr\/wp-json\/wp\/v2\/product_tag?post=36946"}],"curies":[{"name":"wp","href":"https:\/\/api.w.org\/{rel}","templated":true}]}}