{"id":36943,"date":"2025-02-20T23:27:47","date_gmt":"2025-02-20T22:27:47","guid":{"rendered":"https:\/\/olemosaic.orbitalia.org\/producto\/huevera-de-ceramica-patio-blanco\/"},"modified":"2025-07-25T18:36:50","modified_gmt":"2025-07-25T16:36:50","slug":"coquetier-ceramique-patio-blanc-fr","status":"publish","type":"product","link":"https:\/\/olemosaic.orbitalia.org\/fr\/produit\/coquetier-ceramique-patio-blanc-fr\/","title":{"rendered":"Coquetier en c\u00e9ramique. Patio. Blanc"},"content":{"rendered":"<p>D\u00e9couvrez ce charmant coquetier en c\u00e9ramique d\u00e9cor\u00e9, inspir\u00e9 par les vibrants patios andalous ! Cet article unique, avec une \u00e9l\u00e9gante finition blanche, capture l&rsquo;essence festive de l&rsquo;Andalousie \u00e0 travers ses illustrations color\u00e9es \u00e0 l&rsquo;effet peint \u00e0 la main. Sur sa surface, un couple de flamants roses prend vie : elle, v\u00eatue d&rsquo;une robe rouge \u00e0 pois, exprime la joie de la danse, tandis que lui, v\u00eatu d&rsquo;une chemise rouge, montre son habilet\u00e9 et sa passion pour le folklore. Les ornements floraux dans les tons rouges et verts entourant la pi\u00e8ce \u00e9voquent la richesse de la flore du sud de l&rsquo;Espagne, ajoutant une touche fra\u00eeche et joyeuse.<\/p>\n<p>Parfait pour n&rsquo;importe quelle maison, ce coquetier est non seulement fonctionnel mais aussi une \u0153uvre d&rsquo;art c\u00e9l\u00e9brant la culture andalouse. Son design artistique en fait un souvenir id\u00e9al pour les touristes cherchant \u00e0 ramener chez eux un morceau de la tradition espagnole. Chez Ol\u00e9 Mosaic, nous sommes sp\u00e9cialis\u00e9s dans la distribution en gros de souvenirs authentiques et de qualit\u00e9, et ce coquetier est un excellent exemple de la fa\u00e7on dont l&rsquo;artisanat fusionne avec la culture. Id\u00e9al pour les boutiques de cadeaux touristiques souhaitant proposer des produits repr\u00e9sentatifs de l&rsquo;Andalousie, cet article est un choix exceptionnel pour ceux qui appr\u00e9cient l&rsquo;authenticit\u00e9 de leurs souvenirs.<\/p>\n","protected":false},"excerpt":{"rendered":"<p>Coquetier en c\u00e9ramique d\u00e9cor\u00e9, inspir\u00e9 par un vibrant patio andalou. Ce produit, avec une finition blanche, pr\u00e9sente des illustrations \u00e0 l&rsquo;effet peint \u00e0 la main d&rsquo;un couple de flamants roses : la femelle en robe rouge \u00e0 pois et le m\u00e2le en chemise rouge. Orn\u00e9 de motifs floraux dans les tons rouges et verts, le coquetier \u00e9voque l&rsquo;esprit festif de l&rsquo;Andalousie, devenant une pi\u00e8ce fonctionnelle et artistique pour toute maison.<\/p>\n","protected":false},"featured_media":8426,"template":"","meta":{"_acf_changed":false},"product_brand":[],"product_cat":[681],"product_tag":[585],"class_list":{"0":"post-36943","1":"product","2":"type-product","3":"status-publish","4":"has-post-thumbnail","6":"product_cat-coquetiers","7":"product_tag-ceramique","8":"pa_motivo-cours-interieures","10":"first","11":"instock","12":"shipping-taxable","13":"product-type-simple"},"acf":[],"_links":{"self":[{"href":"https:\/\/olemosaic.orbitalia.org\/fr\/wp-json\/wp\/v2\/product\/36943","targetHints":{"allow":["GET"]}}],"collection":[{"href":"https:\/\/olemosaic.orbitalia.org\/fr\/wp-json\/wp\/v2\/product"}],"about":[{"href":"https:\/\/olemosaic.orbitalia.org\/fr\/wp-json\/wp\/v2\/types\/product"}],"wp:featuredmedia":[{"embeddable":true,"href":"https:\/\/olemosaic.orbitalia.org\/fr\/wp-json\/wp\/v2\/media\/8426"}],"wp:attachment":[{"href":"https:\/\/olemosaic.orbitalia.org\/fr\/wp-json\/wp\/v2\/media?parent=36943"}],"wp:term":[{"taxonomy":"product_brand","embeddable":true,"href":"https:\/\/olemosaic.orbitalia.org\/fr\/wp-json\/wp\/v2\/product_brand?post=36943"},{"taxonomy":"product_cat","embeddable":true,"href":"https:\/\/olemosaic.orbitalia.org\/fr\/wp-json\/wp\/v2\/product_cat?post=36943"},{"taxonomy":"product_tag","embeddable":true,"href":"https:\/\/olemosaic.orbitalia.org\/fr\/wp-json\/wp\/v2\/product_tag?post=36943"}],"curies":[{"name":"wp","href":"https:\/\/api.w.org\/{rel}","templated":true}]}}