{"id":36940,"date":"2025-02-20T22:38:31","date_gmt":"2025-02-20T22:38:31","guid":{"rendered":"https:\/\/olemosaic.orbitalia.org\/producto\/salvamanteles-de-ceramica-mariposa-gran-canaria\/"},"modified":"2025-07-25T18:45:48","modified_gmt":"2025-07-25T16:45:48","slug":"dessous-de-plat-en-ceramique-papillon-gran-canaria","status":"publish","type":"product","link":"https:\/\/olemosaic.orbitalia.org\/fr\/produit\/dessous-de-plat-en-ceramique-papillon-gran-canaria\/","title":{"rendered":"Dessous de plat en c\u00e9ramique. Papillon. Gran Canaria."},"content":{"rendered":"<p>Ce dessous de plat en c\u00e9ramique, inspir\u00e9 de la flore et de la faune vibrantes de Gran Canaria, est une pi\u00e8ce unique qui capture l&rsquo;essence des \u00eeles. Il pr\u00e9sente un design illustratif color\u00e9 de papillons, de style mosa\u00efque, avec des tons intenses de rouge, bleu, jaune et vert qui soulignent la beaut\u00e9 naturelle de l&rsquo;environnement canarien. Les papillons, aux ailes d\u00e9ploy\u00e9es, symbolisent la libert\u00e9 et la diversit\u00e9 des esp\u00e8ces qui habitent les \u00eeles, tandis que les fleurs qui les entourent ajoutent une touche de fra\u00eecheur et de joie.<\/p>\n<p>Le dessous de plat est prot\u00e9g\u00e9 par un bord en corde qui non seulement renforce sa durabilit\u00e9, mais apporte \u00e9galement une charmante touche vintage, parfaite pour d\u00e9corer n&rsquo;importe quelle table avec un air rustique et accueillant. Cet article n&rsquo;est pas seulement fonctionnel, il s&rsquo;\u00e9rige \u00e9galement comme un souvenir repr\u00e9sentatif de Gran Canaria, \u00e9voquant la splendeur naturelle de ses paysages et sa riche biodiversit\u00e9.<\/p>\n<p>Chez Ol\u00e9 Mosaic, nous nous sp\u00e9cialisons dans la distribution de souvenirs en gros, et ce dessous de plat est une excellente option pour les boutiques de cadeaux touristiques qui recherchent des produits authentiques et culturels. Id\u00e9al pour les touristes qui souhaitent ramener chez eux un morceau de la beaut\u00e9 canarienne, ce dessous de plat est un symbole parfait des souvenirs de Gran Canaria.<\/p>\n","protected":false},"excerpt":{"rendered":"<p>Dessous de plat en c\u00e9ramique inspir\u00e9 de la flore et de la faune vibrantes de Gran Canaria. Ce design color\u00e9 pr\u00e9sente des papillons dans un style mosa\u00efque, avec des tons intenses de rouge, bleu, jaune et vert, entour\u00e9s de fleurs qui rehaussent leur beaut\u00e9. Le dessous de plat est prot\u00e9g\u00e9 par un bord en corde qui apporte durabilit\u00e9 et une touche vintage. Id\u00e9al pour d\u00e9corer les tables et servir de souvenir de la splendeur naturelle de l&rsquo;\u00eele.<\/p>\n","protected":false},"featured_media":14208,"template":"","meta":{"_acf_changed":false},"product_brand":[],"product_cat":[827],"product_tag":[530,585],"class_list":{"0":"post-36940","1":"product","2":"type-product","3":"status-publish","4":"has-post-thumbnail","6":"product_cat-dessous-de-plat","7":"product_tag-animaux","8":"product_tag-ceramique","9":"pa_ciudad-gran-canaria","10":"pa_motivo-papillons","11":"pa_pais-espana","13":"first","14":"instock","15":"shipping-taxable","16":"product-type-simple"},"acf":[],"_links":{"self":[{"href":"https:\/\/olemosaic.orbitalia.org\/fr\/wp-json\/wp\/v2\/product\/36940","targetHints":{"allow":["GET"]}}],"collection":[{"href":"https:\/\/olemosaic.orbitalia.org\/fr\/wp-json\/wp\/v2\/product"}],"about":[{"href":"https:\/\/olemosaic.orbitalia.org\/fr\/wp-json\/wp\/v2\/types\/product"}],"wp:featuredmedia":[{"embeddable":true,"href":"https:\/\/olemosaic.orbitalia.org\/fr\/wp-json\/wp\/v2\/media\/14208"}],"wp:attachment":[{"href":"https:\/\/olemosaic.orbitalia.org\/fr\/wp-json\/wp\/v2\/media?parent=36940"}],"wp:term":[{"taxonomy":"product_brand","embeddable":true,"href":"https:\/\/olemosaic.orbitalia.org\/fr\/wp-json\/wp\/v2\/product_brand?post=36940"},{"taxonomy":"product_cat","embeddable":true,"href":"https:\/\/olemosaic.orbitalia.org\/fr\/wp-json\/wp\/v2\/product_cat?post=36940"},{"taxonomy":"product_tag","embeddable":true,"href":"https:\/\/olemosaic.orbitalia.org\/fr\/wp-json\/wp\/v2\/product_tag?post=36940"}],"curies":[{"name":"wp","href":"https:\/\/api.w.org\/{rel}","templated":true}]}}