{"id":36936,"date":"2025-02-20T22:38:26","date_gmt":"2025-02-20T22:38:26","guid":{"rendered":"https:\/\/olemosaic.orbitalia.org\/producto\/salvamanteles-de-ceramica-gato-fuerteventura\/"},"modified":"2025-07-25T19:30:21","modified_gmt":"2025-07-25T17:30:21","slug":"dessous-de-plat-en-ceramique-chat-fuerteventura","status":"publish","type":"product","link":"https:\/\/olemosaic.orbitalia.org\/fr\/produit\/dessous-de-plat-en-ceramique-chat-fuerteventura\/","title":{"rendered":"Dessous-de-plat en c\u00e9ramique. Chat. Fuerteventura."},"content":{"rendered":"<p>D\u00e9couvrez ce captivant dessous-de-plat en c\u00e9ramique, une pi\u00e8ce d\u00e9corative et fonctionnelle inspir\u00e9e par la beaut\u00e9 de Fuerteventura. Son illustration vibrante pr\u00e9sente d&rsquo;adorables chats selon une technique de mosa\u00efque color\u00e9e, capturant l&rsquo;essence la plus joyeuse de l&rsquo;\u00eele canarienne. Les f\u00e9lins, repr\u00e9sent\u00e9s dans des teintes \u00e9clatantes de rouge, bleu et vert, prennent vie sur un fond dynamique orn\u00e9 de formes g\u00e9om\u00e9triques \u00e9voquant les paysages artistiques de Fuerteventura. En haut, le texte \u00ab\u00a0Fuerteventura\u00a0\u00bb se d\u00e9tache, faisant de ce dessous-de-plat un v\u00e9ritable symbole de la r\u00e9gion.<\/p>\n<p>Ce dessous-de-plat ne prot\u00e8ge pas seulement votre table, il ajoute \u00e9galement une touche insulaire \u00e0 votre d\u00e9coration, constituant un souvenir parfait pour ceux qui souhaitent se rem\u00e9morer leur visite sur cette \u00eele idyllique. Les d\u00e9tails de papillons d\u00e9coratifs accompagnant les chats enrichissent encore le design, cr\u00e9ant un lien visuel avec la nature vibrante de Fuerteventura. Ce produit se distingue par son authenticit\u00e9 en tant que souvenir et sa pertinence culturelle, repr\u00e9sentant l&rsquo;h\u00e9ritage artistique local.<\/p>\n<p>Chez Ol\u00e9 Mosaic, nous sommes des distributeurs de souvenirs en gros et proposons des remises attractives pour les boutiques de cadeaux touristiques. Ce dessous-de-plat en c\u00e9ramique est un excellent choix pour les commer\u00e7ants cherchant \u00e0 int\u00e9grer des produits artisanaux et authentiques dans leur offre, id\u00e9aux pour les touristes \u00e0 la recherche de souvenirs uniques de Fuerteventura.<\/p>\n","protected":false},"excerpt":{"rendered":"<p>Dessous-de-plat en c\u00e9ramique au design color\u00e9 inspir\u00e9 par le charme de Fuerteventura. Ce produit pr\u00e9sente une illustration vibrante de chats en technique de mosa\u00efque, compl\u00e9t\u00e9e par des papillons d\u00e9coratifs. Les chats, repr\u00e9sent\u00e9s dans une vari\u00e9t\u00e9 de couleurs \u00e9clatantes comme le rouge, le bleu et le vert, se d\u00e9tachent sur un fond dynamique de formes g\u00e9om\u00e9triques \u00e9voquant la nature artistique de l&rsquo;\u00eele. En haut, le texte \u00ab\u00a0Fuerteventura\u00a0\u00bb ajoute un \u00e9l\u00e9ment distinctif, id\u00e9al pour donner une touche insulaire \u00e0 votre table.<\/p>\n","protected":false},"featured_media":14180,"template":"","meta":{"_acf_changed":false},"product_brand":[],"product_cat":[827],"product_tag":[530,585],"class_list":{"0":"post-36936","1":"product","2":"type-product","3":"status-publish","4":"has-post-thumbnail","6":"product_cat-dessous-de-plat","7":"product_tag-animaux","8":"product_tag-ceramique","9":"pa_ciudad-fuerteventura","10":"pa_motivo-chats","11":"pa_pais-espana","13":"first","14":"instock","15":"shipping-taxable","16":"product-type-simple"},"acf":[],"_links":{"self":[{"href":"https:\/\/olemosaic.orbitalia.org\/fr\/wp-json\/wp\/v2\/product\/36936","targetHints":{"allow":["GET"]}}],"collection":[{"href":"https:\/\/olemosaic.orbitalia.org\/fr\/wp-json\/wp\/v2\/product"}],"about":[{"href":"https:\/\/olemosaic.orbitalia.org\/fr\/wp-json\/wp\/v2\/types\/product"}],"wp:featuredmedia":[{"embeddable":true,"href":"https:\/\/olemosaic.orbitalia.org\/fr\/wp-json\/wp\/v2\/media\/14180"}],"wp:attachment":[{"href":"https:\/\/olemosaic.orbitalia.org\/fr\/wp-json\/wp\/v2\/media?parent=36936"}],"wp:term":[{"taxonomy":"product_brand","embeddable":true,"href":"https:\/\/olemosaic.orbitalia.org\/fr\/wp-json\/wp\/v2\/product_brand?post=36936"},{"taxonomy":"product_cat","embeddable":true,"href":"https:\/\/olemosaic.orbitalia.org\/fr\/wp-json\/wp\/v2\/product_cat?post=36936"},{"taxonomy":"product_tag","embeddable":true,"href":"https:\/\/olemosaic.orbitalia.org\/fr\/wp-json\/wp\/v2\/product_tag?post=36936"}],"curies":[{"name":"wp","href":"https:\/\/api.w.org\/{rel}","templated":true}]}}