{"id":36934,"date":"2025-02-20T22:38:26","date_gmt":"2025-02-20T22:38:26","guid":{"rendered":"https:\/\/olemosaic.orbitalia.org\/producto\/posavasos-de-coco-surtidos\/"},"modified":"2025-07-25T19:47:41","modified_gmt":"2025-07-25T17:47:41","slug":"sous-verres-en-coco-assortis","status":"publish","type":"product","link":"https:\/\/olemosaic.orbitalia.org\/fr\/produit\/sous-verres-en-coco-assortis\/","title":{"rendered":"Sous-verres en coco. Assortis."},"content":{"rendered":"<p>D\u00e9couvrez nos sous-verres en coco assortis, fabriqu\u00e9s \u00e0 partir d&rsquo;une base de fibres naturelles \u00e9voquant la richesse de l&rsquo;artisanat m\u00e9diterran\u00e9en. Chaque sous-verre est un chef-d&rsquo;\u0153uvre unique, orn\u00e9 de mosa\u00efques en c\u00e9ramique color\u00e9es aux tons vibrants de rose, bleu et vert. Les motifs floraux et g\u00e9om\u00e9triques apportent une touche festive et bucolique \u00e0 toute table, faisant de ces sous-verres un accessoire fonctionnel et d\u00e9coratif id\u00e9al pour les maisons et les \u00e9v\u00e9nements sociaux. La technique artisanale utilis\u00e9e pour leur fabrication souligne l&rsquo;engagement envers la durabilit\u00e9, ce qui en fait un choix conscient pour ceux qui valorisent l&rsquo;environnement. Ces sous-verres prot\u00e8gent non seulement la surface de vos boissons, mais racontent aussi des histoires de tradition et de culture, devenant ainsi le souvenir parfait pour les touristes cherchant \u00e0 emporter un petit morceau d&rsquo;Espagne. Chez Ol\u00e9 Mosaic, en tant que grossiste de souvenirs de haute qualit\u00e9, nous proposons ces sous-verres en coco qui mettent en avant l&rsquo;authenticit\u00e9 et l&rsquo;art local, ce qui en fait une excellente option pour les boutiques de cadeaux touristiques. Offrez \u00e0 vos clients l&rsquo;opportunit\u00e9 de profiter de ces souvenirs charmants et color\u00e9s qui c\u00e9l\u00e8brent la biodiversit\u00e9 et l&rsquo;ing\u00e9niosit\u00e9 de la culture m\u00e9diterran\u00e9enne.<\/p>\n","protected":false},"excerpt":{"rendered":"<p>Sous-verres assortis en coco, fabriqu\u00e9s avec une base de fibres naturelles et d\u00e9cor\u00e9s de mosa\u00efques en c\u00e9ramique color\u00e9es. Chaque sous-verre pr\u00e9sente un design exclusif, avec des motifs floraux et g\u00e9om\u00e9triques dans des tons vibrants comme le rose, le bleu et le vert, lui donnant une touche artisanale et festive. Sa technique de fabrication met en avant l&rsquo;utilisation de mat\u00e9riaux durables, ce qui en fait un accessoire d\u00e9coratif et fonctionnel, id\u00e9al pour tout foyer ou \u00e9v\u00e9nement social.<\/p>\n","protected":false},"featured_media":5948,"template":"","meta":{"_acf_changed":false},"product_brand":[],"product_cat":[812],"product_tag":[],"class_list":{"0":"post-36934","1":"product","2":"type-product","3":"status-publish","4":"has-post-thumbnail","6":"product_cat-sous-verres","7":"pa_motivo-fleurs","9":"first","10":"instock","11":"shipping-taxable","12":"product-type-simple"},"acf":[],"_links":{"self":[{"href":"https:\/\/olemosaic.orbitalia.org\/fr\/wp-json\/wp\/v2\/product\/36934","targetHints":{"allow":["GET"]}}],"collection":[{"href":"https:\/\/olemosaic.orbitalia.org\/fr\/wp-json\/wp\/v2\/product"}],"about":[{"href":"https:\/\/olemosaic.orbitalia.org\/fr\/wp-json\/wp\/v2\/types\/product"}],"wp:featuredmedia":[{"embeddable":true,"href":"https:\/\/olemosaic.orbitalia.org\/fr\/wp-json\/wp\/v2\/media\/5948"}],"wp:attachment":[{"href":"https:\/\/olemosaic.orbitalia.org\/fr\/wp-json\/wp\/v2\/media?parent=36934"}],"wp:term":[{"taxonomy":"product_brand","embeddable":true,"href":"https:\/\/olemosaic.orbitalia.org\/fr\/wp-json\/wp\/v2\/product_brand?post=36934"},{"taxonomy":"product_cat","embeddable":true,"href":"https:\/\/olemosaic.orbitalia.org\/fr\/wp-json\/wp\/v2\/product_cat?post=36934"},{"taxonomy":"product_tag","embeddable":true,"href":"https:\/\/olemosaic.orbitalia.org\/fr\/wp-json\/wp\/v2\/product_tag?post=36934"}],"curies":[{"name":"wp","href":"https:\/\/api.w.org\/{rel}","templated":true}]}}