{"id":36917,"date":"2025-02-20T22:38:25","date_gmt":"2025-02-20T22:38:25","guid":{"rendered":"https:\/\/olemosaic.orbitalia.org\/producto\/posavasos-de-ceramica-sardinas-mallorca\/"},"modified":"2025-07-25T19:40:00","modified_gmt":"2025-07-25T17:40:00","slug":"sous-verre-ceramique-sardines-majorque-fr","status":"publish","type":"product","link":"https:\/\/olemosaic.orbitalia.org\/fr\/produit\/sous-verre-ceramique-sardines-majorque-fr\/","title":{"rendered":"Sous-verre en c\u00e9ramique. Sardines. Majorque."},"content":{"rendered":"<p>Ce sous-verre rond en c\u00e9ramique est une repr\u00e9sentation vibrante de la tradition maritime majorquine, con\u00e7u pour s&rsquo;int\u00e9grer dans n&rsquo;importe quel environnement. Avec un fond de carreaux blancs et bleus, il \u00e9voque l&rsquo;essence de la M\u00e9diterran\u00e9e, tandis que quatre sardines color\u00e9es nagent joyeusement \u00e0 la surface. Chaque sardine est r\u00e9alis\u00e9e dans un style artistique captivant, utilisant des tons vifs de bleu, rouge, jaune et vert qui contrastent merveilleusement avec la base. Le mot \u00ab MAJORQUE \u00bb se d\u00e9tache dans la partie inf\u00e9rieure, ajoutant une touche authentique et locale qui fera de cet article un souvenir m\u00e9morable de l&rsquo;\u00eele.<\/p>\n<p>La c\u00e9ramique de ce sous-verre n&rsquo;est pas seulement fonctionnelle, prot\u00e9geant les surfaces des taches et des rayures, elle sert \u00e9galement de pi\u00e8ce d\u00e9corative qui rehausse l&rsquo;ambiance de n&rsquo;importe quel foyer ou espace. Son design artisanal refl\u00e8te le riche h\u00e9ritage culturel de Majorque, une destination alliant histoire, beaut\u00e9 naturelle et traditions c\u00f4ti\u00e8res.<\/p>\n<p>Chez Ol\u00e9 Mosaic, nous comprenons l&rsquo;importance de proposer des souvenirs qui encapsulent l&rsquo;essence de leur origine, et ce sous-verre en c\u00e9ramique est le choix id\u00e9al pour les boutiques de cadeaux touristiques. Si vous recherchez un article authentique et repr\u00e9sentatif de Majorque, ce sous-verre est une excellente option dans notre collection de souvenirs en c\u00e9ramique, parfaite pour les touristes souhaitant emporter un petit morceau de la culture locale. En tant que distributeurs d&rsquo;articles en gros, nous garantissons la qualit\u00e9 et le design de chacun de nos produits, faisant de ce sous-verre une option id\u00e9ale pour les amateurs de c\u00e9ramique et de souvenirs culturels.<\/p>\n","protected":false},"excerpt":{"rendered":"<p>Sous-verres en c\u00e9ramique ronds inspir\u00e9s de la tradition maritime de Majorque. D\u00e9cor\u00e9s de sardines color\u00e9es, chacun pr\u00e9sente des d\u00e9tails vibrants dans des tons de bleu, rouge, jaune et vert, contrastant avec le fond de carreaux blancs et bleus. Le mot \u00ab MAJORQUE \u00bb se d\u00e9tache dans la partie inf\u00e9rieure, apportant une touche locale et authentique. Cet article artisanal allie fonctionnalit\u00e9 et art, id\u00e9al pour prot\u00e9ger vos surfaces avec style.<\/p>\n","protected":false},"featured_media":14178,"template":"","meta":{"_acf_changed":false},"product_brand":[],"product_cat":[812],"product_tag":[530,585],"class_list":{"0":"post-36917","1":"product","2":"type-product","3":"status-publish","4":"has-post-thumbnail","6":"product_cat-sous-verres","7":"product_tag-animaux","8":"product_tag-ceramique","9":"pa_ciudad-mallorca","10":"pa_motivo-sardines","11":"pa_pais-espana","13":"first","14":"instock","15":"shipping-taxable","16":"product-type-simple"},"acf":[],"_links":{"self":[{"href":"https:\/\/olemosaic.orbitalia.org\/fr\/wp-json\/wp\/v2\/product\/36917","targetHints":{"allow":["GET"]}}],"collection":[{"href":"https:\/\/olemosaic.orbitalia.org\/fr\/wp-json\/wp\/v2\/product"}],"about":[{"href":"https:\/\/olemosaic.orbitalia.org\/fr\/wp-json\/wp\/v2\/types\/product"}],"wp:featuredmedia":[{"embeddable":true,"href":"https:\/\/olemosaic.orbitalia.org\/fr\/wp-json\/wp\/v2\/media\/14178"}],"wp:attachment":[{"href":"https:\/\/olemosaic.orbitalia.org\/fr\/wp-json\/wp\/v2\/media?parent=36917"}],"wp:term":[{"taxonomy":"product_brand","embeddable":true,"href":"https:\/\/olemosaic.orbitalia.org\/fr\/wp-json\/wp\/v2\/product_brand?post=36917"},{"taxonomy":"product_cat","embeddable":true,"href":"https:\/\/olemosaic.orbitalia.org\/fr\/wp-json\/wp\/v2\/product_cat?post=36917"},{"taxonomy":"product_tag","embeddable":true,"href":"https:\/\/olemosaic.orbitalia.org\/fr\/wp-json\/wp\/v2\/product_tag?post=36917"}],"curies":[{"name":"wp","href":"https:\/\/api.w.org\/{rel}","templated":true}]}}