{"id":36914,"date":"2025-02-20T23:38:13","date_gmt":"2025-02-20T22:38:13","guid":{"rendered":"https:\/\/olemosaic.orbitalia.org\/producto\/4-bols-de-coco-de-13-x-6-cm-tortuga-menorca\/"},"modified":"2025-07-25T20:35:28","modified_gmt":"2025-07-25T18:35:28","slug":"4-bols-noix-de-coco-13-x-6-cm-tortue-minorque","status":"publish","type":"product","link":"https:\/\/olemosaic.orbitalia.org\/fr\/produit\/4-bols-noix-de-coco-13-x-6-cm-tortue-minorque\/","title":{"rendered":"4 Bols en noix de coco de 13 x 6 cm. Tortue. Minorque."},"content":{"rendered":"<p>Ce lot de 4 bols en noix de coco est un charmant hommage \u00e0 la beaut\u00e9 naturelle de Minorque, id\u00e9al pour ceux qui recherchent des souvenirs authentiques et de qualit\u00e9 pour leurs boutiques de cadeaux touristiques. Avec des dimensions de 13 x 6 cm, chaque bol se distingue par son design exclusif, o\u00f9 un motif de tortue orne \u00e9l\u00e9gamment la base. Les pi\u00e8ces pr\u00e9sentent une finition vibrante dans des tons de bleu, rose et jaune, \u00e9voquant les couleurs de la mer et de la flore de l&rsquo;\u00eele, et sont d\u00e9cor\u00e9es de d\u00e9tails peints \u00e0 la main symbolisant la riche vie marine de Minorque.<\/p>\n<p>La tortue, embl\u00e9matique de la r\u00e9gion, n&rsquo;est pas seulement un symbole de protection de l&rsquo;environnement, mais souligne \u00e9galement la connexion de Minorque avec la mer M\u00e9diterran\u00e9e et sa biodiversit\u00e9. Le design l\u00e9ger et compact de ces bols en fait une excellente ressource tant pour servir des ap\u00e9ritifs que pour ajouter une touche distinctive \u00e0 la d\u00e9coration de n&rsquo;importe quel espace de la maison. Cet ensemble n&rsquo;est pas seulement un souvenir parfait, il repr\u00e9sente aussi un petit morceau de la culture minorquine, capturant l&rsquo;essence de ses paysages et de ses traditions.<\/p>\n<p>Chez Ol\u00e9 Mosaic, en tant que distributeurs de souvenirs de haute qualit\u00e9 en gros, nous proposons ce lot de bols en noix de coco, qui constitue une option id\u00e9ale pour les clients recherchant des articles authentiques et significatifs. Avec ces bols, vous emportez un morceau de Minorque partout dans le monde.<\/p>\n","protected":false},"excerpt":{"rendered":"<p>Lot de 4 bols en noix de coco de 13 x 6 cm d\u00e9cor\u00e9s d&rsquo;un charmant motif de tortue, repr\u00e9sentant la beaut\u00e9 naturelle de Minorque. Chaque bol pr\u00e9sente une finition color\u00e9e dans des tons de bleu, rose et jaune, avec des d\u00e9tails peints \u00e0 la main symbolisant la vie marine. Leur design l\u00e9ger et compact les rend parfaits pour servir des ap\u00e9ritifs ou d\u00e9corer n&rsquo;importe quel espace, ajoutant une touche distinctive de la culture minorquine \u00e0 votre foyer.<\/p>\n","protected":false},"featured_media":14130,"template":"","meta":{"_acf_changed":false},"product_brand":[],"product_cat":[521],"product_tag":[530],"class_list":{"0":"post-36914","1":"product","2":"type-product","3":"status-publish","4":"has-post-thumbnail","6":"product_cat-bols","7":"product_tag-animaux","8":"pa_ciudad-menorca","9":"pa_motivo-tortues","10":"pa_pais-espana","12":"first","13":"instock","14":"shipping-taxable","15":"product-type-simple"},"acf":[],"_links":{"self":[{"href":"https:\/\/olemosaic.orbitalia.org\/fr\/wp-json\/wp\/v2\/product\/36914","targetHints":{"allow":["GET"]}}],"collection":[{"href":"https:\/\/olemosaic.orbitalia.org\/fr\/wp-json\/wp\/v2\/product"}],"about":[{"href":"https:\/\/olemosaic.orbitalia.org\/fr\/wp-json\/wp\/v2\/types\/product"}],"wp:featuredmedia":[{"embeddable":true,"href":"https:\/\/olemosaic.orbitalia.org\/fr\/wp-json\/wp\/v2\/media\/14130"}],"wp:attachment":[{"href":"https:\/\/olemosaic.orbitalia.org\/fr\/wp-json\/wp\/v2\/media?parent=36914"}],"wp:term":[{"taxonomy":"product_brand","embeddable":true,"href":"https:\/\/olemosaic.orbitalia.org\/fr\/wp-json\/wp\/v2\/product_brand?post=36914"},{"taxonomy":"product_cat","embeddable":true,"href":"https:\/\/olemosaic.orbitalia.org\/fr\/wp-json\/wp\/v2\/product_cat?post=36914"},{"taxonomy":"product_tag","embeddable":true,"href":"https:\/\/olemosaic.orbitalia.org\/fr\/wp-json\/wp\/v2\/product_tag?post=36914"}],"curies":[{"name":"wp","href":"https:\/\/api.w.org\/{rel}","templated":true}]}}