{"id":36907,"date":"2025-02-20T23:38:13","date_gmt":"2025-02-20T22:38:13","guid":{"rendered":"https:\/\/olemosaic.orbitalia.org\/producto\/iman-de-resina-toros-sevilla\/"},"modified":"2025-07-25T19:28:24","modified_gmt":"2025-07-25T17:28:24","slug":"aimant-resine-taureaux-seville","status":"publish","type":"product","link":"https:\/\/olemosaic.orbitalia.org\/fr\/produit\/aimant-resine-taureaux-seville\/","title":{"rendered":"Aimant en r\u00e9sine. Taureaux. S\u00e9ville."},"content":{"rendered":"<p>Cet aimant en r\u00e9sine vibrant est un souvenir remarquable de S\u00e9ville, con\u00e7u avec une image impressionnante d&rsquo;un taureau qui capture l&rsquo;essence de la culture andalouse. La pi\u00e8ce, se distinguant par sa technique de peinture \u00e0 la main, affiche un design de mosa\u00efque plein de couleurs qui est v\u00e9ritablement captivant. Au centre, le taureau est pr\u00e9sent\u00e9 dans une palette de couleurs vibrantes, o\u00f9 pr\u00e9dominent les verts, les bleus et les rouges, tandis qu&rsquo;en arri\u00e8re-plan on aper\u00e7oit un paysage ensoleill\u00e9 orn\u00e9 d&rsquo;un soleil radieux et d&rsquo;un champ de roses rouges, \u00e9voquant la joie et la vitalit\u00e9 de la r\u00e9gion.<\/p>\n<p>La base de l&rsquo;aimant pr\u00e9sente le mot \u00ab\u00a0S\u00e9ville\u00a0\u00bb en lettres frappantes, ce qui lui ajoute une touche distinctive le rendant encore plus attrayant comme souvenir. Cet aimant ne sert pas seulement d&rsquo;accessoire pratique pour la maison, mais c&rsquo;est aussi un symbole de la riche tradition taurine espagnole, une pratique culturelle tr\u00e8s ancr\u00e9e dans la vie s\u00e9villane. De plus, son design captivant et son authenticit\u00e9 en font une excellente option pour les touristes \u00e0 la recherche de souvenirs repr\u00e9sentatifs de S\u00e9ville.<\/p>\n<p>Chez Ol\u00e9 Mosaic, nous nous sp\u00e9cialisons dans la distribution en gros de souvenirs, proposant cet aimant color\u00e9 de taureau, id\u00e9al pour les boutiques de cadeaux touristiques recherchant des produits de qualit\u00e9 et d&rsquo;une grande pertinence culturelle. Cet aimant est un moyen parfait d&#8217;emporter un petit morceau de S\u00e9ville et de se souvenir de la vibrante culture andalouse.<\/p>\n","protected":false},"excerpt":{"rendered":"<p>Aimant vibrant, inspir\u00e9 de la culture s\u00e9villane, pr\u00e9sentant un taureau color\u00e9 avec un design de mosa\u00efque exclusif. Ce produit se distingue par sa peinture \u00e0 la main, repr\u00e9sentant un soleil radieux et un champ de roses rouges, le tout dans une palette de couleurs vives \u00e9voquant l&rsquo;essence andalouse. \u00c0 la base, le mot \u00ab\u00a0S\u00e9ville\u00a0\u00bb arbore des lettres frappantes, ajoutant une touche distinctive \u00e0 cet attrayant souvenir.<\/p>\n","protected":false},"featured_media":14128,"template":"","meta":{"_acf_changed":false},"product_brand":[],"product_cat":[697],"product_tag":[530],"class_list":{"0":"post-36907","1":"product","2":"type-product","3":"status-publish","4":"has-post-thumbnail","6":"product_cat-aimants","7":"product_tag-animaux","8":"pa_ciudad-sevilla","9":"pa_motivo-taureaux","10":"pa_pais-espana","12":"first","13":"instock","14":"shipping-taxable","15":"product-type-simple"},"acf":[],"_links":{"self":[{"href":"https:\/\/olemosaic.orbitalia.org\/fr\/wp-json\/wp\/v2\/product\/36907","targetHints":{"allow":["GET"]}}],"collection":[{"href":"https:\/\/olemosaic.orbitalia.org\/fr\/wp-json\/wp\/v2\/product"}],"about":[{"href":"https:\/\/olemosaic.orbitalia.org\/fr\/wp-json\/wp\/v2\/types\/product"}],"wp:featuredmedia":[{"embeddable":true,"href":"https:\/\/olemosaic.orbitalia.org\/fr\/wp-json\/wp\/v2\/media\/14128"}],"wp:attachment":[{"href":"https:\/\/olemosaic.orbitalia.org\/fr\/wp-json\/wp\/v2\/media?parent=36907"}],"wp:term":[{"taxonomy":"product_brand","embeddable":true,"href":"https:\/\/olemosaic.orbitalia.org\/fr\/wp-json\/wp\/v2\/product_brand?post=36907"},{"taxonomy":"product_cat","embeddable":true,"href":"https:\/\/olemosaic.orbitalia.org\/fr\/wp-json\/wp\/v2\/product_cat?post=36907"},{"taxonomy":"product_tag","embeddable":true,"href":"https:\/\/olemosaic.orbitalia.org\/fr\/wp-json\/wp\/v2\/product_tag?post=36907"}],"curies":[{"name":"wp","href":"https:\/\/api.w.org\/{rel}","templated":true}]}}