{"id":36904,"date":"2025-02-20T23:38:08","date_gmt":"2025-02-20T22:38:08","guid":{"rendered":"https:\/\/olemosaic.orbitalia.org\/producto\/iman-de-resina-toros-madrid\/"},"modified":"2025-07-25T18:52:24","modified_gmt":"2025-07-25T16:52:24","slug":"aimant-resine-taureaux-madrid","status":"publish","type":"product","link":"https:\/\/olemosaic.orbitalia.org\/fr\/produit\/aimant-resine-taureaux-madrid\/","title":{"rendered":"Aimant en r\u00e9sine. Taureaux. Madrid."},"content":{"rendered":"<p>Aimant d\u00e9coratif en r\u00e9sine de Madrid, un souvenir vibrant qui capture l&rsquo;essence de la capitale espagnole. Cet aimant, au design de style mosa\u00efque, pr\u00e9sente un taureau majestueux, symbole iconique de la culture espagnole, \u00e9voquant la riche tradition de l&rsquo;art et de la tauromachie. Les couleurs vives et les formes g\u00e9om\u00e9triques du taureau cr\u00e9ent un effet visuel captivant, tandis qu&rsquo;un soleil radieux appara\u00eet en haut, symbolisant la chaleur et l&rsquo;\u00e9nergie de la ville. Le fond, orn\u00e9 de d\u00e9licates roses rouges, apporte une touche de fra\u00eecheur et d&rsquo;\u00e9l\u00e9gance \u00e0 la composition.<\/p>\n<p>Le texte \u00ab\u00a0MADRID\u00a0\u00bb, situ\u00e9 \u00e0 la base de l&rsquo;aimant, ressort avec des lettres vibrantes, faisant de cet article un souvenir id\u00e9al tant pour les amoureux de la tradition que pour ceux qui cherchent \u00e0 emporter un morceau de la culture madril\u00e8ne. Cet aimant en r\u00e9sine n&rsquo;est pas seulement un objet d\u00e9coratif ; c&rsquo;est un rappel tangible de la richesse culturelle de Madrid et de son folklore vibrant.<\/p>\n<p>En tant que distributeur de souvenirs en gros, Ol\u00e9 Mosaic propose cet aimant du taureau de Madrid comme une option parfaite pour les boutiques de cadeaux touristiques, offrant un produit authentique qui se distingue par son design artistique et sa connexion avec le patrimoine espagnol. Ce souvenir de Madrid est un excellent cadeau qui capture la beaut\u00e9 et la tradition de la ville, id\u00e9al pour tous ceux qui souhaitent emporter un souvenir significatif de leur visite.<\/p>\n","protected":false},"excerpt":{"rendered":"<p>Aimant capturant l&rsquo;essence de Madrid, d\u00e9cor\u00e9 d&rsquo;une repr\u00e9sentation vibrante d&rsquo;un taureau, symbole de la culture espagnole. Cet aimant pr\u00e9sente un design color\u00e9 de style mosa\u00efque, avec des d\u00e9tails g\u00e9om\u00e9triques incluant un soleil radieux et un fond de roses rouges. Le mot \u00ab\u00a0MADRID\u00a0\u00bb se d\u00e9tache \u00e0 la base, ce qui en fait un souvenir id\u00e9al pour les amoureux de la tradition et du folklore espagnol.<\/p>\n","protected":false},"featured_media":14100,"template":"","meta":{"_acf_changed":false},"product_brand":[],"product_cat":[697],"product_tag":[530],"class_list":{"0":"post-36904","1":"product","2":"type-product","3":"status-publish","4":"has-post-thumbnail","6":"product_cat-aimants","7":"product_tag-animaux","8":"pa_ciudad-madrid","9":"pa_motivo-taureaux","10":"pa_pais-espana","12":"first","13":"instock","14":"shipping-taxable","15":"product-type-simple"},"acf":[],"_links":{"self":[{"href":"https:\/\/olemosaic.orbitalia.org\/fr\/wp-json\/wp\/v2\/product\/36904","targetHints":{"allow":["GET"]}}],"collection":[{"href":"https:\/\/olemosaic.orbitalia.org\/fr\/wp-json\/wp\/v2\/product"}],"about":[{"href":"https:\/\/olemosaic.orbitalia.org\/fr\/wp-json\/wp\/v2\/types\/product"}],"wp:featuredmedia":[{"embeddable":true,"href":"https:\/\/olemosaic.orbitalia.org\/fr\/wp-json\/wp\/v2\/media\/14100"}],"wp:attachment":[{"href":"https:\/\/olemosaic.orbitalia.org\/fr\/wp-json\/wp\/v2\/media?parent=36904"}],"wp:term":[{"taxonomy":"product_brand","embeddable":true,"href":"https:\/\/olemosaic.orbitalia.org\/fr\/wp-json\/wp\/v2\/product_brand?post=36904"},{"taxonomy":"product_cat","embeddable":true,"href":"https:\/\/olemosaic.orbitalia.org\/fr\/wp-json\/wp\/v2\/product_cat?post=36904"},{"taxonomy":"product_tag","embeddable":true,"href":"https:\/\/olemosaic.orbitalia.org\/fr\/wp-json\/wp\/v2\/product_tag?post=36904"}],"curies":[{"name":"wp","href":"https:\/\/api.w.org\/{rel}","templated":true}]}}