{"id":36901,"date":"2025-02-20T23:37:58","date_gmt":"2025-02-20T22:37:58","guid":{"rendered":"https:\/\/olemosaic.orbitalia.org\/producto\/iman-de-resina-panoramica-2\/"},"modified":"2025-07-25T19:21:21","modified_gmt":"2025-07-25T17:21:21","slug":"aimant-en-resine-panoramique-2","status":"publish","type":"product","link":"https:\/\/olemosaic.orbitalia.org\/fr\/produit\/aimant-en-resine-panoramique-2\/","title":{"rendered":"Aimant en r\u00e9sine. Panoramique."},"content":{"rendered":"<p>Cet aimant en r\u00e9sine pr\u00e9sente une vue panoramique vibrante qui capture l&rsquo;essence de l&rsquo;Espagne \u00e0 travers ses monuments et paysages les plus embl\u00e9matiques. Le design, \u00e9labor\u00e9 avec des couleurs qui mettent en valeur la Sagrada Familia, la Casa Batll\u00f3 et d&rsquo;autres ic\u00f4nes architecturales, fait de cet article un souvenir id\u00e9al pour emporter un morceau d&rsquo;Espagne n&rsquo;importe o\u00f9. Le texte \u00ab\u00a0ESPA\u00d1A\u00a0\u00bb s&rsquo;affiche en couleurs brillantes, avec un attrait contemporain qui r\u00e9sonnera aupr\u00e8s des touristes de tous \u00e2ges.<\/p>\n<p>La technique d&rsquo;encadrement simule un vitrail, apportant un air artistique et sophistiqu\u00e9 \u00e0 la pi\u00e8ce. Chaque d\u00e9tail en relief ajoute de la profondeur et cr\u00e9e un attrait visuel qui invite \u00e0 admirer la ma\u00eetrise de sa cr\u00e9ation. Cet aimant n&rsquo;est pas seulement un objet d\u00e9coratif ; c&rsquo;est un morceau de culture qui repr\u00e9sente la riche diversit\u00e9 architecturale de l&rsquo;Espagne, id\u00e9al pour ceux qui recherchent des souvenirs encapsulant la beaut\u00e9 de leurs voyages.<\/p>\n<p>Chez Ol\u00e9 Mosaic, nous sommes sp\u00e9cialis\u00e9s dans la distribution de souvenirs en gros. Cet aimant est une excellente option pour les boutiques de cadeaux touristiques qui souhaitent offrir \u00e0 leurs clients un souvenir authentique et repr\u00e9sentatif de l&rsquo;Espagne, combinant art et tradition en un seul article. En tant que grossistes de souvenirs en r\u00e9sine, nous garantissons qualit\u00e9 et authenticit\u00e9 dans chaque produit, faisant de cet aimant panoramique un cadeau m\u00e9morable et une pi\u00e8ce d\u00e9corative attrayante.<\/p>\n","protected":false},"excerpt":{"rendered":"<p>Aimant avec une vue panoramique vibrante repr\u00e9sentant des monuments et paysages embl\u00e9matiques de l&rsquo;Espagne. Cet article pr\u00e9sente un design color\u00e9 qui inclut la Sagrada Familia, la Casa Batll\u00f3 et d&rsquo;autres ic\u00f4nes architecturales, ainsi que le texte \u00ab\u00a0ESPA\u00d1A\u00a0\u00bb en couleurs brillantes. La technique d&rsquo;encadrement simule un vitrail, tandis que les d\u00e9tails en relief apportent profondeur et attrait visuel. Parfait pour se souvenir de la beaut\u00e9 de l&rsquo;Espagne n&rsquo;importe o\u00f9.<\/p>\n","protected":false},"featured_media":14047,"template":"","meta":{"_acf_changed":false},"product_brand":[],"product_cat":[697],"product_tag":[],"class_list":{"0":"post-36901","1":"product","2":"type-product","3":"status-publish","4":"has-post-thumbnail","6":"product_cat-aimants","7":"pa_motivo-panoramas","9":"first","10":"instock","11":"shipping-taxable","12":"product-type-simple"},"acf":[],"_links":{"self":[{"href":"https:\/\/olemosaic.orbitalia.org\/fr\/wp-json\/wp\/v2\/product\/36901","targetHints":{"allow":["GET"]}}],"collection":[{"href":"https:\/\/olemosaic.orbitalia.org\/fr\/wp-json\/wp\/v2\/product"}],"about":[{"href":"https:\/\/olemosaic.orbitalia.org\/fr\/wp-json\/wp\/v2\/types\/product"}],"wp:featuredmedia":[{"embeddable":true,"href":"https:\/\/olemosaic.orbitalia.org\/fr\/wp-json\/wp\/v2\/media\/14047"}],"wp:attachment":[{"href":"https:\/\/olemosaic.orbitalia.org\/fr\/wp-json\/wp\/v2\/media?parent=36901"}],"wp:term":[{"taxonomy":"product_brand","embeddable":true,"href":"https:\/\/olemosaic.orbitalia.org\/fr\/wp-json\/wp\/v2\/product_brand?post=36901"},{"taxonomy":"product_cat","embeddable":true,"href":"https:\/\/olemosaic.orbitalia.org\/fr\/wp-json\/wp\/v2\/product_cat?post=36901"},{"taxonomy":"product_tag","embeddable":true,"href":"https:\/\/olemosaic.orbitalia.org\/fr\/wp-json\/wp\/v2\/product_tag?post=36901"}],"curies":[{"name":"wp","href":"https:\/\/api.w.org\/{rel}","templated":true}]}}