{"id":36872,"date":"2025-02-20T23:37:28","date_gmt":"2025-02-20T22:37:28","guid":{"rendered":"https:\/\/olemosaic.orbitalia.org\/producto\/4-bols-de-coco-de-13-x-6-cm-sardina-lisboa-12\/"},"modified":"2025-07-25T20:21:59","modified_gmt":"2025-07-25T18:21:59","slug":"4-bols-en-noix-de-coco-13-x-6-cm-sardine-lisbonne-12-fr","status":"publish","type":"product","link":"https:\/\/olemosaic.orbitalia.org\/fr\/produit\/4-bols-en-noix-de-coco-13-x-6-cm-sardine-lisbonne-12-fr\/","title":{"rendered":"4 Bols en noix de coco 13 x 6 cm. Sardine. Lisbonne. Portugal"},"content":{"rendered":"<p>Ce lot de quatre bols en noix de coco, de 13 x 6 cm, est un magnifique souvenir de la vibrante culture portugaise, id\u00e9al pour ceux qui recherchent des souvenirs authentiques et repr\u00e9sentatifs de Lisbonne. Chaque bol pr\u00e9sente un charmant design int\u00e9rieur avec une sardine, symbole de la gastronomie portugaise, et le mot \u00ab\u00a0PORTUGAL\u00a0\u00bb, qui souligne la riche tradition maritime du pays. La d\u00e9coration ext\u00e9rieure s&rsquo;inspire du c\u00e9l\u00e8bre azulejo portugais, avec une mosa\u00efque de couleurs vari\u00e9es, telles que le rose, le bleu et le dor\u00e9, dispos\u00e9es dans un motif joyeux de petites pierres qui ajoutent une touche artistique et color\u00e9e \u00e0 n&rsquo;importe quelle table.<\/p>\n<p>Ces bols sont parfaits pour servir des ap\u00e9ritifs et fonctionnent \u00e9galement comme des pi\u00e8ces d\u00e9coratives irr\u00e9sistibles qui apportent un air festif et accueillant \u00e0 n&rsquo;importe quel environnement. Ils constituent un excellent cadeau pour les touristes souhaitant emporter un morceau de la culture portugaise ou pour les boutiques de souvenirs recherchant des produits uniques et bien con\u00e7us. Chez Ol\u00e9 Mosaic, en tant que distributeurs de souvenirs authentiques, nous proposons cette merveilleuse ligne de bols, qui devient une excellente option pour ceux qui recherchent la qualit\u00e9 et un lien authentique avec la culture locale.<\/p>\n","protected":false},"excerpt":{"rendered":"<p>Ensemble de quatre bols en noix de coco de 13 x 6 cm, d\u00e9cor\u00e9s d&rsquo;une mosa\u00efque vibrante aux couleurs diverses \u00e9voquant la culture portugaise. Chaque bol pr\u00e9sente un design int\u00e9rieur illustr\u00e9 d&rsquo;une sardine et du mot \u00ab\u00a0PORTUGAL\u00a0\u00bb, soulignant l&rsquo;essence maritime de Lisbonne. La combinaison de tons roses, bleus et dor\u00e9s dans un motif de petites pierres ajoute une touche artistique et joyeuse \u00e0 la table, id\u00e9ale pour servir des ap\u00e9ritifs ou comme pi\u00e8ce d\u00e9corative.<\/p>\n","protected":false},"featured_media":13929,"template":"","meta":{"_acf_changed":false},"product_brand":[],"product_cat":[521],"product_tag":[530],"class_list":{"0":"post-36872","1":"product","2":"type-product","3":"status-publish","4":"has-post-thumbnail","6":"product_cat-bols","7":"product_tag-animaux","8":"pa_ciudad-lisboa","9":"pa_motivo-sardines","10":"pa_pais-portugal","12":"first","13":"instock","14":"shipping-taxable","15":"product-type-simple"},"acf":[],"_links":{"self":[{"href":"https:\/\/olemosaic.orbitalia.org\/fr\/wp-json\/wp\/v2\/product\/36872","targetHints":{"allow":["GET"]}}],"collection":[{"href":"https:\/\/olemosaic.orbitalia.org\/fr\/wp-json\/wp\/v2\/product"}],"about":[{"href":"https:\/\/olemosaic.orbitalia.org\/fr\/wp-json\/wp\/v2\/types\/product"}],"wp:featuredmedia":[{"embeddable":true,"href":"https:\/\/olemosaic.orbitalia.org\/fr\/wp-json\/wp\/v2\/media\/13929"}],"wp:attachment":[{"href":"https:\/\/olemosaic.orbitalia.org\/fr\/wp-json\/wp\/v2\/media?parent=36872"}],"wp:term":[{"taxonomy":"product_brand","embeddable":true,"href":"https:\/\/olemosaic.orbitalia.org\/fr\/wp-json\/wp\/v2\/product_brand?post=36872"},{"taxonomy":"product_cat","embeddable":true,"href":"https:\/\/olemosaic.orbitalia.org\/fr\/wp-json\/wp\/v2\/product_cat?post=36872"},{"taxonomy":"product_tag","embeddable":true,"href":"https:\/\/olemosaic.orbitalia.org\/fr\/wp-json\/wp\/v2\/product_tag?post=36872"}],"curies":[{"name":"wp","href":"https:\/\/api.w.org\/{rel}","templated":true}]}}