{"id":36871,"date":"2025-02-20T23:36:28","date_gmt":"2025-02-20T22:36:28","guid":{"rendered":"https:\/\/olemosaic.orbitalia.org\/producto\/botella-inox-500-ml-abstracto\/"},"modified":"2025-07-25T18:54:06","modified_gmt":"2025-07-25T16:54:06","slug":"bouteille-inox-500-ml-abstrait-fr","status":"publish","type":"product","link":"https:\/\/olemosaic.orbitalia.org\/fr\/produit\/bouteille-inox-500-ml-abstrait-fr\/","title":{"rendered":"Bouteille inox 500 ml. Abstrait."},"content":{"rendered":"<p>La bouteille en acier inoxydable de 500 ml est une option moderne et fonctionnelle qui refl\u00e8te l&rsquo;esprit vibrant de la culture contemporaine. Avec un design abstrait fusionnant une explosion de couleurs dans des tons doux de rouge, jaune, vert, bleu et violet, cette bouteille attire l&rsquo;attention et ajoute une touche de joie \u00e0 toute aventure. Le motif g\u00e9om\u00e9trique de triangles qui orne sa surface, en plus d&rsquo;\u00eatre esth\u00e9tique et unique, \u00e9voque les formes et les couleurs des paysages m\u00e9diterran\u00e9ens, reliant le produit \u00e0 la fra\u00eecheur et \u00e0 la vitalit\u00e9 de la r\u00e9gion. Son bouchon en acier garantit une \u00e9tanch\u00e9it\u00e9 efficace, id\u00e9ale pour garder vos boissons froides ou chaudes, que ce soit \u00e0 la plage, en ville ou au bureau.<\/p>\n<p>Ce souvenir pratique est parfait pour les touristes \u00e0 la recherche d&rsquo;un souvenir de leur voyage, fusionnant fonctionnalit\u00e9 et art en un seul objet. Chez Ol\u00e9 Mosaic, en tant que grossistes de bouteilles en acier inoxydable, nous proposons des produits repr\u00e9sentatifs et authentiques, id\u00e9aux pour les boutiques de cadeaux touristiques qui souhaitent attirer un public diversifi\u00e9 et moderne. Ce n&rsquo;est pas seulement un accessoire utile, mais aussi une d\u00e9claration de style qui c\u00e9l\u00e8bre l&rsquo;essence de la vie active et le patrimoine culturel espagnol.<\/p>\n","protected":false},"excerpt":{"rendered":"<p>Bouteille en acier inoxydable de 500 ml avec un design abstrait qui se distingue par ses couleurs vibrantes dans des tons doux de rouge, jaune, vert, bleu et violet. La bouteille pr\u00e9sente une texture g\u00e9om\u00e9trique avec un motif de triangles, lui donnant une finition moderne et stylis\u00e9e. Son bouchon en acier garantit une bonne \u00e9tanch\u00e9it\u00e9, id\u00e9ale pour maintenir les boissons froides ou chaudes, parfaite pour emporter dans n&rsquo;importe quelle aventure.<\/p>\n","protected":false},"featured_media":13013,"template":"","meta":{"_acf_changed":false},"product_brand":[],"product_cat":[784],"product_tag":[],"class_list":{"0":"post-36871","1":"product","2":"type-product","3":"status-publish","4":"has-post-thumbnail","6":"product_cat-bouteilles-inox","7":"pa_motivo-resume","9":"first","10":"instock","11":"shipping-taxable","12":"product-type-simple"},"acf":[],"_links":{"self":[{"href":"https:\/\/olemosaic.orbitalia.org\/fr\/wp-json\/wp\/v2\/product\/36871","targetHints":{"allow":["GET"]}}],"collection":[{"href":"https:\/\/olemosaic.orbitalia.org\/fr\/wp-json\/wp\/v2\/product"}],"about":[{"href":"https:\/\/olemosaic.orbitalia.org\/fr\/wp-json\/wp\/v2\/types\/product"}],"wp:featuredmedia":[{"embeddable":true,"href":"https:\/\/olemosaic.orbitalia.org\/fr\/wp-json\/wp\/v2\/media\/13013"}],"wp:attachment":[{"href":"https:\/\/olemosaic.orbitalia.org\/fr\/wp-json\/wp\/v2\/media?parent=36871"}],"wp:term":[{"taxonomy":"product_brand","embeddable":true,"href":"https:\/\/olemosaic.orbitalia.org\/fr\/wp-json\/wp\/v2\/product_brand?post=36871"},{"taxonomy":"product_cat","embeddable":true,"href":"https:\/\/olemosaic.orbitalia.org\/fr\/wp-json\/wp\/v2\/product_cat?post=36871"},{"taxonomy":"product_tag","embeddable":true,"href":"https:\/\/olemosaic.orbitalia.org\/fr\/wp-json\/wp\/v2\/product_tag?post=36871"}],"curies":[{"name":"wp","href":"https:\/\/api.w.org\/{rel}","templated":true}]}}