{"id":36870,"date":"2025-02-20T23:36:28","date_gmt":"2025-02-20T22:36:28","guid":{"rendered":"https:\/\/olemosaic.orbitalia.org\/producto\/botella-inox-500-ml-toro-2\/"},"modified":"2025-07-25T19:06:53","modified_gmt":"2025-07-25T17:06:53","slug":"bouteille-inox-500-ml-taureau-2-fr","status":"publish","type":"product","link":"https:\/\/olemosaic.orbitalia.org\/fr\/produit\/bouteille-inox-500-ml-taureau-2-fr\/","title":{"rendered":"Bouteille inox 500 ml. Taureau. Motifs floraux."},"content":{"rendered":"<p>La bouteille en acier inoxydable de 500 ml est une v\u00e9ritable \u0153uvre d&rsquo;art qui rend hommage \u00e0 la vibrante culture espagnole. Son design se distingue par un impressionnant taureau d\u00e9cor\u00e9 d&rsquo;une mosa\u00efque de couleurs vives, symbole de la passion et du folklore de l&rsquo;Espagne. Ce taureau imposant, entour\u00e9 de fleurs rouges exub\u00e9rantes et d&rsquo;un soleil radieux, ne capture pas seulement l&rsquo;essence des traditions espagnoles, mais apporte \u00e9galement joie et chaleur \u00e0 chaque boisson qu&rsquo;il contient. La structure en acier inoxydable assure que les boissons maintiennent la temp\u00e9rature souhait\u00e9e, alliant fonctionnalit\u00e9 et attrait esth\u00e9tique en une seule pi\u00e8ce. Le fond pr\u00e9sente un design en mosa\u00efque qui ajoute une texture visuelle unique, tandis que la finition brillante de la bouteille compl\u00e8te l&rsquo;illustration, en faisant le souvenir parfait, tant pour ceux qui visitent l&rsquo;Espagne que pour ceux qui souhaitent emporter un petit morceau de sa culture. Chez Ol\u00e9 Mosaic, nous sommes fiers de proposer des produits authentiques qui refl\u00e8tent le patrimoine culturel espagnol, id\u00e9aux comme souvenirs pour les touristes \u00e0 la recherche d&rsquo;exp\u00e9riences significatives. Cette bouteille est, sans aucun doute, une excellente option pour les boutiques de cadeaux touristiques souhaitant proposer des articles de qualit\u00e9 c\u00e9l\u00e9brant le riche h\u00e9ritage de l&rsquo;Espagne.<\/p>\n","protected":false},"excerpt":{"rendered":"<p>Bouteille en acier inoxydable de 500 ml d\u00e9cor\u00e9e d&rsquo;un design vibrant inspir\u00e9 de la culture espagnole. Elle pr\u00e9sente un taureau en mosa\u00efque de couleurs vives, symbole du folklore espagnol. En arri\u00e8re-plan, des \u00e9l\u00e9ments tels que des fleurs rouges et un soleil radieux apportent joie et chaleur au design. La bouteille est id\u00e9ale pour maintenir les boissons \u00e0 la temp\u00e9rature souhait\u00e9e, alliant fonctionnalit\u00e9 et attrait visuel unique.<\/p>\n","protected":false},"featured_media":13008,"template":"","meta":{"_acf_changed":false},"product_brand":[],"product_cat":[784],"product_tag":[530],"class_list":{"0":"post-36870","1":"product","2":"type-product","3":"status-publish","4":"has-post-thumbnail","6":"product_cat-bouteilles-inox","7":"product_tag-animaux","8":"pa_motivo-taureaux","10":"first","11":"instock","12":"shipping-taxable","13":"product-type-simple"},"acf":[],"_links":{"self":[{"href":"https:\/\/olemosaic.orbitalia.org\/fr\/wp-json\/wp\/v2\/product\/36870","targetHints":{"allow":["GET"]}}],"collection":[{"href":"https:\/\/olemosaic.orbitalia.org\/fr\/wp-json\/wp\/v2\/product"}],"about":[{"href":"https:\/\/olemosaic.orbitalia.org\/fr\/wp-json\/wp\/v2\/types\/product"}],"wp:featuredmedia":[{"embeddable":true,"href":"https:\/\/olemosaic.orbitalia.org\/fr\/wp-json\/wp\/v2\/media\/13008"}],"wp:attachment":[{"href":"https:\/\/olemosaic.orbitalia.org\/fr\/wp-json\/wp\/v2\/media?parent=36870"}],"wp:term":[{"taxonomy":"product_brand","embeddable":true,"href":"https:\/\/olemosaic.orbitalia.org\/fr\/wp-json\/wp\/v2\/product_brand?post=36870"},{"taxonomy":"product_cat","embeddable":true,"href":"https:\/\/olemosaic.orbitalia.org\/fr\/wp-json\/wp\/v2\/product_cat?post=36870"},{"taxonomy":"product_tag","embeddable":true,"href":"https:\/\/olemosaic.orbitalia.org\/fr\/wp-json\/wp\/v2\/product_tag?post=36870"}],"curies":[{"name":"wp","href":"https:\/\/api.w.org\/{rel}","templated":true}]}}