{"id":36869,"date":"2025-02-20T23:36:28","date_gmt":"2025-02-20T22:36:28","guid":{"rendered":"https:\/\/olemosaic.orbitalia.org\/producto\/botella-inox-500-ml-flamenco\/"},"modified":"2025-07-25T18:36:13","modified_gmt":"2025-07-25T16:36:13","slug":"bouteille-inox-500-ml-flamant-rose-fr","status":"publish","type":"product","link":"https:\/\/olemosaic.orbitalia.org\/fr\/produit\/bouteille-inox-500-ml-flamant-rose-fr\/","title":{"rendered":"Bouteille inox 500 ml. Flamant rose."},"content":{"rendered":"<p>La bouteille en acier inoxydable de 500 ml d\u00e9cor\u00e9e de flamants roses est une pi\u00e8ce qui capture l&rsquo;essence vibrante de la culture espagnole. Avec un design exclusif simulant une mosa\u00efque, sa surface blanche \u00e9maill\u00e9e pr\u00e9sente deux flamants roses entrela\u00e7ant leurs cous dans un geste romantique, orn\u00e9s de tons rouges qui ajoutent une touche de joie et de couleur. Ce design ne repr\u00e9sente pas seulement la beaut\u00e9 de la faune ib\u00e9rique, mais \u00e9voque \u00e9galement la chaleur et l&rsquo;hospitalit\u00e9 des r\u00e9gions m\u00e9diterran\u00e9ennes, o\u00f9 ces oiseaux \u00e9l\u00e9gants sont souvent un symbole d&rsquo;amour et de connexion avec la nature.<\/p>\n<p>Pratique et stylis\u00e9e, cette bouteille est con\u00e7ue pour garder vos boissons froides, id\u00e9ale pour le quotidien, les pique-niques ou les activit\u00e9s de plein air. Le bouchon en acier garantit une fermeture herm\u00e9tique, tandis que l&rsquo;anse rouge facilite son transport. Ce souvenir est parfait pour ceux qui cherchent \u00e0 se rem\u00e9morer leur voyage en Espagne, car il combine fonctionnalit\u00e9 et design captivant.<\/p>\n<p>Chez Ol\u00e9 Mosaic, nous comprenons l&rsquo;importance de proposer des produits authentiques et repr\u00e9sentatifs de la culture espagnole. Cette bouteille de flamants roses n&rsquo;est pas seulement un souvenir, mais aussi un \u00e9l\u00e9ment de conversation unique qui refl\u00e8te le mode de vie radieux du pays. En tant que grossistes de souvenirs, nous fournissons des articles qui ajoutent de la valeur et de l&rsquo;authenticit\u00e9 \u00e0 toute boutique de cadeaux touristiques. Id\u00e9ale pour les clients \u00e0 la recherche de souvenirs de qualit\u00e9, cette bouteille devient un article indispensable pour les voyageurs et les amoureux de la culture espagnole.<\/p>\n","protected":false},"excerpt":{"rendered":"<p>Bouteille en acier inoxydable de 500 ml, d\u00e9cor\u00e9e d&rsquo;un \u00e9l\u00e9gant design de flamants roses, capturant l&rsquo;essence vibrante de la culture espagnole. Ce mod\u00e8le se distingue par sa surface blanche \u00e9maill\u00e9e simulant une mosa\u00efque, avec des flamants roses aux tons rouges entrela\u00e7ant leurs cous, une touche romantique. Id\u00e9ale pour garder vos boissons froides, son bouchon et son anse rouges en acier la rendent pratique et stylis\u00e9e, parfaite pour le quotidien ou les activit\u00e9s de plein air.<\/p>\n","protected":false},"featured_media":9788,"template":"","meta":{"_acf_changed":false},"product_brand":[],"product_cat":[784],"product_tag":[530],"class_list":{"0":"post-36869","1":"product","2":"type-product","3":"status-publish","4":"has-post-thumbnail","6":"product_cat-bouteilles-inox","7":"product_tag-animaux","8":"pa_motivo-flamants-roses","10":"first","11":"instock","12":"shipping-taxable","13":"product-type-simple"},"acf":[],"_links":{"self":[{"href":"https:\/\/olemosaic.orbitalia.org\/fr\/wp-json\/wp\/v2\/product\/36869","targetHints":{"allow":["GET"]}}],"collection":[{"href":"https:\/\/olemosaic.orbitalia.org\/fr\/wp-json\/wp\/v2\/product"}],"about":[{"href":"https:\/\/olemosaic.orbitalia.org\/fr\/wp-json\/wp\/v2\/types\/product"}],"wp:featuredmedia":[{"embeddable":true,"href":"https:\/\/olemosaic.orbitalia.org\/fr\/wp-json\/wp\/v2\/media\/9788"}],"wp:attachment":[{"href":"https:\/\/olemosaic.orbitalia.org\/fr\/wp-json\/wp\/v2\/media?parent=36869"}],"wp:term":[{"taxonomy":"product_brand","embeddable":true,"href":"https:\/\/olemosaic.orbitalia.org\/fr\/wp-json\/wp\/v2\/product_brand?post=36869"},{"taxonomy":"product_cat","embeddable":true,"href":"https:\/\/olemosaic.orbitalia.org\/fr\/wp-json\/wp\/v2\/product_cat?post=36869"},{"taxonomy":"product_tag","embeddable":true,"href":"https:\/\/olemosaic.orbitalia.org\/fr\/wp-json\/wp\/v2\/product_tag?post=36869"}],"curies":[{"name":"wp","href":"https:\/\/api.w.org\/{rel}","templated":true}]}}