{"id":36868,"date":"2025-02-20T23:36:28","date_gmt":"2025-02-20T22:36:28","guid":{"rendered":"https:\/\/olemosaic.orbitalia.org\/producto\/botella-inox-500-ml-salamandra-barcelona-4\/"},"modified":"2025-07-25T19:58:18","modified_gmt":"2025-07-25T17:58:18","slug":"bouteille-inox-500-ml-salamandre-barcelone-4-fr","status":"publish","type":"product","link":"https:\/\/olemosaic.orbitalia.org\/fr\/produit\/bouteille-inox-500-ml-salamandre-barcelone-4-fr\/","title":{"rendered":"Bouteille inox 500 ml. Salamandre. Gaud\u00ed. Barcelone."},"content":{"rendered":"<p>La bouteille en acier inoxydable de 500 ml, au design vibrant inspir\u00e9 de la culture barcelonaise, est l&rsquo;accessoire parfait pour ceux qui souhaitent emporter avec eux un morceau de la cr\u00e9ativit\u00e9 catalane. D\u00e9cor\u00e9e de charmantes salamandres et de fleurs color\u00e9es \u00e9voquant le c\u00e9l\u00e8bre trencad\u00eds de Gaud\u00ed, cette bouteille se distingue non seulement par son esth\u00e9tique, mais aussi par sa fonctionnalit\u00e9. L&rsquo;image de \u00ab\u00a0Barcelone\u00a0\u00bb est imprim\u00e9e dans une couleur vive, mettant en valeur l&rsquo;h\u00e9ritage culturel de la ville et en faisant un souvenir m\u00e9morable pour tout visiteur.<\/p>\n<p>Le design s&rsquo;appr\u00e9cie de chaque c\u00f4t\u00e9 de la bouteille, o\u00f9 les salamandres affichent un style vibrant et artistique, refl\u00e9tant la diversit\u00e9 et les couleurs qui d\u00e9finissent l&rsquo;\u0153uvre de l&rsquo;architecte catalan. Les fleurs qui accompagnent ces cr\u00e9atures ajoutent une touche de fra\u00eecheur et de nature \u00e0 l&rsquo;ensemble, repr\u00e9sentant l&rsquo;amour de la ville pour son patrimoine artistique et architectural.<\/p>\n<p>En plus de son attrait visuel, la qualit\u00e9 de l&rsquo;acier inoxydable garantit que les boissons restent fra\u00eeches et bien conserv\u00e9es, ce qui en fait une excellente option pour les touristes \u00e0 la recherche de souvenirs de Barcelone \u00e0 la fois pratiques et repr\u00e9sentatifs. Cette bouteille est, sans aucun doute, un choix id\u00e9al pour les boutiques de souvenirs touristiques souhaitant proposer des produits authentiques avec une profonde signification culturelle. Chez Ol\u00e9 Mosaic, en tant que grossiste de souvenirs, nous sommes fiers de proposer des articles qui capturent l&rsquo;essence de chaque destination, assurant la satisfaction de nos clients.<\/p>\n","protected":false},"excerpt":{"rendered":"<p>Bouteille en acier inoxydable de 500 ml avec un design vibrant inspir\u00e9 de la culture barcelonaise. D\u00e9cor\u00e9e de salamandres et de fleurs color\u00e9es, dans un style \u00e9voquant le c\u00e9l\u00e8bre trencad\u00eds de Gaud\u00ed, cette bouteille allie fonctionnalit\u00e9 et art. Le mot \u00ab\u00a0Barcelone\u00a0\u00bb est imprim\u00e9 dans une couleur vive, soulignant l&rsquo;h\u00e9ritage culturel de la ville. Id\u00e9ale pour garder vos boissons au frais tout en emportant avec vous un morceau de la cr\u00e9ativit\u00e9 catalane.<\/p>\n","protected":false},"featured_media":9930,"template":"","meta":{"_acf_changed":false},"product_brand":[],"product_cat":[784],"product_tag":[530],"class_list":{"0":"post-36868","1":"product","2":"type-product","3":"status-publish","4":"has-post-thumbnail","6":"product_cat-bouteilles-inox","7":"product_tag-animaux","8":"pa_ciudad-barcelona","9":"pa_motivo-salamandres","10":"pa_pais-espana","12":"first","13":"instock","14":"shipping-taxable","15":"product-type-simple"},"acf":[],"_links":{"self":[{"href":"https:\/\/olemosaic.orbitalia.org\/fr\/wp-json\/wp\/v2\/product\/36868","targetHints":{"allow":["GET"]}}],"collection":[{"href":"https:\/\/olemosaic.orbitalia.org\/fr\/wp-json\/wp\/v2\/product"}],"about":[{"href":"https:\/\/olemosaic.orbitalia.org\/fr\/wp-json\/wp\/v2\/types\/product"}],"wp:featuredmedia":[{"embeddable":true,"href":"https:\/\/olemosaic.orbitalia.org\/fr\/wp-json\/wp\/v2\/media\/9930"}],"wp:attachment":[{"href":"https:\/\/olemosaic.orbitalia.org\/fr\/wp-json\/wp\/v2\/media?parent=36868"}],"wp:term":[{"taxonomy":"product_brand","embeddable":true,"href":"https:\/\/olemosaic.orbitalia.org\/fr\/wp-json\/wp\/v2\/product_brand?post=36868"},{"taxonomy":"product_cat","embeddable":true,"href":"https:\/\/olemosaic.orbitalia.org\/fr\/wp-json\/wp\/v2\/product_cat?post=36868"},{"taxonomy":"product_tag","embeddable":true,"href":"https:\/\/olemosaic.orbitalia.org\/fr\/wp-json\/wp\/v2\/product_tag?post=36868"}],"curies":[{"name":"wp","href":"https:\/\/api.w.org\/{rel}","templated":true}]}}