{"id":36867,"date":"2025-02-20T23:36:27","date_gmt":"2025-02-20T22:36:27","guid":{"rendered":"https:\/\/olemosaic.orbitalia.org\/producto\/bola-de-navidad-con-caja-panoramica-madrid-4\/"},"modified":"2025-07-25T18:34:51","modified_gmt":"2025-07-25T16:34:51","slug":"boule-de-noel-avec-boite-panoramique-madrid-fr","status":"publish","type":"product","link":"https:\/\/olemosaic.orbitalia.org\/fr\/produit\/boule-de-noel-avec-boite-panoramique-madrid-fr\/","title":{"rendered":"Boule de No\u00ebl avec bo\u00eete. Panoramique. Mosa\u00efque. Madrid."},"content":{"rendered":"<p>La boule de No\u00ebl d\u00e9corative avec un design panoramique de Madrid est un ornement exquis qui capture l&rsquo;essence festive de la capitale espagnole. Cette magnifique boule, fabriqu\u00e9e en c\u00e9ramique, pr\u00e9sente une illustration vibrante qui met en valeur l&rsquo;iconique Puerta de Alcal\u00e1, entour\u00e9e de mosa\u00efques color\u00e9es qui refl\u00e8tent la diversit\u00e9 et l&rsquo;esprit de la ville. Les tons rouge, jaune et bleu se combinent harmonieusement, cr\u00e9ant un effet visuel qui souligne son \u00e9l\u00e9gance et sa chaleur. Le ruban violet qui l&rsquo;accompagne n&rsquo;ajoute pas seulement une touche de sophistication, mais facilite \u00e9galement sa mise en place sur le sapin de No\u00ebl, en faisant un \u00e9l\u00e9ment central de toute d\u00e9coration festive.<\/p>\n<p>Ce souvenir de No\u00ebl n&rsquo;est pas seulement une pi\u00e8ce d\u00e9corative, mais un symbole de la riche culture madril\u00e8ne, id\u00e9al pour ceux qui souhaitent emporter un petit morceau de Madrid chez eux. La boule de No\u00ebl encapsule la joie et la tradition des c\u00e9l\u00e9brations dans la ville, et constitue une excellente option tant pour les touristes que pour les locaux qui cherchent \u00e0 se rem\u00e9morer des moments sp\u00e9ciaux. Chez Ol\u00e9 Mosaic, en tant que grossistes sp\u00e9cialis\u00e9s en souvenirs, nous proposons des produits authentiques qui refl\u00e8tent l&rsquo;essence des r\u00e9gions d&rsquo;Espagne. Cette boule de No\u00ebl est un choix magnifique pour les magasins de cadeaux touristiques, garantissant que chaque client trouve un souvenir unique et significatif de son passage \u00e0 Madrid.<\/p>\n","protected":false},"excerpt":{"rendered":"<p>Boule de No\u00ebl d\u00e9corative avec un design panoramique de Madrid, pr\u00e9sent\u00e9e dans une bo\u00eete \u00e9l\u00e9gante. Cet ornement en c\u00e9ramique est illustr\u00e9 d&rsquo;un m\u00e9lange color\u00e9 de mosa\u00efques mettant en valeur l&rsquo;iconique Puerta de Alcal\u00e1 et d&rsquo;autres \u00e9l\u00e9ments repr\u00e9sentatifs de la ville. L&rsquo;utilisation de couleurs vives comme le rouge, le jaune et le bleu ajoute une touche festive, tandis que le ruban violet facilite sa mise en place sur le sapin. Id\u00e9ale pour c\u00e9l\u00e9brer No\u00ebl avec une touche madril\u00e8ne.<\/p>\n","protected":false},"featured_media":9852,"template":"","meta":{"_acf_changed":false},"product_brand":[],"product_cat":[659],"product_tag":[646],"class_list":{"0":"post-36867","1":"product","2":"type-product","3":"status-publish","4":"has-post-thumbnail","6":"product_cat-boules-de-noel","7":"product_tag-noel","8":"pa_ciudad-madrid","9":"pa_motivo-panoramas","10":"pa_pais-espana","12":"first","13":"instock","14":"shipping-taxable","15":"product-type-simple"},"acf":[],"_links":{"self":[{"href":"https:\/\/olemosaic.orbitalia.org\/fr\/wp-json\/wp\/v2\/product\/36867","targetHints":{"allow":["GET"]}}],"collection":[{"href":"https:\/\/olemosaic.orbitalia.org\/fr\/wp-json\/wp\/v2\/product"}],"about":[{"href":"https:\/\/olemosaic.orbitalia.org\/fr\/wp-json\/wp\/v2\/types\/product"}],"wp:featuredmedia":[{"embeddable":true,"href":"https:\/\/olemosaic.orbitalia.org\/fr\/wp-json\/wp\/v2\/media\/9852"}],"wp:attachment":[{"href":"https:\/\/olemosaic.orbitalia.org\/fr\/wp-json\/wp\/v2\/media?parent=36867"}],"wp:term":[{"taxonomy":"product_brand","embeddable":true,"href":"https:\/\/olemosaic.orbitalia.org\/fr\/wp-json\/wp\/v2\/product_brand?post=36867"},{"taxonomy":"product_cat","embeddable":true,"href":"https:\/\/olemosaic.orbitalia.org\/fr\/wp-json\/wp\/v2\/product_cat?post=36867"},{"taxonomy":"product_tag","embeddable":true,"href":"https:\/\/olemosaic.orbitalia.org\/fr\/wp-json\/wp\/v2\/product_tag?post=36867"}],"curies":[{"name":"wp","href":"https:\/\/api.w.org\/{rel}","templated":true}]}}