{"id":36861,"date":"2025-02-20T23:35:31","date_gmt":"2025-02-20T22:35:31","guid":{"rendered":"https:\/\/olemosaic.orbitalia.org\/producto\/funda-de-telefono-para-iphone-15-pro-tpu-motivos-marinos-azul-2\/"},"modified":"2025-07-25T19:51:19","modified_gmt":"2025-07-25T17:51:19","slug":"coque-iphone-15-pro-tpu-motifs-marins-mosaique-bleu","status":"publish","type":"product","link":"https:\/\/olemosaic.orbitalia.org\/fr\/produit\/coque-iphone-15-pro-tpu-motifs-marins-mosaique-bleu\/","title":{"rendered":"Coque pour iPhone 15 Pro (TPU). Motifs marins. Mosa\u00efque. Bleu."},"content":{"rendered":"<p>Coque pour iPhone 15 Pro avec des motifs marins vibrants. Cette coque \u00e9l\u00e9gante, fabriqu\u00e9e en TPU, est le choix parfait pour prot\u00e9ger votre appareil tout en y ajoutant une touche artistique inspir\u00e9e par la beaut\u00e9 de la vie oc\u00e9anique. Son design color\u00e9 repr\u00e9sente un fond sous-marin dynamique plein de vie, o\u00f9 des tortues, des poissons tropicaux et des hippocampes nagent avec gr\u00e2ce dans un environnement luxuriant. Les tons bleus profonds du fond \u00e9voquent la s\u00e9r\u00e9nit\u00e9 de l&rsquo;oc\u00e9an, tandis que les \u00e9l\u00e9ments en mosa\u00efque qui ornent la sc\u00e8ne soulignent la diversit\u00e9 marine et la vitalit\u00e9 des \u00e9cosyst\u00e8mes aquatiques. Chaque d\u00e9tail a \u00e9t\u00e9 soigneusement con\u00e7u pour offrir un aspect vibrant et rafra\u00eechissant qui attirera tous les regards.<\/p>\n<p>Cette coque offre non seulement une excellente protection pour votre iPhone 15 Pro, mais elle sert \u00e9galement de rappel constant de la beaut\u00e9 naturelle qui nous entoure, ce qui en fait un cadeau id\u00e9al pour les touristes ou les amoureux de la mer \u00e0 la recherche de souvenirs authentiques et repr\u00e9sentatifs de la culture maritime. Chez Ol\u00e9 Mosaic, nous sommes distributeurs d&rsquo;accessoires de qualit\u00e9 en gros, et cette coque est une option exceptionnelle pour les magasins de cadeaux touristiques souhaitant proposer des produits uniques transmettant un message de respect pour l&rsquo;environnement et la vie marine. Sans aucun doute, un souvenir parfait qui combine fonctionnalit\u00e9 et esth\u00e9tique de mani\u00e8re exceptionnelle.<\/p>\n","protected":false},"excerpt":{"rendered":"<p>Coque pour iPhone 15 Pro fabriqu\u00e9e en TPU, orn\u00e9e de motifs marins vibrants. Le design repr\u00e9sente un fond sous-marin plein de couleurs, o\u00f9 nagent des tortues, des poissons tropicaux et des hippocampes sur un fond bleu intense. La sc\u00e8ne est enrichie d&rsquo;\u00e9l\u00e9ments en mosa\u00efque qui soulignent la diversit\u00e9 marine, offrant une touche artistique et rafra\u00eechissante. Id\u00e9ale pour prot\u00e9ger votre appareil tout en ajoutant une touche de style inspir\u00e9e par l&rsquo;oc\u00e9an.<\/p>\n","protected":false},"featured_media":12451,"template":"","meta":{"_acf_changed":false},"product_brand":[],"product_cat":[674],"product_tag":[530],"class_list":{"0":"post-36861","1":"product","2":"type-product","3":"status-publish","4":"has-post-thumbnail","6":"product_cat-etuis-pour-telephones-portables","7":"product_tag-animaux","8":"pa_motivo-animaux-marins","10":"first","11":"instock","12":"shipping-taxable","13":"product-type-simple"},"acf":[],"_links":{"self":[{"href":"https:\/\/olemosaic.orbitalia.org\/fr\/wp-json\/wp\/v2\/product\/36861","targetHints":{"allow":["GET"]}}],"collection":[{"href":"https:\/\/olemosaic.orbitalia.org\/fr\/wp-json\/wp\/v2\/product"}],"about":[{"href":"https:\/\/olemosaic.orbitalia.org\/fr\/wp-json\/wp\/v2\/types\/product"}],"wp:featuredmedia":[{"embeddable":true,"href":"https:\/\/olemosaic.orbitalia.org\/fr\/wp-json\/wp\/v2\/media\/12451"}],"wp:attachment":[{"href":"https:\/\/olemosaic.orbitalia.org\/fr\/wp-json\/wp\/v2\/media?parent=36861"}],"wp:term":[{"taxonomy":"product_brand","embeddable":true,"href":"https:\/\/olemosaic.orbitalia.org\/fr\/wp-json\/wp\/v2\/product_brand?post=36861"},{"taxonomy":"product_cat","embeddable":true,"href":"https:\/\/olemosaic.orbitalia.org\/fr\/wp-json\/wp\/v2\/product_cat?post=36861"},{"taxonomy":"product_tag","embeddable":true,"href":"https:\/\/olemosaic.orbitalia.org\/fr\/wp-json\/wp\/v2\/product_tag?post=36861"}],"curies":[{"name":"wp","href":"https:\/\/api.w.org\/{rel}","templated":true}]}}