{"id":36858,"date":"2025-02-20T23:35:31","date_gmt":"2025-02-20T22:35:31","guid":{"rendered":"https:\/\/olemosaic.orbitalia.org\/producto\/funda-de-telefono-para-iphone-15-pro-tpu-abstracto-azul-2\/"},"modified":"2025-07-25T20:34:48","modified_gmt":"2025-07-25T18:34:48","slug":"coque-iphone-15-pro-tpu-abstrait-majorque-bleu","status":"publish","type":"product","link":"https:\/\/olemosaic.orbitalia.org\/fr\/produit\/coque-iphone-15-pro-tpu-abstrait-majorque-bleu\/","title":{"rendered":"Coque pour iPhone 15 Pro (TPU). Abstrait. Majorque. Bleu"},"content":{"rendered":"<p>Coque pour iPhone 15 Pro avec un design abstrait vibrant qui capture l&rsquo;essence de la beaut\u00e9 de Majorque. Fabriqu\u00e9e en TPU, cette coque offre non seulement une protection optimale contre les chocs et les chutes, mais pr\u00e9sente \u00e9galement une finition lisse et flexible qui facilite sa manipulation. Le motif artistique d\u00e9ploie une explosion de tons bleus, jaunes, rouges et roses qui cr\u00e9ent un effet visuel captivant, \u00e9voquant l&rsquo;environnement naturel et color\u00e9 de Majorque. Au centre, une typographie frappante souligne le nom de l&rsquo;\u00eele, int\u00e9grant la culture locale avec un style moderne et attrayant.<\/p>\n<p>Ce produit est parfait pour ceux qui souhaitent afficher leur amour pour Majorque tout en prot\u00e9geant leur appareil. La fusion de l&rsquo;art et de la fonctionnalit\u00e9 dans cette coque en fait un souvenir unique et significatif pour les touristes et les amoureux de l&rsquo;\u00eele. Chez Ol\u00e9 Mosaic, nous proposons ce souvenir innovant ainsi qu&rsquo;une large gamme d&rsquo;articles repr\u00e9sentatifs de la riche culture espagnole, garantissant l&rsquo;authenticit\u00e9 et la qualit\u00e9 recherch\u00e9es par les d\u00e9taillants. Id\u00e9ale pour les magasins de cadeaux touristiques, cette coque de t\u00e9l\u00e9phone est une excellente option pour ceux qui recherchent des souvenirs de Majorque \u00e0 la fois pratiques et esth\u00e9tiques. Avec notre offre de coques en gros, nous garantissons des produits con\u00e7us en pensant \u00e0 la connexion avec la beaut\u00e9 et la culture de chaque r\u00e9gion.<\/p>\n","protected":false},"excerpt":{"rendered":"<p>Coque pour iPhone 15 Pro en TPU, avec un design abstrait et vibrant dans les tons bleus, jaunes, rouges et roses. La coque pr\u00e9sente un motif artistique qui \u00e9voque la beaut\u00e9 de Majorque, avec une typographie frappante qui souligne le nom de l&rsquo;\u00eele. Sa finition lisse et flexible offre une protection optimale contre les chocs, tout en conservant un style moderne et color\u00e9, id\u00e9al pour ceux qui souhaitent une touche cr\u00e9ative sur leur appareil.<\/p>\n","protected":false},"featured_media":12983,"template":"","meta":{"_acf_changed":false},"product_brand":[],"product_cat":[674],"product_tag":[],"class_list":{"0":"post-36858","1":"product","2":"type-product","3":"status-publish","4":"has-post-thumbnail","6":"product_cat-etuis-pour-telephones-portables","7":"pa_ciudad-mallorca","8":"pa_motivo-resume","9":"pa_pais-espana","11":"first","12":"instock","13":"shipping-taxable","14":"product-type-simple"},"acf":[],"_links":{"self":[{"href":"https:\/\/olemosaic.orbitalia.org\/fr\/wp-json\/wp\/v2\/product\/36858","targetHints":{"allow":["GET"]}}],"collection":[{"href":"https:\/\/olemosaic.orbitalia.org\/fr\/wp-json\/wp\/v2\/product"}],"about":[{"href":"https:\/\/olemosaic.orbitalia.org\/fr\/wp-json\/wp\/v2\/types\/product"}],"wp:featuredmedia":[{"embeddable":true,"href":"https:\/\/olemosaic.orbitalia.org\/fr\/wp-json\/wp\/v2\/media\/12983"}],"wp:attachment":[{"href":"https:\/\/olemosaic.orbitalia.org\/fr\/wp-json\/wp\/v2\/media?parent=36858"}],"wp:term":[{"taxonomy":"product_brand","embeddable":true,"href":"https:\/\/olemosaic.orbitalia.org\/fr\/wp-json\/wp\/v2\/product_brand?post=36858"},{"taxonomy":"product_cat","embeddable":true,"href":"https:\/\/olemosaic.orbitalia.org\/fr\/wp-json\/wp\/v2\/product_cat?post=36858"},{"taxonomy":"product_tag","embeddable":true,"href":"https:\/\/olemosaic.orbitalia.org\/fr\/wp-json\/wp\/v2\/product_tag?post=36858"}],"curies":[{"name":"wp","href":"https:\/\/api.w.org\/{rel}","templated":true}]}}