{"id":36834,"date":"2025-02-20T22:34:36","date_gmt":"2025-02-20T22:34:36","guid":{"rendered":"https:\/\/olemosaic.orbitalia.org\/producto\/vaso-de-ceramica-mosaico-barcelona-blanco\/"},"modified":"2025-07-25T18:52:43","modified_gmt":"2025-07-25T16:52:43","slug":"gobelet-en-ceramique-mosaique-barcelone-blanc-fr","status":"publish","type":"product","link":"https:\/\/olemosaic.orbitalia.org\/fr\/produit\/gobelet-en-ceramique-mosaique-barcelone-blanc-fr\/","title":{"rendered":"Gobelet en c\u00e9ramique. Mosa\u00efque. Barcelone. Blanc."},"content":{"rendered":"<p>Ce gobelet en c\u00e9ramique au design de mosa\u00efque est un hommage attrayant au riche h\u00e9ritage culturel de Barcelone. Sa collection vibrante de motifs g\u00e9om\u00e9triques, entrelac\u00e9s dans un m\u00e9lange de couleurs bleu, rouge et jaune, \u00e9voque les azulejos embl\u00e9matiques de la ville, refl\u00e9tant l&rsquo;essence artistique de ses rues et monuments. La surface blanche du gobelet contraste parfaitement avec les couleurs vives et les designs complexes, cr\u00e9ant un effet visuel captivant qui rappelle les \u0153uvres de grands artistes comme Antoni Gaud\u00ed. L&rsquo;inscription \u00ab Barcelone \u00bb, au style moderne, ajoute une touche distinctive qui permet aux touristes d&#8217;emporter un morceau de la ville. De plus, il est accompagn\u00e9 d&rsquo;un couvercle en silicone rouge qui non seulement assure la fonctionnalit\u00e9, mais accentue \u00e9galement son attrait moderne et pratique. Ce gobelet est le souvenir id\u00e9al pour ceux qui souhaitent se souvenir de leur visite \u00e0 Barcelone, alliant esth\u00e9tique et utilit\u00e9 en un seul produit. Chez Ol\u00e9 Mosaic, nous nous sp\u00e9cialisons dans la distribution de souvenirs en gros, offrant ce gobelet en c\u00e9ramique comme une option parfaite pour les boutiques de souvenirs touristiques souhaitant mettre en avant l&rsquo;authenticit\u00e9 et la diversit\u00e9 culturelle de Barcelone.<\/p>\n","protected":false},"excerpt":{"rendered":"<p>Gobelet en c\u00e9ramique au design de mosa\u00efque inspir\u00e9 du riche h\u00e9ritage culturel de Barcelone. Ce gobelet attrayant pr\u00e9sente une collection vibrante de motifs g\u00e9om\u00e9triques dans un m\u00e9lange de couleurs bleu, rouge et jaune, \u00e9voquant les carreaux typiques de la ville. L&rsquo;inscription \u00ab Barcelone \u00bb ajoute une touche distinctive, tandis que son couvercle en silicone rouge apporte confort et fonctionnalit\u00e9. Un souvenir parfait pour savourer vos boissons avec style et vous souvenir de votre visite dans la ville.<\/p>\n","protected":false},"featured_media":9112,"template":"","meta":{"_acf_changed":false},"product_brand":[],"product_cat":[819],"product_tag":[585],"class_list":{"0":"post-36834","1":"product","2":"type-product","3":"status-publish","4":"has-post-thumbnail","6":"product_cat-verres","7":"product_tag-ceramique","8":"pa_ciudad-barcelona","9":"pa_motivo-mosaique","10":"pa_pais-espana","12":"first","13":"instock","14":"shipping-taxable","15":"product-type-simple"},"acf":[],"_links":{"self":[{"href":"https:\/\/olemosaic.orbitalia.org\/fr\/wp-json\/wp\/v2\/product\/36834","targetHints":{"allow":["GET"]}}],"collection":[{"href":"https:\/\/olemosaic.orbitalia.org\/fr\/wp-json\/wp\/v2\/product"}],"about":[{"href":"https:\/\/olemosaic.orbitalia.org\/fr\/wp-json\/wp\/v2\/types\/product"}],"wp:featuredmedia":[{"embeddable":true,"href":"https:\/\/olemosaic.orbitalia.org\/fr\/wp-json\/wp\/v2\/media\/9112"}],"wp:attachment":[{"href":"https:\/\/olemosaic.orbitalia.org\/fr\/wp-json\/wp\/v2\/media?parent=36834"}],"wp:term":[{"taxonomy":"product_brand","embeddable":true,"href":"https:\/\/olemosaic.orbitalia.org\/fr\/wp-json\/wp\/v2\/product_brand?post=36834"},{"taxonomy":"product_cat","embeddable":true,"href":"https:\/\/olemosaic.orbitalia.org\/fr\/wp-json\/wp\/v2\/product_cat?post=36834"},{"taxonomy":"product_tag","embeddable":true,"href":"https:\/\/olemosaic.orbitalia.org\/fr\/wp-json\/wp\/v2\/product_tag?post=36834"}],"curies":[{"name":"wp","href":"https:\/\/api.w.org\/{rel}","templated":true}]}}