{"id":36826,"date":"2025-02-20T23:31:30","date_gmt":"2025-02-20T22:31:30","guid":{"rendered":"https:\/\/olemosaic.orbitalia.org\/producto\/cortador-de-ceramica-salamandra-2\/"},"modified":"2025-07-25T18:37:27","modified_gmt":"2025-07-25T16:37:27","slug":"planche-a-decouper-en-ceramique-salamandre-2","status":"publish","type":"product","link":"https:\/\/olemosaic.orbitalia.org\/fr\/produit\/planche-a-decouper-en-ceramique-salamandre-2\/","title":{"rendered":"Planche \u00e0 d\u00e9couper en c\u00e9ramique. Salamandre. Motifs floraux."},"content":{"rendered":"<p>Cette planche \u00e0 d\u00e9couper en c\u00e9ramique au design de salamandres est un ustensile unique qui combine fonctionnalit\u00e9 et art dans la cuisine. Fabriqu\u00e9e avec une c\u00e9ramique de haute qualit\u00e9, cette planche pratique pr\u00e9sente une d\u00e9coration color\u00e9e \u00e0 l&rsquo;effet peint \u00e0 la main, avec des salamandres dans des tons vibrants de rouge, vert et bleu entrelac\u00e9es avec de joyeuses fleurs rouges sur un charmant fond gris clair. Le savoir-faire artisanal s&rsquo;appr\u00e9cie dans chaque d\u00e9tail des salamandres, tandis que le fond g\u00e9om\u00e9trique apporte une touche moderne et fra\u00eeche.<\/p>\n<p>Cette planche n&rsquo;est pas seulement un outil utile pour des coupes pr\u00e9cises, mais elle agit \u00e9galement comme une pi\u00e8ce d\u00e9corative, ajoutant un \u00e9l\u00e9ment artistique \u00e0 votre cuisine. Inspir\u00e9 par le folklore espagnol, le design des salamandres symbolise la richesse de la faune locale et la connexion avec la nature, en faisant un authentique souvenir qui refl\u00e8te la culture vibrante de l&rsquo;Espagne.<\/p>\n<p>Disponible chez Ol\u00e9 Mosaic, cette planche \u00e0 d\u00e9couper en c\u00e9ramique est un excellent cadeau ou souvenir pour les touristes qui cherchent \u00e0 ramener un morceau de la tradition espagnole chez eux. En tant que distributeurs d&rsquo;ustensiles de cuisine en gros, nous garantissons l&rsquo;authenticit\u00e9 et la qualit\u00e9 de chaque pi\u00e8ce, faisant de cette planche un produit incontournable pour les boutiques de cadeaux touristiques souhaitant proposer des articles ayant une histoire culturelle derri\u00e8re eux.<\/p>\n","protected":false},"excerpt":{"rendered":"<p>Planche \u00e0 d\u00e9couper en c\u00e9ramique avec un design inspir\u00e9 des salamandres, id\u00e9ale pour la cuisine. Cet ustensile pratique en c\u00e9ramique pr\u00e9sente une d\u00e9coration color\u00e9e au design artisanal, peinte \u00e0 la main, avec des salamandres dans les tons rouges, verts et bleus, entour\u00e9es de fleurs rouges joyeuses sur un fond gris clair. Elle est parfaite pour ajouter une touche artistique \u00e0 votre cuisine tout en r\u00e9alisant des coupes pr\u00e9cises. Un souvenir authentique qui refl\u00e8te le folklore et la richesse culturelle de l&rsquo;Espagne.<\/p>\n","protected":false},"featured_media":9041,"template":"","meta":{"_acf_changed":false},"product_brand":[],"product_cat":[832],"product_tag":[530,585],"class_list":{"0":"post-36826","1":"product","2":"type-product","3":"status-publish","4":"has-post-thumbnail","6":"product_cat-emporte-pieces","7":"product_tag-animaux","8":"product_tag-ceramique","9":"pa_motivo-salamandres","11":"first","12":"instock","13":"shipping-taxable","14":"product-type-simple"},"acf":[],"_links":{"self":[{"href":"https:\/\/olemosaic.orbitalia.org\/fr\/wp-json\/wp\/v2\/product\/36826","targetHints":{"allow":["GET"]}}],"collection":[{"href":"https:\/\/olemosaic.orbitalia.org\/fr\/wp-json\/wp\/v2\/product"}],"about":[{"href":"https:\/\/olemosaic.orbitalia.org\/fr\/wp-json\/wp\/v2\/types\/product"}],"wp:featuredmedia":[{"embeddable":true,"href":"https:\/\/olemosaic.orbitalia.org\/fr\/wp-json\/wp\/v2\/media\/9041"}],"wp:attachment":[{"href":"https:\/\/olemosaic.orbitalia.org\/fr\/wp-json\/wp\/v2\/media?parent=36826"}],"wp:term":[{"taxonomy":"product_brand","embeddable":true,"href":"https:\/\/olemosaic.orbitalia.org\/fr\/wp-json\/wp\/v2\/product_brand?post=36826"},{"taxonomy":"product_cat","embeddable":true,"href":"https:\/\/olemosaic.orbitalia.org\/fr\/wp-json\/wp\/v2\/product_cat?post=36826"},{"taxonomy":"product_tag","embeddable":true,"href":"https:\/\/olemosaic.orbitalia.org\/fr\/wp-json\/wp\/v2\/product_tag?post=36826"}],"curies":[{"name":"wp","href":"https:\/\/api.w.org\/{rel}","templated":true}]}}