{"id":36825,"date":"2025-02-20T22:31:30","date_gmt":"2025-02-20T22:31:30","guid":{"rendered":"https:\/\/olemosaic.orbitalia.org\/producto\/cortador-de-ceramica-gato\/"},"modified":"2025-07-25T18:37:41","modified_gmt":"2025-07-25T16:37:41","slug":"planche-a-decouper-en-ceramique-chat","status":"publish","type":"product","link":"https:\/\/olemosaic.orbitalia.org\/fr\/produit\/planche-a-decouper-en-ceramique-chat\/","title":{"rendered":"Planche \u00e0 d\u00e9couper en c\u00e9ramique. Chat."},"content":{"rendered":"<p>Cette planche \u00e0 d\u00e9couper en c\u00e9ramique au design de chats color\u00e9s est un ustensile de cuisine ing\u00e9nieux et vibrant qui capture l&rsquo;essence ludique de la culture espagnole. Fabriqu\u00e9e en c\u00e9ramique de haute qualit\u00e9, sa surface pr\u00e9sente une illustration captivante : trois chats, aux formes g\u00e9om\u00e9triques et aux couleurs intenses, dans un environnement joyeux entour\u00e9 de papillons. Les tonalit\u00e9s, allant du bleu au jaune, en passant par le rouge et le vert, apportent non seulement une touche d\u00e9corative, mais \u00e9voquent \u00e9galement le c\u00e9l\u00e8bre style de mosa\u00efque typique de plusieurs r\u00e9gions d&rsquo;Espagne, transformant cette planche en une pi\u00e8ce charmante et distinctive pour n&rsquo;importe quel foyer.<\/p>\n<p>Cet objet fonctionnel combine praticit\u00e9 et art, devenant un souvenir \u00e9mouvant en c\u00e9ramique qui c\u00e9l\u00e8bre la joie et l&rsquo;amour pour les animaux dans la culture locale. Id\u00e9al pour ceux qui recherchent des souvenirs authentiques, cette planche n&rsquo;est pas seulement un outil utile dans la cuisine, mais aussi un \u00e9l\u00e9ment d\u00e9coratif qui ajoute de la personnalit\u00e9 et de la couleur \u00e0 n&rsquo;importe quel espace. Chez Ol\u00e9 Mosaic, sp\u00e9cialis\u00e9s dans la distribution de souvenirs en gros, nous proposons cette planche \u00e0 d\u00e9couper en c\u00e9ramique comme une excellente option pour les boutiques de cadeaux touristiques. Avec son design attrayant de chats color\u00e9s, cet ustensile est un cadeau id\u00e9al qui saura captiver les touristes et les amoureux de la culture espagnole.<\/p>\n","protected":false},"excerpt":{"rendered":"<p>Planche \u00e0 d\u00e9couper en c\u00e9ramique au design de chats color\u00e9s, inspir\u00e9e du style mosa\u00efque traditionnel de la r\u00e9gion. Cet ustensile de cuisine, fabriqu\u00e9 en c\u00e9ramique, pr\u00e9sente une illustration vibrante o\u00f9 trois chats, entour\u00e9s de papillons, se distinguent par leurs tons intenses et leurs formes g\u00e9om\u00e9triques. Id\u00e9al pour ajouter une touche ludique \u00e0 la cuisine, cette planche n&rsquo;est pas seulement fonctionnelle, mais aussi une pi\u00e8ce d\u00e9corative qui c\u00e9l\u00e8bre la culture espagnole.<\/p>\n","protected":false},"featured_media":9039,"template":"","meta":{"_acf_changed":false},"product_brand":[],"product_cat":[832],"product_tag":[530,585],"class_list":{"0":"post-36825","1":"product","2":"type-product","3":"status-publish","4":"has-post-thumbnail","6":"product_cat-emporte-pieces","7":"product_tag-animaux","8":"product_tag-ceramique","9":"pa_motivo-chats","11":"first","12":"instock","13":"shipping-taxable","14":"product-type-simple"},"acf":[],"_links":{"self":[{"href":"https:\/\/olemosaic.orbitalia.org\/fr\/wp-json\/wp\/v2\/product\/36825","targetHints":{"allow":["GET"]}}],"collection":[{"href":"https:\/\/olemosaic.orbitalia.org\/fr\/wp-json\/wp\/v2\/product"}],"about":[{"href":"https:\/\/olemosaic.orbitalia.org\/fr\/wp-json\/wp\/v2\/types\/product"}],"wp:featuredmedia":[{"embeddable":true,"href":"https:\/\/olemosaic.orbitalia.org\/fr\/wp-json\/wp\/v2\/media\/9039"}],"wp:attachment":[{"href":"https:\/\/olemosaic.orbitalia.org\/fr\/wp-json\/wp\/v2\/media?parent=36825"}],"wp:term":[{"taxonomy":"product_brand","embeddable":true,"href":"https:\/\/olemosaic.orbitalia.org\/fr\/wp-json\/wp\/v2\/product_brand?post=36825"},{"taxonomy":"product_cat","embeddable":true,"href":"https:\/\/olemosaic.orbitalia.org\/fr\/wp-json\/wp\/v2\/product_cat?post=36825"},{"taxonomy":"product_tag","embeddable":true,"href":"https:\/\/olemosaic.orbitalia.org\/fr\/wp-json\/wp\/v2\/product_tag?post=36825"}],"curies":[{"name":"wp","href":"https:\/\/api.w.org\/{rel}","templated":true}]}}