{"id":36823,"date":"2025-02-20T23:31:30","date_gmt":"2025-02-20T22:31:30","guid":{"rendered":"https:\/\/olemosaic.orbitalia.org\/producto\/saleros-de-ceramica-salamandra-y-flores-blanco-2\/"},"modified":"2025-07-25T18:47:02","modified_gmt":"2025-07-25T16:47:02","slug":"salieres-en-ceramique-salamandre-et-fleurs-blanc-2-fr","status":"publish","type":"product","link":"https:\/\/olemosaic.orbitalia.org\/fr\/produit\/salieres-en-ceramique-salamandre-et-fleurs-blanc-2-fr\/","title":{"rendered":"Sali\u00e8res en c\u00e9ramique. Salamandre et fleurs. Mosa\u00efque. Fond blanc."},"content":{"rendered":"<p>Cet ensemble de sali\u00e8res en c\u00e9ramique peintes \u00e0 la main est un v\u00e9ritable joyau artisanal qui capture l&rsquo;essence vibrante de la faune et de la flore espagnoles. Con\u00e7ues avec un charmant motif de salamandre, ces sali\u00e8res arborent une finition blanche sophistiqu\u00e9e, compl\u00e9t\u00e9e par des d\u00e9tails complexes de mosa\u00efque multicolore qui leur conf\u00e8rent un attrait visuel unique. Les figures de salamandre sont orn\u00e9es de motifs floraux vifs dans des tons rouges, bleus et jaunes, cr\u00e9ant un contraste captivant qui rehausse leur beaut\u00e9 et leur \u00e9l\u00e9gance. Chaque pi\u00e8ce est un exemple de l&rsquo;artisanat traditionnel, refl\u00e9tant le travail minutieux des artisans locaux, sp\u00e9cialistes des techniques de c\u00e9ramique. Cet ensemble n&rsquo;est pas seulement fonctionnel, apportant de la saveur \u00e0 n&rsquo;importe quel repas, mais sert \u00e9galement de pi\u00e8ce d\u00e9corative qui embellit la table, ajoutant un air de tradition et de couleur \u00e0 n&rsquo;importe quel foyer. Les sali\u00e8res sont un souvenir id\u00e9al pour les touristes \u00e0 la recherche de souvenirs authentiques et repr\u00e9sentatifs de la culture espagnole, parfaits pour ramener un morceau de l&rsquo;h\u00e9ritage artisanal chez soi. Chez Ol\u00e9 Mosaic, nous proposons ces sali\u00e8res en c\u00e9ramique en gros, garantissant que chaque client puisse profiter de la qualit\u00e9 et de l&rsquo;authenticit\u00e9 qui caract\u00e9risent nos produits.<\/p>\n","protected":false},"excerpt":{"rendered":"<p>Sali\u00e8res en c\u00e9ramique peintes \u00e0 la main, avec un design charmant de salamandres et de fleurs. Cet ensemble pr\u00e9sente une finition blanche avec des d\u00e9tails de mosa\u00efque multicolore qui rehaussent son attrait visuel. Les figures, \u00e9voquant la faune et la flore de la r\u00e9gion, sont orn\u00e9es de motifs floraux dans des tons rouge, bleu et jaune, apportant une touche vibrante \u00e0 n&rsquo;importe quelle table. Id\u00e9al pour donner un air de tradition et de couleur \u00e0 votre int\u00e9rieur.<\/p>\n","protected":false},"featured_media":8357,"template":"","meta":{"_acf_changed":false},"product_brand":[],"product_cat":[817],"product_tag":[530,585],"class_list":{"0":"post-36823","1":"product","2":"type-product","3":"status-publish","4":"has-post-thumbnail","6":"product_cat-salieres","7":"product_tag-animaux","8":"product_tag-ceramique","9":"pa_motivo-salamandres","11":"first","12":"instock","13":"shipping-taxable","14":"product-type-simple"},"acf":[],"_links":{"self":[{"href":"https:\/\/olemosaic.orbitalia.org\/fr\/wp-json\/wp\/v2\/product\/36823","targetHints":{"allow":["GET"]}}],"collection":[{"href":"https:\/\/olemosaic.orbitalia.org\/fr\/wp-json\/wp\/v2\/product"}],"about":[{"href":"https:\/\/olemosaic.orbitalia.org\/fr\/wp-json\/wp\/v2\/types\/product"}],"wp:featuredmedia":[{"embeddable":true,"href":"https:\/\/olemosaic.orbitalia.org\/fr\/wp-json\/wp\/v2\/media\/8357"}],"wp:attachment":[{"href":"https:\/\/olemosaic.orbitalia.org\/fr\/wp-json\/wp\/v2\/media?parent=36823"}],"wp:term":[{"taxonomy":"product_brand","embeddable":true,"href":"https:\/\/olemosaic.orbitalia.org\/fr\/wp-json\/wp\/v2\/product_brand?post=36823"},{"taxonomy":"product_cat","embeddable":true,"href":"https:\/\/olemosaic.orbitalia.org\/fr\/wp-json\/wp\/v2\/product_cat?post=36823"},{"taxonomy":"product_tag","embeddable":true,"href":"https:\/\/olemosaic.orbitalia.org\/fr\/wp-json\/wp\/v2\/product_tag?post=36823"}],"curies":[{"name":"wp","href":"https:\/\/api.w.org\/{rel}","templated":true}]}}