{"id":36821,"date":"2025-02-20T23:31:27","date_gmt":"2025-02-20T22:31:27","guid":{"rendered":"https:\/\/olemosaic.orbitalia.org\/producto\/4-bols-de-coco-de-13-x-6-cm-isla-tenerife-4\/"},"modified":"2025-07-25T19:55:40","modified_gmt":"2025-07-25T17:55:40","slug":"4-bols-en-noix-de-coco-de-13-x-6-cm-ile-tenerife-4","status":"publish","type":"product","link":"https:\/\/olemosaic.orbitalia.org\/fr\/produit\/4-bols-en-noix-de-coco-de-13-x-6-cm-ile-tenerife-4\/","title":{"rendered":"4 Bols en noix de coco de 13 x 6 cm. \u00cele. Mosa\u00efque. Tenerife. Canaries."},"content":{"rendered":"<p>Cet ensemble de quatre bols en noix de coco de 13 x 6 cm est une repr\u00e9sentation vibrante de Tenerife, id\u00e9al pour ajouter une touche canarienne \u00e0 n&rsquo;importe quel foyer. Chaque bol est d\u00e9cor\u00e9 de la silhouette distinctive de l&rsquo;\u00eele, soulignant sa forme unique et ses caract\u00e9ristiques g\u00e9ographiques. Dans des tons vibrants de bleu, rouge, orange et rose, ces bols pr\u00e9sentent un \u00e9l\u00e9gant design de mosa\u00efque sur les bords, qui capte l&rsquo;attention et l&rsquo;imagination. La finition brillante apporte non seulement un aspect attrayant, mais procure \u00e9galement une sensation de fra\u00eecheur, en faisant un excellent choix tant pour servir des ap\u00e9ritifs que pour les utiliser comme \u00e9l\u00e9ments d\u00e9coratifs.<\/p>\n<p>Ces bols en noix de coco sont plus que de simples r\u00e9cipients ; ils sont un symbole de la riche culture canarienne et du mode de vie joyeux de ses habitants. Avec un design qui refl\u00e8te le paysage et l&rsquo;identit\u00e9 de Tenerife, ils agissent comme un souvenir authentique des merveilles de l&rsquo;\u00eele. Cet ensemble est parfait pour les touristes \u00e0 la recherche de souvenirs de qualit\u00e9 repr\u00e9sentant leur exp\u00e9rience aux Canaries. Chez Ol\u00e9 Mosaic, en tant que grossistes de souvenirs canariens, nous garantissons l&rsquo;authenticit\u00e9 et le charme de chaque pi\u00e8ce, assurant que cet ensemble de bols en noix de coco soit un cadeau m\u00e9morable et utile pour toute occasion.<\/p>\n","protected":false},"excerpt":{"rendered":"<p>Bols en noix de coco de 13 x 6 cm, d\u00e9cor\u00e9s de la silhouette de l&rsquo;\u00eele de Tenerife. Ce jeu de quatre bols color\u00e9s pr\u00e9sente des teintes vibrantes de bleu, rouge, orange et rose, chacun encadr\u00e9 par un \u00e9l\u00e9gant design de mosa\u00efque. Avec une finition brillante, les bols sont parfaits pour servir des ap\u00e9ritifs ou comme \u00e9l\u00e9ment d\u00e9coratif, apportant une touche canarienne \u00e0 n&rsquo;importe quel foyer.<\/p>\n","protected":false},"featured_media":12116,"template":"","meta":{"_acf_changed":false},"product_brand":[],"product_cat":[521],"product_tag":[],"class_list":{"0":"post-36821","1":"product","2":"type-product","3":"status-publish","4":"has-post-thumbnail","6":"product_cat-bols","7":"pa_ciudad-tenerife","8":"pa_motivo-iles","9":"pa_pais-espana","11":"first","12":"instock","13":"shipping-taxable","14":"product-type-simple"},"acf":[],"_links":{"self":[{"href":"https:\/\/olemosaic.orbitalia.org\/fr\/wp-json\/wp\/v2\/product\/36821","targetHints":{"allow":["GET"]}}],"collection":[{"href":"https:\/\/olemosaic.orbitalia.org\/fr\/wp-json\/wp\/v2\/product"}],"about":[{"href":"https:\/\/olemosaic.orbitalia.org\/fr\/wp-json\/wp\/v2\/types\/product"}],"wp:featuredmedia":[{"embeddable":true,"href":"https:\/\/olemosaic.orbitalia.org\/fr\/wp-json\/wp\/v2\/media\/12116"}],"wp:attachment":[{"href":"https:\/\/olemosaic.orbitalia.org\/fr\/wp-json\/wp\/v2\/media?parent=36821"}],"wp:term":[{"taxonomy":"product_brand","embeddable":true,"href":"https:\/\/olemosaic.orbitalia.org\/fr\/wp-json\/wp\/v2\/product_brand?post=36821"},{"taxonomy":"product_cat","embeddable":true,"href":"https:\/\/olemosaic.orbitalia.org\/fr\/wp-json\/wp\/v2\/product_cat?post=36821"},{"taxonomy":"product_tag","embeddable":true,"href":"https:\/\/olemosaic.orbitalia.org\/fr\/wp-json\/wp\/v2\/product_tag?post=36821"}],"curies":[{"name":"wp","href":"https:\/\/api.w.org\/{rel}","templated":true}]}}