{"id":36820,"date":"2025-02-20T23:31:27","date_gmt":"2025-02-20T22:31:27","guid":{"rendered":"https:\/\/olemosaic.orbitalia.org\/producto\/4-bols-de-coco-de-13-x-6-cm-flamenco-2\/"},"modified":"2025-07-25T20:36:17","modified_gmt":"2025-07-25T18:36:17","slug":"4-bols-en-noix-de-coco-de-13-x-6-cm-flamenco-2","status":"publish","type":"product","link":"https:\/\/olemosaic.orbitalia.org\/fr\/produit\/4-bols-en-noix-de-coco-de-13-x-6-cm-flamenco-2\/","title":{"rendered":"4 Bols en noix de coco de 13 x 6 cm. Flamenco. Finition artisanale."},"content":{"rendered":"<p>Ce jeu de quatre bols en noix de coco, de 13 x 6 cm, est un v\u00e9ritable joyau artisanal qui capture l&rsquo;essence du flamenco espagnol. Chaque bol, disponible dans des couleurs vibrantes bleu, orange, rouge et dor\u00e9, pr\u00e9sente une finition d\u00e9taill\u00e9e mettant en valeur des silhouettes de flamencos au centre, symbolisant l&rsquo;\u00e9l\u00e9gance et la gr\u00e2ce associ\u00e9es \u00e0 cette danse embl\u00e9matique. La surface des bols pr\u00e9sente un effet textur\u00e9 qui non seulement capte la lumi\u00e8re de mani\u00e8re impressionnante, mais ajoute \u00e9galement une dimension visuelle captivante, les rendant id\u00e9aux pour d\u00e9corer n&rsquo;importe quel espace.<\/p>\n<p>Ces bols apportent non seulement une touche color\u00e9e et exotique aux tables et aux d\u00e9corations d&rsquo;int\u00e9rieur, mais \u00e9voquent \u00e9galement l&rsquo;esprit des paysages ensoleill\u00e9s d&rsquo;Espagne, o\u00f9 le flamenco est n\u00e9 et s&rsquo;\u00e9panouit. Le lien culturel de ces bols avec la tradition flamande en fait un souvenir embl\u00e9matique, permettant aux touristes de repartir avec un morceau du riche patrimoine espagnol. Parfaits comme souvenirs de d\u00e9coration, ils refl\u00e8tent \u00e0 la fois l&rsquo;artisanat local et la culture vibrante des r\u00e9gions o\u00f9 le flamenco est c\u00e9l\u00e9br\u00e9.<\/p>\n<p>Chez Ol\u00e9 Mosaic, nous nous sp\u00e9cialisons dans la distribution de souvenirs en gros, proposant des articles authentiques qui apportent une valeur culturelle et esth\u00e9tique. Ce jeu de bols en noix de coco est une excellente option pour les boutiques de cadeaux touristiques cherchant \u00e0 offrir des produits de qualit\u00e9, pertinents et avec une touche unique de la culture espagnole.<\/p>\n","protected":false},"excerpt":{"rendered":"<p>Bol en noix de coco de 13 x 6 cm sur le th\u00e8me du flamenco, disponible dans un ensemble de quatre couleurs vibrantes : bleu, orange, rouge et dor\u00e9. Chaque bol pr\u00e9sente une finition artisanale avec un design tr\u00e8s sp\u00e9cial incluant des silhouettes de flamencos au centre. La surface pr\u00e9sente un effet textur\u00e9 qui capte la lumi\u00e8re, rehaussant son attrait visuel. Parfaits pour ajouter une touche color\u00e9e et exotique \u00e0 n&rsquo;importe quelle table ou d\u00e9coration, \u00e9voquant l&rsquo;esprit des paysages espagnols.<\/p>\n","protected":false},"featured_media":13802,"template":"","meta":{"_acf_changed":false},"product_brand":[],"product_cat":[521],"product_tag":[530],"class_list":{"0":"post-36820","1":"product","2":"type-product","3":"status-publish","4":"has-post-thumbnail","6":"product_cat-bols","7":"product_tag-animaux","8":"pa_motivo-flamants-roses","10":"first","11":"instock","12":"shipping-taxable","13":"product-type-simple"},"acf":[],"_links":{"self":[{"href":"https:\/\/olemosaic.orbitalia.org\/fr\/wp-json\/wp\/v2\/product\/36820","targetHints":{"allow":["GET"]}}],"collection":[{"href":"https:\/\/olemosaic.orbitalia.org\/fr\/wp-json\/wp\/v2\/product"}],"about":[{"href":"https:\/\/olemosaic.orbitalia.org\/fr\/wp-json\/wp\/v2\/types\/product"}],"wp:featuredmedia":[{"embeddable":true,"href":"https:\/\/olemosaic.orbitalia.org\/fr\/wp-json\/wp\/v2\/media\/13802"}],"wp:attachment":[{"href":"https:\/\/olemosaic.orbitalia.org\/fr\/wp-json\/wp\/v2\/media?parent=36820"}],"wp:term":[{"taxonomy":"product_brand","embeddable":true,"href":"https:\/\/olemosaic.orbitalia.org\/fr\/wp-json\/wp\/v2\/product_brand?post=36820"},{"taxonomy":"product_cat","embeddable":true,"href":"https:\/\/olemosaic.orbitalia.org\/fr\/wp-json\/wp\/v2\/product_cat?post=36820"},{"taxonomy":"product_tag","embeddable":true,"href":"https:\/\/olemosaic.orbitalia.org\/fr\/wp-json\/wp\/v2\/product_tag?post=36820"}],"curies":[{"name":"wp","href":"https:\/\/api.w.org\/{rel}","templated":true}]}}