{"id":36819,"date":"2025-02-20T23:31:27","date_gmt":"2025-02-20T22:31:27","guid":{"rendered":"https:\/\/olemosaic.orbitalia.org\/producto\/4-bols-de-coco-de-13-x-6-cm-salamandra-tenerife-3\/"},"modified":"2025-07-25T18:56:56","modified_gmt":"2025-07-25T16:56:56","slug":"4-bols-en-noix-de-coco-de-13-x-6-cm-salamandre-tenerife-3","status":"publish","type":"product","link":"https:\/\/olemosaic.orbitalia.org\/fr\/produit\/4-bols-en-noix-de-coco-de-13-x-6-cm-salamandre-tenerife-3\/","title":{"rendered":"4 Bols en noix de coco de 13 x 6 cm. Salamandre. Tenerife. Canaries."},"content":{"rendered":"<p>Ce jeu de bols en noix de coco de 13 x 6 cm est une authentique repr\u00e9sentation de la culture canarienne, id\u00e9al pour ceux qui recherchent un souvenir de Tenerife alliant fonctionnalit\u00e9 et art. Chacun de ces quatre bols, fabriqu\u00e9s \u00e0 partir de coques de noix de coco, pr\u00e9sente un design tr\u00e8s sp\u00e9cial mettant en valeur la salamandre vibrante, symbole iconique du folklore des \u00eeles Canaries. Peints \u00e0 la main dans des tons bleu, jaune, rose et lilas, les bols capturent l&rsquo;essence des couleurs de l&rsquo;oc\u00e9an et de la nature exotique de la r\u00e9gion.<\/p>\n<p>Les techniques artisanales employ\u00e9es pour leur fabrication garantissent non seulement l&rsquo;authenticit\u00e9 de chaque pi\u00e8ce, mais favorisent \u00e9galement l&rsquo;h\u00e9ritage culturel de Tenerife. Id\u00e9aux comme pi\u00e8ces d\u00e9coratives ou pour servir des ap\u00e9ritifs, ces bols d\u00e9coratifs deviennent un \u00e9l\u00e9ment attrayant sur n&rsquo;importe quelle table, apportant une touche vibrante et exotique aux r\u00e9unions et c\u00e9l\u00e9brations.<\/p>\n<p>Chez Ol\u00e9 Mosaic, nous sommes fiers de proposer des souvenirs de haute qualit\u00e9 qui mettent en valeur la diversit\u00e9 culturelle de l&rsquo;Espagne, faisant de chaque produit un souvenir sp\u00e9cial de la visite \u00e0 Tenerife. Ce jeu de bols en noix de coco est une excellente option pour les boutiques de cadeaux touristiques cherchant \u00e0 int\u00e9grer des articles authentiques et uniques, se distinguant comme un bel exemple de l&rsquo;artisanat local et de la beaut\u00e9 du folklore canarien.<\/p>\n","protected":false},"excerpt":{"rendered":"<p>Bols en noix de coco de 13 x 6 cm d\u00e9cor\u00e9s de motifs color\u00e9s de salamandres, repr\u00e9sentatifs de Tenerife. Ces quatre bols, fabriqu\u00e9s \u00e0 partir de coques de noix de coco, sont peints \u00e0 la main dans des tons bleu, jaune, rose et lilas, chacun avec un design tr\u00e8s sp\u00e9cial qui souligne la beaut\u00e9 du folklore canarien. Parfaits comme pi\u00e8ces d\u00e9coratives ou pour servir des ap\u00e9ritifs, ils ajoutent une touche vibrante et exotique \u00e0 n&rsquo;importe quelle table.<\/p>\n","protected":false},"featured_media":12120,"template":"","meta":{"_acf_changed":false},"product_brand":[],"product_cat":[521],"product_tag":[530],"class_list":{"0":"post-36819","1":"product","2":"type-product","3":"status-publish","4":"has-post-thumbnail","6":"product_cat-bols","7":"product_tag-animaux","8":"pa_ciudad-tenerife","9":"pa_motivo-salamandres","10":"pa_pais-espana","12":"first","13":"instock","14":"shipping-taxable","15":"product-type-simple"},"acf":[],"_links":{"self":[{"href":"https:\/\/olemosaic.orbitalia.org\/fr\/wp-json\/wp\/v2\/product\/36819","targetHints":{"allow":["GET"]}}],"collection":[{"href":"https:\/\/olemosaic.orbitalia.org\/fr\/wp-json\/wp\/v2\/product"}],"about":[{"href":"https:\/\/olemosaic.orbitalia.org\/fr\/wp-json\/wp\/v2\/types\/product"}],"wp:featuredmedia":[{"embeddable":true,"href":"https:\/\/olemosaic.orbitalia.org\/fr\/wp-json\/wp\/v2\/media\/12120"}],"wp:attachment":[{"href":"https:\/\/olemosaic.orbitalia.org\/fr\/wp-json\/wp\/v2\/media?parent=36819"}],"wp:term":[{"taxonomy":"product_brand","embeddable":true,"href":"https:\/\/olemosaic.orbitalia.org\/fr\/wp-json\/wp\/v2\/product_brand?post=36819"},{"taxonomy":"product_cat","embeddable":true,"href":"https:\/\/olemosaic.orbitalia.org\/fr\/wp-json\/wp\/v2\/product_cat?post=36819"},{"taxonomy":"product_tag","embeddable":true,"href":"https:\/\/olemosaic.orbitalia.org\/fr\/wp-json\/wp\/v2\/product_tag?post=36819"}],"curies":[{"name":"wp","href":"https:\/\/api.w.org\/{rel}","templated":true}]}}