{"id":36790,"date":"2025-02-20T23:30:19","date_gmt":"2025-02-20T22:30:19","guid":{"rendered":"https:\/\/olemosaic.orbitalia.org\/producto\/bol-de-coco-azul-delfin-mallorca-5\/"},"modified":"2025-07-25T20:15:22","modified_gmt":"2025-07-25T18:15:22","slug":"bol-noix-de-coco-bleu-dauphin-majorque-5-fr","status":"publish","type":"product","link":"https:\/\/olemosaic.orbitalia.org\/fr\/produit\/bol-noix-de-coco-bleu-dauphin-majorque-5-fr\/","title":{"rendered":"Bol en noix de coco bleu. Dauphin. Style m\u00e9diterran\u00e9en. Majorque."},"content":{"rendered":"<p>Ce bol en noix de coco d\u00e9cor\u00e9, d&rsquo;un ton bleu vibrant, \u00e9voque la beaut\u00e9 et la magie de la mer M\u00e9diterran\u00e9e, devenant un souvenir incontournable de Majorque. Con\u00e7u avec \u00e9l\u00e9gance, il pr\u00e9sente un charmant motif peint \u00e0 la main au centre, montrant un dauphin, symbole de joie et de libert\u00e9 dans l&rsquo;oc\u00e9an. Autour du dauphin, une finition effet mosa\u00efque se d\u00e9ploie dans une vari\u00e9t\u00e9 de bleus, rappelant les eaux cristallines qui entourent l&rsquo;\u00eele. Les d\u00e9tails en bronze, qui encadrent le design, apportent une touche sophistiqu\u00e9e, soulignant le caract\u00e8re artisanal de la pi\u00e8ce.<\/p>\n<p>Id\u00e9al aussi bien pour servir des ap\u00e9ritifs que pour \u00eatre utilis\u00e9 comme \u00e9l\u00e9ment d\u00e9coratif dans n&rsquo;importe quel foyer, ce bol est un rappel du mode de vie c\u00f4tier de Majorque. Son authenticit\u00e9 et le processus m\u00e9ticuleux de fabrication artisanale font de ce bol un souvenir unique, qui non seulement capture l&rsquo;essence de l&rsquo;\u00eele, mais c\u00e9l\u00e8bre \u00e9galement son lien culturel profond avec la mer.<\/p>\n<p>Chez Ol\u00e9 Mosaic, nous sommes fiers de proposer des produits authentiques et artistiques en gros. Ce bol en noix de coco est une excellente option pour les boutiques de cadeaux touristiques qui cherchent \u00e0 ajouter une touche d&rsquo;authenticit\u00e9 m\u00e9diterran\u00e9enne \u00e0 leurs \u00e9tag\u00e8res. Parfait pour ceux qui souhaitent emporter un morceau de Majorque, ce bol se distingue comme un symbole du patrimoine artisanal et un t\u00e9moignage du charme maritime de la r\u00e9gion.<\/p>\n","protected":false},"excerpt":{"rendered":"<p>Bol en noix de coco d\u00e9cor\u00e9 d&rsquo;un bleu vibrant, inspir\u00e9 du charme maritime de Majorque. Ce bol attrayant pr\u00e9sente un design artisanal, peint \u00e0 la main, avec des motifs de dauphins au centre, entour\u00e9 d&rsquo;une finition effet mosa\u00efque dans diff\u00e9rents tons de bleu et des d\u00e9tails en bronze. Id\u00e9al pour servir des ap\u00e9ritifs ou comme pi\u00e8ce d\u00e9corative, il refl\u00e8te la beaut\u00e9 de la mer M\u00e9diterran\u00e9e et l&rsquo;essence de l&rsquo;\u00eele.<\/p>\n","protected":false},"featured_media":11889,"template":"","meta":{"_acf_changed":false},"product_brand":[],"product_cat":[521],"product_tag":[530],"class_list":{"0":"post-36790","1":"product","2":"type-product","3":"status-publish","4":"has-post-thumbnail","6":"product_cat-bols","7":"product_tag-animaux","8":"pa_ciudad-mallorca","9":"pa_motivo-dauphins","10":"pa_pais-espana","12":"first","13":"instock","14":"shipping-taxable","15":"product-type-simple"},"acf":[],"_links":{"self":[{"href":"https:\/\/olemosaic.orbitalia.org\/fr\/wp-json\/wp\/v2\/product\/36790","targetHints":{"allow":["GET"]}}],"collection":[{"href":"https:\/\/olemosaic.orbitalia.org\/fr\/wp-json\/wp\/v2\/product"}],"about":[{"href":"https:\/\/olemosaic.orbitalia.org\/fr\/wp-json\/wp\/v2\/types\/product"}],"wp:featuredmedia":[{"embeddable":true,"href":"https:\/\/olemosaic.orbitalia.org\/fr\/wp-json\/wp\/v2\/media\/11889"}],"wp:attachment":[{"href":"https:\/\/olemosaic.orbitalia.org\/fr\/wp-json\/wp\/v2\/media?parent=36790"}],"wp:term":[{"taxonomy":"product_brand","embeddable":true,"href":"https:\/\/olemosaic.orbitalia.org\/fr\/wp-json\/wp\/v2\/product_brand?post=36790"},{"taxonomy":"product_cat","embeddable":true,"href":"https:\/\/olemosaic.orbitalia.org\/fr\/wp-json\/wp\/v2\/product_cat?post=36790"},{"taxonomy":"product_tag","embeddable":true,"href":"https:\/\/olemosaic.orbitalia.org\/fr\/wp-json\/wp\/v2\/product_tag?post=36790"}],"curies":[{"name":"wp","href":"https:\/\/api.w.org\/{rel}","templated":true}]}}