{"id":36787,"date":"2025-02-20T23:30:19","date_gmt":"2025-02-20T22:30:19","guid":{"rendered":"https:\/\/olemosaic.orbitalia.org\/producto\/bol-de-coco-flores-4\/"},"modified":"2025-07-25T19:54:17","modified_gmt":"2025-07-25T17:54:17","slug":"bol-noix-de-coco-fleurs-4-fr","status":"publish","type":"product","link":"https:\/\/olemosaic.orbitalia.org\/fr\/produit\/bol-noix-de-coco-fleurs-4-fr\/","title":{"rendered":"Bol en noix de coco. Fleurs."},"content":{"rendered":"<p>Ce bol en noix de coco d\u00e9cor\u00e9 est une pi\u00e8ce unique qui allie beaut\u00e9 et durabilit\u00e9, id\u00e9ale pour ajouter une touche de couleur \u00e0 n&rsquo;importe quelle table. Fabriqu\u00e9 en noix de coco, ce bol exclusif pr\u00e9sente une finition naturelle qui souligne la texture organique du mat\u00e9riau et est parfait pour ceux qui recherchent un accessoire \u00e0 la fois fonctionnel et d\u00e9coratif. Sa d\u00e9coration vibrante, avec un effet peint \u00e0 la main dans des tons d\u00e9licats de rose, bleu et vert, pr\u00e9sente un magnifique motif floral qui \u00e9voque la riche tradition artisanale espagnole, refl\u00e9tant un profond respect pour le folklore et l&rsquo;esth\u00e9tique r\u00e9gionale.<\/p>\n<p>La forme organique du bol, avec ses bords doucement incurv\u00e9s, invite \u00e0 son utilisation lors de diverses occasions, des r\u00e9unions de famille aux c\u00e9l\u00e9brations sp\u00e9ciales. Ce bol n&rsquo;est pas seulement un article de table, mais aussi un souvenir vivant de la culture et de l&rsquo;artisanat de l&rsquo;Espagne, parfait pour les touristes \u00e0 la recherche de souvenirs authentiques et repr\u00e9sentatifs. En choisissant ce bol en noix de coco, les acheteurs n&rsquo;acqui\u00e8rent pas seulement un bel objet, mais aussi une pi\u00e8ce charg\u00e9e d&rsquo;histoire et d&rsquo;\u00e2me, qui raconte la tradition artisanale locale.<\/p>\n<p>Chez Ol\u00e9 Mosaic, notre approche de la distribution de souvenirs en gros inclut des produits comme ce bol \u00e0 fleurs, con\u00e7u pour les boutiques de cadeaux touristiques qui souhaitent proposer des articles authentiques et culturellement pertinents. Ce bol en noix de coco est une excellente option pour ceux qui recherchent un souvenir alliant esth\u00e9tique, fonctionnalit\u00e9 et une touche de durabilit\u00e9.<\/p>\n","protected":false},"excerpt":{"rendered":"<p>Bol en noix de coco d\u00e9cor\u00e9 d&rsquo;un design floral vibrant, id\u00e9al pour donner une touche de couleur \u00e0 votre table. Fabriqu\u00e9 en noix de coco, ce bol exclusif pr\u00e9sente une finition naturelle et durable, avec un magnifique motif floral au design artisanal, peint \u00e0 la main, dans des tons rose, bleu et vert. Sa forme organique et sa d\u00e9coration artistique refl\u00e8tent la riche tradition artisanale, en faisant un accessoire qui capture l&rsquo;essence du folklore et de la culture espagnole.<\/p>\n","protected":false},"featured_media":11832,"template":"","meta":{"_acf_changed":false},"product_brand":[],"product_cat":[521],"product_tag":[],"class_list":{"0":"post-36787","1":"product","2":"type-product","3":"status-publish","4":"has-post-thumbnail","6":"product_cat-bols","7":"pa_motivo-fleurs","9":"first","10":"instock","11":"shipping-taxable","12":"product-type-simple"},"acf":[],"_links":{"self":[{"href":"https:\/\/olemosaic.orbitalia.org\/fr\/wp-json\/wp\/v2\/product\/36787","targetHints":{"allow":["GET"]}}],"collection":[{"href":"https:\/\/olemosaic.orbitalia.org\/fr\/wp-json\/wp\/v2\/product"}],"about":[{"href":"https:\/\/olemosaic.orbitalia.org\/fr\/wp-json\/wp\/v2\/types\/product"}],"wp:featuredmedia":[{"embeddable":true,"href":"https:\/\/olemosaic.orbitalia.org\/fr\/wp-json\/wp\/v2\/media\/11832"}],"wp:attachment":[{"href":"https:\/\/olemosaic.orbitalia.org\/fr\/wp-json\/wp\/v2\/media?parent=36787"}],"wp:term":[{"taxonomy":"product_brand","embeddable":true,"href":"https:\/\/olemosaic.orbitalia.org\/fr\/wp-json\/wp\/v2\/product_brand?post=36787"},{"taxonomy":"product_cat","embeddable":true,"href":"https:\/\/olemosaic.orbitalia.org\/fr\/wp-json\/wp\/v2\/product_cat?post=36787"},{"taxonomy":"product_tag","embeddable":true,"href":"https:\/\/olemosaic.orbitalia.org\/fr\/wp-json\/wp\/v2\/product_tag?post=36787"}],"curies":[{"name":"wp","href":"https:\/\/api.w.org\/{rel}","templated":true}]}}