{"id":36780,"date":"2025-02-20T23:29:53","date_gmt":"2025-02-20T22:29:53","guid":{"rendered":"https:\/\/olemosaic.orbitalia.org\/producto\/bol-de-coco-azul-salamandra-4\/"},"modified":"2025-07-25T20:19:48","modified_gmt":"2025-07-25T18:19:48","slug":"bol-en-noix-de-coco-bleu-salamandre-4","status":"publish","type":"product","link":"https:\/\/olemosaic.orbitalia.org\/fr\/produit\/bol-en-noix-de-coco-bleu-salamandre-4\/","title":{"rendered":"Bol en noix de coco bleu. Salamandre. Fond marin."},"content":{"rendered":"<p>Ce bol en noix de coco bleu est une pi\u00e8ce d\u00e9corative exquise qui refl\u00e8te la richesse culturelle de la r\u00e9gion m\u00e9diterran\u00e9enne. Con\u00e7u avec un fond bleu clair, le bol est orn\u00e9 de cercles dans diverses nuances de bleu qui \u00e9voquent la s\u00e9r\u00e9nit\u00e9 de l&rsquo;oc\u00e9an. Au centre, une magnifique salamandre se distingue, avec un effet peint \u00e0 la main dans des tons marron sophistiqu\u00e9s avec des d\u00e9tails rouge vif, apportant une touche distinctive et unique \u00e0 ce chef-d&rsquo;\u0153uvre artisanal. Cette repr\u00e9sentation animale n&#8217;embellit pas seulement le bol, mais symbolise \u00e9galement la connexion avec la flore et la faune de la M\u00e9diterran\u00e9e, soulignant son authenticit\u00e9 et le respect de la nature locale.<\/p>\n<p>Id\u00e9al pour servir des ap\u00e9ritifs ou comme \u00e9l\u00e9ment d\u00e9coratif attrayant dans n&rsquo;importe quelle maison, ce bol en noix de coco bleu est un reflet parfait de la tradition artistique de la r\u00e9gion. Il devient ainsi un souvenir indispensable pour ceux qui recherchent des souvenirs qui transcendent l&rsquo;ordinaire, apportant un air de sophistication et de culture m\u00e9diterran\u00e9enne \u00e0 leur collection. Chez Ol\u00e9 Mosaic, notre engagement est d&rsquo;offrir des produits uniques en gros qui repr\u00e9sentent l&rsquo;essence de lieux embl\u00e9matiques. Ce bol est une excellente option pour les boutiques de cadeaux touristiques souhaitant mettre en avant l&rsquo;authenticit\u00e9 et la qualit\u00e9 de leurs articles. En tant que distributeur de souvenirs authentiques, nous garantissons que chaque pi\u00e8ce, comme ce bol, est un hommage \u00e0 la culture vibrante qui l&rsquo;inspire.<\/p>\n","protected":false},"excerpt":{"rendered":"<p>Bol en noix de coco bleu d\u00e9cor\u00e9 d&rsquo;un motif de salamandre au design artisanal, peint \u00e0 la main, inspir\u00e9 par la riche flore et faune m\u00e9diterran\u00e9ennes. Ce bol \u00e9l\u00e9gant pr\u00e9sente un fond bleu clair orn\u00e9 de cercles de diff\u00e9rentes nuances de bleu, \u00e9voquant l&rsquo;oc\u00e9an. La salamandre, aux tons marron et d\u00e9tails rouge vif, ajoute une touche distinctive et culturelle. Parfait pour servir des ap\u00e9ritifs ou comme pi\u00e8ce d\u00e9corative dans la maison.<\/p>\n","protected":false},"featured_media":11833,"template":"","meta":{"_acf_changed":false},"product_brand":[],"product_cat":[521],"product_tag":[530],"class_list":{"0":"post-36780","1":"product","2":"type-product","3":"status-publish","4":"has-post-thumbnail","6":"product_cat-bols","7":"product_tag-animaux","8":"pa_motivo-salamandres","10":"first","11":"instock","12":"shipping-taxable","13":"product-type-simple"},"acf":[],"_links":{"self":[{"href":"https:\/\/olemosaic.orbitalia.org\/fr\/wp-json\/wp\/v2\/product\/36780","targetHints":{"allow":["GET"]}}],"collection":[{"href":"https:\/\/olemosaic.orbitalia.org\/fr\/wp-json\/wp\/v2\/product"}],"about":[{"href":"https:\/\/olemosaic.orbitalia.org\/fr\/wp-json\/wp\/v2\/types\/product"}],"wp:featuredmedia":[{"embeddable":true,"href":"https:\/\/olemosaic.orbitalia.org\/fr\/wp-json\/wp\/v2\/media\/11833"}],"wp:attachment":[{"href":"https:\/\/olemosaic.orbitalia.org\/fr\/wp-json\/wp\/v2\/media?parent=36780"}],"wp:term":[{"taxonomy":"product_brand","embeddable":true,"href":"https:\/\/olemosaic.orbitalia.org\/fr\/wp-json\/wp\/v2\/product_brand?post=36780"},{"taxonomy":"product_cat","embeddable":true,"href":"https:\/\/olemosaic.orbitalia.org\/fr\/wp-json\/wp\/v2\/product_cat?post=36780"},{"taxonomy":"product_tag","embeddable":true,"href":"https:\/\/olemosaic.orbitalia.org\/fr\/wp-json\/wp\/v2\/product_tag?post=36780"}],"curies":[{"name":"wp","href":"https:\/\/api.w.org\/{rel}","templated":true}]}}