{"id":36779,"date":"2025-02-20T23:29:53","date_gmt":"2025-02-20T22:29:53","guid":{"rendered":"https:\/\/olemosaic.orbitalia.org\/producto\/bol-de-coco-azul-tortuga-menorca-2\/"},"modified":"2025-07-25T18:40:04","modified_gmt":"2025-07-25T16:40:04","slug":"bol-en-noix-de-coco-bleu-tortue-minorque-2","status":"publish","type":"product","link":"https:\/\/olemosaic.orbitalia.org\/fr\/produit\/bol-en-noix-de-coco-bleu-tortue-minorque-2\/","title":{"rendered":"Bol en noix de coco bleu. Tortue. Minorque. Bal\u00e9ares."},"content":{"rendered":"<p>Ce bol en noix de coco bleu est une pi\u00e8ce d\u00e9corative exquise qui \u00e9voque la beaut\u00e9 naturelle de Minorque, l&rsquo;une des \u00eeles les plus charmantes de la M\u00e9diterran\u00e9e. Sa couleur bleue vibrante repr\u00e9sente les eaux cristallines qui entourent l&rsquo;\u00eele, tandis que le d\u00e9licat bord ornement\u00e9 rehausse son \u00e9l\u00e9gance. Au centre du bol, une \u00e9l\u00e9gante tortue se distingue, symbole de la biodiversit\u00e9 marine de Minorque, soigneusement con\u00e7ue en blanc, ce qui ajoute une touche contrast\u00e9e et sophistiqu\u00e9e \u00e0 l&rsquo;ensemble.<\/p>\n<p>Fabriqu\u00e9 en noix de coco naturelle, ce bol n&rsquo;est pas seulement une \u0153uvre artisanale, mais il est \u00e9galement id\u00e9al pour servir des ap\u00e9ritifs ou comme pi\u00e8ce d\u00e9corative dans n&rsquo;importe quelle maison. La combinaison du design et de l&rsquo;utilit\u00e9 en fait un souvenir parfait pour ceux qui souhaitent emporter un morceau de Minorque avec eux. Ce bol aide ceux qui l&rsquo;acqui\u00e8rent \u00e0 s&rsquo;immerger dans la riche tradition insulaire, c\u00e9l\u00e9brant le respect de la nature et de la culture locale.<\/p>\n<p>Chez Ol\u00e9 Mosaic, nous sommes des distributeurs de souvenirs authentiques et repr\u00e9sentatifs, et ce bol en noix de coco bleu est une excellente option pour les boutiques de cadeaux touristiques \u00e0 la recherche de produits de qualit\u00e9 qui racontent une histoire culturelle. En choisissant ce bol, les touristes obtiennent une pi\u00e8ce unique qui symbolise l&rsquo;essence de Minorque, id\u00e9ale comme souvenir ou cadeau.<\/p>\n","protected":false},"excerpt":{"rendered":"<p>Bol en noix de coco bleu d\u00e9cor\u00e9 d&rsquo;une \u00e9l\u00e9gante tortue, inspir\u00e9 par la beaut\u00e9 de Minorque. Ce bol singulier pr\u00e9sente une couleur bleue vibrante, avec des d\u00e9tails blancs qui font ressortir la figure de la tortue au centre et un d\u00e9licat bord ornement\u00e9. Fabriqu\u00e9 avec de la noix de coco naturelle, il est id\u00e9al pour servir des ap\u00e9ritifs ou comme pi\u00e8ce d\u00e9corative, \u00e9voquant le charme des traditions insulaires avec une touche sophistiqu\u00e9e.<\/p>\n","protected":false},"featured_media":11948,"template":"","meta":{"_acf_changed":false},"product_brand":[],"product_cat":[521],"product_tag":[530],"class_list":{"0":"post-36779","1":"product","2":"type-product","3":"status-publish","4":"has-post-thumbnail","6":"product_cat-bols","7":"product_tag-animaux","8":"pa_ciudad-menorca","9":"pa_motivo-tortues","10":"pa_pais-espana","12":"first","13":"instock","14":"shipping-taxable","15":"product-type-simple"},"acf":[],"_links":{"self":[{"href":"https:\/\/olemosaic.orbitalia.org\/fr\/wp-json\/wp\/v2\/product\/36779","targetHints":{"allow":["GET"]}}],"collection":[{"href":"https:\/\/olemosaic.orbitalia.org\/fr\/wp-json\/wp\/v2\/product"}],"about":[{"href":"https:\/\/olemosaic.orbitalia.org\/fr\/wp-json\/wp\/v2\/types\/product"}],"wp:featuredmedia":[{"embeddable":true,"href":"https:\/\/olemosaic.orbitalia.org\/fr\/wp-json\/wp\/v2\/media\/11948"}],"wp:attachment":[{"href":"https:\/\/olemosaic.orbitalia.org\/fr\/wp-json\/wp\/v2\/media?parent=36779"}],"wp:term":[{"taxonomy":"product_brand","embeddable":true,"href":"https:\/\/olemosaic.orbitalia.org\/fr\/wp-json\/wp\/v2\/product_brand?post=36779"},{"taxonomy":"product_cat","embeddable":true,"href":"https:\/\/olemosaic.orbitalia.org\/fr\/wp-json\/wp\/v2\/product_cat?post=36779"},{"taxonomy":"product_tag","embeddable":true,"href":"https:\/\/olemosaic.orbitalia.org\/fr\/wp-json\/wp\/v2\/product_tag?post=36779"}],"curies":[{"name":"wp","href":"https:\/\/api.w.org\/{rel}","templated":true}]}}