{"id":36757,"date":"2025-02-20T23:29:53","date_gmt":"2025-02-20T22:29:53","guid":{"rendered":"https:\/\/olemosaic.orbitalia.org\/producto\/bol-de-coco-azul-mano-3\/"},"modified":"2025-07-25T18:44:39","modified_gmt":"2025-07-25T16:44:39","slug":"bol-coco-bleu-main-fatma-3","status":"publish","type":"product","link":"https:\/\/olemosaic.orbitalia.org\/fr\/produit\/bol-coco-bleu-main-fatma-3\/","title":{"rendered":"Bol en coco bleu. Main de Fatma. Style m\u00e9diterran\u00e9en."},"content":{"rendered":"<p>Ce bol en coco bleu est une pi\u00e8ce exquise de l&rsquo;artisanat m\u00e9diterran\u00e9en, con\u00e7ue sp\u00e9cifiquement pour mettre en valeur la culture et le symbolisme de la r\u00e9gion. D\u00e9cor\u00e9 artisanalement avec soin, il pr\u00e9sente une finition bleue vibrante \u00e0 l&rsquo;int\u00e9rieur qui capture la lumi\u00e8re de mani\u00e8re unique et transforme n&rsquo;importe quel espace en un refuge de couleur et de vie. Au centre, une main stylis\u00e9e, accompagn\u00e9e d&rsquo;un \u0153il, symbolise la protection et la chance, r\u00e9sonnant profond\u00e9ment avec les traditions qui valorisent ces \u00e9l\u00e9ments comme gardiens de la fortune.<\/p>\n<p>Le design g\u00e9om\u00e9trique qui encadre la main ajoute une dimension artistique combinant des tons clairs et fonc\u00e9s, cr\u00e9ant un effet visuel captivant. Ce bol n&rsquo;est pas seulement une pi\u00e8ce d\u00e9corative ; sa fonctionnalit\u00e9 le rend id\u00e9al pour un usage quotidien, que ce soit pour servir des ap\u00e9ritifs ou comme centre de table d\u00e9licat. Son authenticit\u00e9 et sa connexion culturelle en font un souvenir repr\u00e9sentatif du riche h\u00e9ritage m\u00e9diterran\u00e9en, parfait pour les touristes et les collectionneurs cherchant \u00e0 ramener un morceau de cette tradition chez eux.<\/p>\n<p>Chez Ol\u00e9 Mosaic, nous nous consacrons \u00e0 la distribution de souvenirs en gros, offrant des produits qui capturent l&rsquo;essence de leurs r\u00e9gions d&rsquo;origine. Ce bol en coco bleu est un excellent choix pour les boutiques de cadeaux touristiques \u00e0 la recherche d&rsquo;articles authentiques et visuellement attrayants, garantissant ainsi une exp\u00e9rience m\u00e9morable pour ceux qui les choisissent.<\/p>\n","protected":false},"excerpt":{"rendered":"<p>Bol en coco bleu fabriqu\u00e9 \u00e0 la main, d\u00e9cor\u00e9 d&rsquo;un design frappant comprenant une main stylis\u00e9e et un \u0153il au centre, symboles de protection et de chance. L&rsquo;int\u00e9rieur du bol pr\u00e9sente une finition bleue vibrante, encadr\u00e9e par un motif g\u00e9om\u00e9trique dans des tons plus clairs et plus fonc\u00e9s, cr\u00e9ant un effet visuel attrayant. Id\u00e9al comme pi\u00e8ce d\u00e9corative ou pour un usage quotidien, ce bol capture l&rsquo;essence de l&rsquo;art et de la culture m\u00e9diterran\u00e9enne.<\/p>\n","protected":false},"featured_media":13401,"template":"","meta":{"_acf_changed":false},"product_brand":[],"product_cat":[521],"product_tag":[],"class_list":{"0":"post-36757","1":"product","2":"type-product","3":"status-publish","4":"has-post-thumbnail","6":"product_cat-bols","7":"pa_motivo-mains","9":"first","10":"instock","11":"shipping-taxable","12":"product-type-simple"},"acf":[],"_links":{"self":[{"href":"https:\/\/olemosaic.orbitalia.org\/fr\/wp-json\/wp\/v2\/product\/36757","targetHints":{"allow":["GET"]}}],"collection":[{"href":"https:\/\/olemosaic.orbitalia.org\/fr\/wp-json\/wp\/v2\/product"}],"about":[{"href":"https:\/\/olemosaic.orbitalia.org\/fr\/wp-json\/wp\/v2\/types\/product"}],"wp:featuredmedia":[{"embeddable":true,"href":"https:\/\/olemosaic.orbitalia.org\/fr\/wp-json\/wp\/v2\/media\/13401"}],"wp:attachment":[{"href":"https:\/\/olemosaic.orbitalia.org\/fr\/wp-json\/wp\/v2\/media?parent=36757"}],"wp:term":[{"taxonomy":"product_brand","embeddable":true,"href":"https:\/\/olemosaic.orbitalia.org\/fr\/wp-json\/wp\/v2\/product_brand?post=36757"},{"taxonomy":"product_cat","embeddable":true,"href":"https:\/\/olemosaic.orbitalia.org\/fr\/wp-json\/wp\/v2\/product_cat?post=36757"},{"taxonomy":"product_tag","embeddable":true,"href":"https:\/\/olemosaic.orbitalia.org\/fr\/wp-json\/wp\/v2\/product_tag?post=36757"}],"curies":[{"name":"wp","href":"https:\/\/api.w.org\/{rel}","templated":true}]}}