{"id":36749,"date":"2025-02-20T22:29:32","date_gmt":"2025-02-20T22:29:32","guid":{"rendered":"https:\/\/olemosaic.orbitalia.org\/producto\/bol-de-ceramica-de-14-cm-barcelona-blanco\/"},"modified":"2025-07-25T20:32:37","modified_gmt":"2025-07-25T18:32:37","slug":"bol-en-ceramique-de-14-cm-barcelone-blanc-fr","status":"publish","type":"product","link":"https:\/\/olemosaic.orbitalia.org\/fr\/produit\/bol-en-ceramique-de-14-cm-barcelone-blanc-fr\/","title":{"rendered":"Bol en c\u00e9ramique de 14 cm. Barcelone. Blanc"},"content":{"rendered":"<p>Ce bol en c\u00e9ramique de 14 cm, inspir\u00e9 par l&rsquo;iconique ville de Barcelone, est une pi\u00e8ce unique qui capture l&rsquo;essence vibrante de la capitale catalane. Son design se distingue par la repr\u00e9sentation graphique d&rsquo;\u00e9l\u00e9ments architecturaux embl\u00e9matiques tels que la majestueuse Sagrada Familia et le color\u00e9 Parc G\u00fcell, un hommage au g\u00e9nial Antoni Gaud\u00ed. D\u00e9cor\u00e9 sur une base blanche lumineuse, la partie sup\u00e9rieure pr\u00e9sente un ton rouge audacieux qui lui donne une touche contemporaine et attrayante.<\/p>\n<p>Les motifs en mosa\u00efque, rappelant l&rsquo;\u0153uvre de Gaud\u00ed, sont \u00e9labor\u00e9s avec des couleurs \u00e9clatantes qui \u00e9voquent la riche culture et l&rsquo;art de la ville, cr\u00e9ant un contraste visuel qui fera de ce bol le centre d&rsquo;attention dans n&rsquo;importe quel foyer. Parfait comme souvenir, il est id\u00e9al tant pour les amoureux de Barcelone que pour les touristes cherchant \u00e0 emporter un souvenir authentique de leur visite dans cette ville pleine d&rsquo;histoire et de dynamisme.<\/p>\n<p>Chez Ol\u00e9 Mosaic, nous sommes des distributeurs de souvenirs en c\u00e9ramique qui refl\u00e8tent la tradition et l&rsquo;art locaux. Ce bol en c\u00e9ramique de Barcelone est une excellente option pour les boutiques de cadeaux touristiques souhaitant proposer des produits repr\u00e9sentatifs et de qualit\u00e9 mettant en valeur la beaut\u00e9 culturelle de l&rsquo;Espagne.<\/p>\n","protected":false},"excerpt":{"rendered":"<p>Bol en c\u00e9ramique de 14 cm, inspir\u00e9 par l&#8217;embl\u00e9matique ville de Barcelone. Ce bol pr\u00e9sente un design vibrant incluant des \u00e9l\u00e9ments architecturaux remarquables, tels que la Sagrada Familia et le Parc G\u00fcell. D\u00e9cor\u00e9 de couleurs vives sur un fond blanc, son bord sup\u00e9rieur est d&rsquo;un rouge intense qui lui donne une touche moderne. Les motifs de mosa\u00efque, si caract\u00e9ristiques de Gaud\u00ed, \u00e9voquent la riche culture et l&rsquo;art barcelonais, en faisant un souvenir parfait pour les amoureux de la ville.<\/p>\n","protected":false},"featured_media":11172,"template":"","meta":{"_acf_changed":false},"product_brand":[],"product_cat":[521],"product_tag":[585],"class_list":{"0":"post-36749","1":"product","2":"type-product","3":"status-publish","4":"has-post-thumbnail","6":"product_cat-bols","7":"product_tag-ceramique","8":"pa_ciudad-barcelona","9":"pa_pais-espana","11":"first","12":"instock","13":"shipping-taxable","14":"product-type-simple"},"acf":[],"_links":{"self":[{"href":"https:\/\/olemosaic.orbitalia.org\/fr\/wp-json\/wp\/v2\/product\/36749","targetHints":{"allow":["GET"]}}],"collection":[{"href":"https:\/\/olemosaic.orbitalia.org\/fr\/wp-json\/wp\/v2\/product"}],"about":[{"href":"https:\/\/olemosaic.orbitalia.org\/fr\/wp-json\/wp\/v2\/types\/product"}],"wp:featuredmedia":[{"embeddable":true,"href":"https:\/\/olemosaic.orbitalia.org\/fr\/wp-json\/wp\/v2\/media\/11172"}],"wp:attachment":[{"href":"https:\/\/olemosaic.orbitalia.org\/fr\/wp-json\/wp\/v2\/media?parent=36749"}],"wp:term":[{"taxonomy":"product_brand","embeddable":true,"href":"https:\/\/olemosaic.orbitalia.org\/fr\/wp-json\/wp\/v2\/product_brand?post=36749"},{"taxonomy":"product_cat","embeddable":true,"href":"https:\/\/olemosaic.orbitalia.org\/fr\/wp-json\/wp\/v2\/product_cat?post=36749"},{"taxonomy":"product_tag","embeddable":true,"href":"https:\/\/olemosaic.orbitalia.org\/fr\/wp-json\/wp\/v2\/product_tag?post=36749"}],"curies":[{"name":"wp","href":"https:\/\/api.w.org\/{rel}","templated":true}]}}