{"id":36748,"date":"2025-02-20T22:29:32","date_gmt":"2025-02-20T22:29:32","guid":{"rendered":"https:\/\/olemosaic.orbitalia.org\/producto\/bol-de-ceramica-de-14-cm-punt-de-trobada-beige-rojo\/"},"modified":"2025-07-25T18:50:53","modified_gmt":"2025-07-25T16:50:53","slug":"bol-en-ceramique-de-14-cm-punt-de-trobada-beige-rouge-fr","status":"publish","type":"product","link":"https:\/\/olemosaic.orbitalia.org\/fr\/produit\/bol-en-ceramique-de-14-cm-punt-de-trobada-beige-rouge-fr\/","title":{"rendered":"Bol en c\u00e9ramique de 14 cm. Punt de trobada. Beige \/ rouge"},"content":{"rendered":"<p>Ce bol en c\u00e9ramique de 14 cm est une pi\u00e8ce exceptionnelle qui rend hommage au style moderniste vibrant, \u00e9voquant l&rsquo;essence color\u00e9e de la culture m\u00e9diterran\u00e9enne. Avec une finition beige raffin\u00e9e \u00e0 l&rsquo;ext\u00e9rieur et un int\u00e9rieur rouge saisissant, ce bol captive par son design attrayant de mosa\u00efques int\u00e9grant une palette de tons bleus, verts, rouges et jaunes. Les illustrations sont un fest\u00edn visuel, avec des \u00e9l\u00e9ments organiques repr\u00e9sentant la flore et la faune locales, entrela\u00e7ant la vie naturelle avec la cr\u00e9ativit\u00e9 artistique qui d\u00e9finit la r\u00e9gion. Ce bol est id\u00e9al non seulement pour servir des ap\u00e9ritifs, mais aussi comme objet d\u00e9coratif qui ajoutera une touche joyeuse et artistique \u00e0 n&rsquo;importe quel foyer.<\/p>\n<p>Inspir\u00e9 par l&rsquo;h\u00e9ritage artistique des territoires m\u00e9diterran\u00e9ens, ce bol symbolise l&rsquo;harmonie entre l&rsquo;artisanat et la couleur, un souvenir parfait pour les touristes cherchant \u00e0 emporter un morceau de la culture locale. Chez Ol\u00e9 Mosaic, nous nous consacrons \u00e0 la distribution de souvenirs en gros, et ce bol est le reflet de la riche tradition c\u00e9ramique de la zone, ainsi qu&rsquo;une excellente opportunit\u00e9 pour les boutiques de cadeaux touristiques. Acqu\u00e9rir ce bol en c\u00e9ramique, c&rsquo;est s&rsquo;assurer un produit authentique et culturellement pertinent, parfait pour ceux qui souhaitent se souvenir de leur voyage \u00e0 travers un objet pratique et esth\u00e9tiquement sublime.<\/p>\n","protected":false},"excerpt":{"rendered":"<p>Bol en c\u00e9ramique de 14 cm, d\u00e9cor\u00e9 d&rsquo;un design vibrant inspir\u00e9 du style d&rsquo;un c\u00e9l\u00e8bre artiste moderniste. Avec une finition beige et un int\u00e9rieur rouge, il pr\u00e9sente un motif color\u00e9 de mosa\u00efques dans des tons bleus, verts, rouges et jaunes, ainsi que des \u00e9l\u00e9ments organiques \u00e9voquant la flore et la faune m\u00e9diterran\u00e9ennes. Ce bol est parfait pour servir des ap\u00e9ritifs ou comme objet d\u00e9coratif, ajoutant une touche artistique et joyeuse \u00e0 n&rsquo;importe quel espace.<\/p>\n","protected":false},"featured_media":10050,"template":"","meta":{"_acf_changed":false},"product_brand":[],"product_cat":[521],"product_tag":[585],"class_list":{"0":"post-36748","1":"product","2":"type-product","3":"status-publish","4":"has-post-thumbnail","6":"product_cat-bols","7":"product_tag-ceramique","8":"pa_motivo-punt-de-trobada","10":"first","11":"instock","12":"shipping-taxable","13":"product-type-simple"},"acf":[],"_links":{"self":[{"href":"https:\/\/olemosaic.orbitalia.org\/fr\/wp-json\/wp\/v2\/product\/36748","targetHints":{"allow":["GET"]}}],"collection":[{"href":"https:\/\/olemosaic.orbitalia.org\/fr\/wp-json\/wp\/v2\/product"}],"about":[{"href":"https:\/\/olemosaic.orbitalia.org\/fr\/wp-json\/wp\/v2\/types\/product"}],"wp:featuredmedia":[{"embeddable":true,"href":"https:\/\/olemosaic.orbitalia.org\/fr\/wp-json\/wp\/v2\/media\/10050"}],"wp:attachment":[{"href":"https:\/\/olemosaic.orbitalia.org\/fr\/wp-json\/wp\/v2\/media?parent=36748"}],"wp:term":[{"taxonomy":"product_brand","embeddable":true,"href":"https:\/\/olemosaic.orbitalia.org\/fr\/wp-json\/wp\/v2\/product_brand?post=36748"},{"taxonomy":"product_cat","embeddable":true,"href":"https:\/\/olemosaic.orbitalia.org\/fr\/wp-json\/wp\/v2\/product_cat?post=36748"},{"taxonomy":"product_tag","embeddable":true,"href":"https:\/\/olemosaic.orbitalia.org\/fr\/wp-json\/wp\/v2\/product_tag?post=36748"}],"curies":[{"name":"wp","href":"https:\/\/api.w.org\/{rel}","templated":true}]}}