{"id":36747,"date":"2025-02-20T22:29:32","date_gmt":"2025-02-20T22:29:32","guid":{"rendered":"https:\/\/olemosaic.orbitalia.org\/producto\/bol-de-ceramica-de-14-cm-caballito-de-mar-beige\/"},"modified":"2025-07-25T19:09:03","modified_gmt":"2025-07-25T17:09:03","slug":"bol-en-ceramique-de-14-cm-hippocampe-beige-fr","status":"publish","type":"product","link":"https:\/\/olemosaic.orbitalia.org\/fr\/produit\/bol-en-ceramique-de-14-cm-hippocampe-beige-fr\/","title":{"rendered":"Bol en c\u00e9ramique de 14 cm. Hippocampe. Beige"},"content":{"rendered":"<p>Ce bol en c\u00e9ramique de 14 cm est une magnifique repr\u00e9sentation de la riche vie marine de la c\u00f4te m\u00e9diterran\u00e9enne, capturant l&rsquo;essence de l&rsquo;environnement avec un design vibrant d&rsquo;hippocampes. Sa couleur beige attrayante est compl\u00e9t\u00e9e par une mosa\u00efque color\u00e9e qui se d\u00e9tache dans des tons bleus, verts, rouges et jaunes, magistralement dispos\u00e9e sur un fond blanc qui rehausse sa beaut\u00e9. L&rsquo;int\u00e9rieur du bol, d&rsquo;un rouge \u00e9l\u00e9gant, ajoute une chaleur suppl\u00e9mentaire qui en fait non seulement un objet d\u00e9coratif, mais aussi un ustensile fonctionnel id\u00e9al pour la maison.<\/p>\n<p>Les hippocampes, symboles embl\u00e9matiques des eaux m\u00e9diterran\u00e9ennes, sont repr\u00e9sent\u00e9s dans un style artistique qui \u00e9voque l&rsquo;h\u00e9ritage culturel des r\u00e9gions c\u00f4ti\u00e8res d&rsquo;Espagne et du Portugal. Ce bol n&rsquo;est pas seulement un \u00e9l\u00e9ment d\u00e9coratif, mais aussi un souvenir significatif qui relie les touristes \u00e0 la vie aquatique fascinante de la M\u00e9diterran\u00e9e, en faisant un souvenir parfait qui refl\u00e8te le patrimoine et l&rsquo;authenticit\u00e9 de la zone.<\/p>\n<p>Chez Ol\u00e9 Mosaic, nous reconnaissons l&rsquo;importance de proposer des souvenirs de qualit\u00e9 qui mettent en valeur la culture et la tradition locales. Ce bol en c\u00e9ramique d&rsquo;hippocampes est une excellente option pour les boutiques de souvenirs touristiques \u00e0 la recherche de produits uniques et repr\u00e9sentatifs, garantissant ainsi la satisfaction de leurs clients avec des souvenirs authentiques de la M\u00e9diterran\u00e9e. En tant que grossistes en c\u00e9ramique, nous garantissons que chaque pi\u00e8ce est un travail artisanal dont la valeur culturelle s&rsquo;appr\u00e9cie dans chaque d\u00e9tail.<\/p>\n","protected":false},"excerpt":{"rendered":"<p>Bol en c\u00e9ramique de 14 cm d\u00e9cor\u00e9 de joyeux hippocampes, inspir\u00e9 par la riche vie marine de la c\u00f4te m\u00e9diterran\u00e9enne. Ce magnifique bol, d&rsquo;une couleur beige attrayante, pr\u00e9sente un design vibrant avec des mosa\u00efques dans les tons bleus, verts, rouges et jaunes qui ressortent sur un fond blanc. L&rsquo;int\u00e9rieur est d&rsquo;un rouge \u00e9l\u00e9gant, ajoutant une touche suppl\u00e9mentaire de chaleur et de couleur \u00e0 sa pr\u00e9sentation. Id\u00e9al pour un usage d\u00e9coratif ou comme ustensile fonctionnel dans la maison.<\/p>\n","protected":false},"featured_media":7229,"template":"","meta":{"_acf_changed":false},"product_brand":[],"product_cat":[521],"product_tag":[530,585],"class_list":{"0":"post-36747","1":"product","2":"type-product","3":"status-publish","4":"has-post-thumbnail","6":"product_cat-bols","7":"product_tag-animaux","8":"product_tag-ceramique","9":"pa_motivo-hippocampes","11":"first","12":"instock","13":"shipping-taxable","14":"product-type-simple"},"acf":[],"_links":{"self":[{"href":"https:\/\/olemosaic.orbitalia.org\/fr\/wp-json\/wp\/v2\/product\/36747","targetHints":{"allow":["GET"]}}],"collection":[{"href":"https:\/\/olemosaic.orbitalia.org\/fr\/wp-json\/wp\/v2\/product"}],"about":[{"href":"https:\/\/olemosaic.orbitalia.org\/fr\/wp-json\/wp\/v2\/types\/product"}],"wp:featuredmedia":[{"embeddable":true,"href":"https:\/\/olemosaic.orbitalia.org\/fr\/wp-json\/wp\/v2\/media\/7229"}],"wp:attachment":[{"href":"https:\/\/olemosaic.orbitalia.org\/fr\/wp-json\/wp\/v2\/media?parent=36747"}],"wp:term":[{"taxonomy":"product_brand","embeddable":true,"href":"https:\/\/olemosaic.orbitalia.org\/fr\/wp-json\/wp\/v2\/product_brand?post=36747"},{"taxonomy":"product_cat","embeddable":true,"href":"https:\/\/olemosaic.orbitalia.org\/fr\/wp-json\/wp\/v2\/product_cat?post=36747"},{"taxonomy":"product_tag","embeddable":true,"href":"https:\/\/olemosaic.orbitalia.org\/fr\/wp-json\/wp\/v2\/product_tag?post=36747"}],"curies":[{"name":"wp","href":"https:\/\/api.w.org\/{rel}","templated":true}]}}