{"id":36745,"date":"2025-02-20T22:29:08","date_gmt":"2025-02-20T22:29:08","guid":{"rendered":"https:\/\/olemosaic.orbitalia.org\/producto\/jarra-de-ceramica-camino-de-santiago-beige\/"},"modified":"2025-07-25T18:33:03","modified_gmt":"2025-07-25T16:33:03","slug":"cruche-en-ceramique-chemin-de-compostelle-beige-fr","status":"publish","type":"product","link":"https:\/\/olemosaic.orbitalia.org\/fr\/produit\/cruche-en-ceramique-chemin-de-compostelle-beige-fr\/","title":{"rendered":"Cruche en c\u00e9ramique. Chemin de Compostelle. Beige."},"content":{"rendered":"<p>Cette cruche en c\u00e9ramique d\u00e9cor\u00e9e d&rsquo;\u00e9l\u00e9ments iconiques du Chemin de Compostelle est un authentique souvenir galicien, id\u00e9al pour ceux qui souhaitent ramener un morceau de Galice chez eux. Son design exclusif pr\u00e9sente la majestueuse cath\u00e9drale de Saint-Jacques-de-Compostelle, dont les fa\u00e7ades complexes prennent vie avec des couleurs vibrantes \u00e9voquant l&rsquo;architecture historique de la r\u00e9gion. Accompagnant cette repr\u00e9sentation, la cruche comprend une coquille de p\u00e8lerin, symbole embl\u00e9matique du Chemin, et des fl\u00e8ches jaunes, guide traditionnel pour les marcheurs. Le bord rouge distinctif et le texte \u00ab Santiago \u00bb sur la partie sup\u00e9rieure ajoutent non seulement une touche d&rsquo;\u00e9l\u00e9gance, mais renforcent \u00e9galement son lien culturel avec la tradition des p\u00e8lerins.<\/p>\n<p>Ce produit ne remplit pas seulement une fonction pratique en tant que cruche, mais devient \u00e9galement une pi\u00e8ce d&rsquo;art d\u00e9corative, id\u00e9ale pour \u00eatre expos\u00e9e dans n&rsquo;importe quel foyer. Elle repr\u00e9sente l&rsquo;histoire riche et la spiritualit\u00e9 du Chemin de Compostelle, ce qui en fait un cadeau parfait pour les touristes et les amateurs de culture. Chez Ol\u00e9 Mosaic, nous proposons cette authentique cruche en c\u00e9ramique dans le cadre de notre s\u00e9lection de souvenirs, garantissant que chaque pi\u00e8ce est un reflet fid\u00e8le du patrimoine espagnol et de son lien avec la tradition galicienne. Cette cruche est, sans aucun doute, une excellente option pour les boutiques de souvenirs touristiques cherchant \u00e0 proposer des produits repr\u00e9sentatifs et de qualit\u00e9.<\/p>\n","protected":false},"excerpt":{"rendered":"<p>Cruche en c\u00e9ramique d\u00e9cor\u00e9e d&rsquo;\u00e9l\u00e9ments iconiques du Chemin de Compostelle, un objet incontournable de la tradition galicienne. Le design pr\u00e9sente la c\u00e9l\u00e8bre cath\u00e9drale de Saint-Jacques, avec sa fa\u00e7ade complexe aux couleurs vibrantes, accompagn\u00e9e d&rsquo;une coquille de p\u00e8lerin et de fl\u00e8ches jaunes. Avec un bord rouge distinctif et le texte \u00ab Santiago \u00bb sur le dessus, cette pi\u00e8ce allie fonctionnalit\u00e9 et art, constituant un cadeau parfait qui \u00e9voque l&rsquo;histoire et la culture riches de la r\u00e9gion.<\/p>\n","protected":false},"featured_media":8723,"template":"","meta":{"_acf_changed":false},"product_brand":[],"product_cat":[632],"product_tag":[585],"class_list":{"0":"post-36745","1":"product","2":"type-product","3":"status-publish","4":"has-post-thumbnail","6":"product_cat-jugs","7":"product_tag-ceramique","8":"pa_motivo-chemin-saint-jacques","10":"first","11":"instock","12":"shipping-taxable","13":"product-type-simple"},"acf":[],"_links":{"self":[{"href":"https:\/\/olemosaic.orbitalia.org\/fr\/wp-json\/wp\/v2\/product\/36745","targetHints":{"allow":["GET"]}}],"collection":[{"href":"https:\/\/olemosaic.orbitalia.org\/fr\/wp-json\/wp\/v2\/product"}],"about":[{"href":"https:\/\/olemosaic.orbitalia.org\/fr\/wp-json\/wp\/v2\/types\/product"}],"wp:featuredmedia":[{"embeddable":true,"href":"https:\/\/olemosaic.orbitalia.org\/fr\/wp-json\/wp\/v2\/media\/8723"}],"wp:attachment":[{"href":"https:\/\/olemosaic.orbitalia.org\/fr\/wp-json\/wp\/v2\/media?parent=36745"}],"wp:term":[{"taxonomy":"product_brand","embeddable":true,"href":"https:\/\/olemosaic.orbitalia.org\/fr\/wp-json\/wp\/v2\/product_brand?post=36745"},{"taxonomy":"product_cat","embeddable":true,"href":"https:\/\/olemosaic.orbitalia.org\/fr\/wp-json\/wp\/v2\/product_cat?post=36745"},{"taxonomy":"product_tag","embeddable":true,"href":"https:\/\/olemosaic.orbitalia.org\/fr\/wp-json\/wp\/v2\/product_tag?post=36745"}],"curies":[{"name":"wp","href":"https:\/\/api.w.org\/{rel}","templated":true}]}}