{"id":36743,"date":"2025-02-20T23:29:08","date_gmt":"2025-02-20T22:29:08","guid":{"rendered":"https:\/\/olemosaic.orbitalia.org\/producto\/jarra-de-ceramica-toro-beige\/"},"modified":"2025-07-25T18:32:48","modified_gmt":"2025-07-25T16:32:48","slug":"cruche-en-ceramique-taureau-beige-fr","status":"publish","type":"product","link":"https:\/\/olemosaic.orbitalia.org\/fr\/produit\/cruche-en-ceramique-taureau-beige-fr\/","title":{"rendered":"Cruche en c\u00e9ramique. Taureau. Beige."},"content":{"rendered":"<p>Cette cruche en c\u00e9ramique color\u00e9e est un v\u00e9ritable hommage au folklore espagnol, id\u00e9ale pour ceux qui recherchent des souvenirs authentiques capturant l&rsquo;essence de l&rsquo;Espagne. D\u00e9cor\u00e9e d&rsquo;un motif de taureaux vibrant, cette pi\u00e8ce est un exemple parfait du savoir-faire artisanal qui caract\u00e9rise la c\u00e9ramique espagnole. Le fond beige offre un contraste \u00e9l\u00e9gant qui met en valeur les couleurs vari\u00e9es des taureaux, peints dans des tons bleus, rouges et verts, refl\u00e9tant la joie et la vitalit\u00e9 de la culture locale. Les motifs floraux, \u00e9galement dans des tons vibrants, ajoutent une touche de fra\u00eecheur et de naturel, tandis que la forme distinctive de la cruche, avec son \u00e9l\u00e9gante anse rouge, en fait une pi\u00e8ce \u00e0 la fois fonctionnelle et d\u00e9corative.<\/p>\n<p>La finition brillante ne fait pas que souligner les couleurs vives, elle assure \u00e9galement la durabilit\u00e9 de la cruche, permettant son utilisation en toute occasion, que ce soit pour servir des boissons ou comme \u00e9l\u00e9ment d\u00e9coratif de grande valeur esth\u00e9tique. En tant que symbole du patrimoine culturel espagnol, cette cruche repr\u00e9sente l&rsquo;amour de la f\u00eate et de la tradition, ce qui en fait un cadeau id\u00e9al pour les touristes souhaitant emporter un morceau d&rsquo;Espagne. Chez Ol\u00e9 Mosaic, en tant que grossiste de souvenirs authentiques, nous proposons des produits qui c\u00e9l\u00e8brent la tradition et l&rsquo;artisanat local, et cette cruche en c\u00e9ramique est un choix exceptionnel pour les boutiques de souvenirs touristiques \u00e0 la recherche d&rsquo;articles significatifs et repr\u00e9sentatifs de la culture espagnole.<\/p>\n","protected":false},"excerpt":{"rendered":"<p>Cruche en c\u00e9ramique color\u00e9e, d\u00e9cor\u00e9e d&rsquo;un motif de taureaux vibrant \u00e9voquant le folklore espagnol. Ce r\u00e9cipient attrayant, au design artisanal et peint \u00e0 la main, pr\u00e9sente des motifs floraux dans des tons rouges et verts sur un fond beige qui souligne ses d\u00e9tails artistiques. Avec une finition brillante et une forme distinctive, cette cruche est non seulement fonctionnelle, mais aussi un magnifique souvenir d&rsquo;Espagne, id\u00e9al pour toute table ou comme pi\u00e8ce d\u00e9corative.<\/p>\n","protected":false},"featured_media":7283,"template":"","meta":{"_acf_changed":false},"product_brand":[],"product_cat":[632],"product_tag":[530,585],"class_list":{"0":"post-36743","1":"product","2":"type-product","3":"status-publish","4":"has-post-thumbnail","6":"product_cat-jugs","7":"product_tag-animaux","8":"product_tag-ceramique","9":"pa_motivo-taureaux","11":"first","12":"instock","13":"shipping-taxable","14":"product-type-simple"},"acf":[],"_links":{"self":[{"href":"https:\/\/olemosaic.orbitalia.org\/fr\/wp-json\/wp\/v2\/product\/36743","targetHints":{"allow":["GET"]}}],"collection":[{"href":"https:\/\/olemosaic.orbitalia.org\/fr\/wp-json\/wp\/v2\/product"}],"about":[{"href":"https:\/\/olemosaic.orbitalia.org\/fr\/wp-json\/wp\/v2\/types\/product"}],"wp:featuredmedia":[{"embeddable":true,"href":"https:\/\/olemosaic.orbitalia.org\/fr\/wp-json\/wp\/v2\/media\/7283"}],"wp:attachment":[{"href":"https:\/\/olemosaic.orbitalia.org\/fr\/wp-json\/wp\/v2\/media?parent=36743"}],"wp:term":[{"taxonomy":"product_brand","embeddable":true,"href":"https:\/\/olemosaic.orbitalia.org\/fr\/wp-json\/wp\/v2\/product_brand?post=36743"},{"taxonomy":"product_cat","embeddable":true,"href":"https:\/\/olemosaic.orbitalia.org\/fr\/wp-json\/wp\/v2\/product_cat?post=36743"},{"taxonomy":"product_tag","embeddable":true,"href":"https:\/\/olemosaic.orbitalia.org\/fr\/wp-json\/wp\/v2\/product_tag?post=36743"}],"curies":[{"name":"wp","href":"https:\/\/api.w.org\/{rel}","templated":true}]}}