{"id":36742,"date":"2025-02-20T23:29:08","date_gmt":"2025-02-20T22:29:08","guid":{"rendered":"https:\/\/olemosaic.orbitalia.org\/producto\/huevera-de-ceramica-salamandra-barcelona-beige\/"},"modified":"2025-07-25T19:57:38","modified_gmt":"2025-07-25T17:57:38","slug":"coquetier-en-ceramique-salamandre-barcelone-beige-fr","status":"publish","type":"product","link":"https:\/\/olemosaic.orbitalia.org\/fr\/produit\/coquetier-en-ceramique-salamandre-barcelone-beige-fr\/","title":{"rendered":"Coquetier en c\u00e9ramique. Salamandre. Barcelone. Beige"},"content":{"rendered":"<p>Ce coquetier en c\u00e9ramique, d\u00e9cor\u00e9 de salamandres, est un souvenir unique de la culture vibrante de Barcelone. Dans un ton beige chaleureux, la pi\u00e8ce pr\u00e9sente un int\u00e9rieur rouge brillant qui ajoute une touche anim\u00e9e au design. Autour du bord, le mot \u00ab\u00a0Barcelone\u00a0\u00bb est inscrit en couleurs, incorporant un \u00e9l\u00e9ment attrayant et reconnaissable qui \u00e9voque l&rsquo;essence de la cit\u00e9 comtale. Les salamandres, m\u00e9ticuleusement peintes \u00e0 la main (effet) dans une vari\u00e9t\u00e9 de couleurs, apportent un air artistique et contemporain, symbolisant la riche biodiversit\u00e9 et la vie qui se respire dans les rues de Barcelone. Ce coquetier est non seulement parfait pour d\u00e9guster vos \u0153ufs de mani\u00e8re originale, mais il devient \u00e9galement un \u00e9l\u00e9ment d\u00e9coratif attrayant, se distinguant dans n&rsquo;importe quelle cuisine ou salle \u00e0 manger. Avec sa combinaison de fonctionnalit\u00e9 et d&rsquo;esth\u00e9tique, ce souvenir capture l&rsquo;authenticit\u00e9 de la culture locale et constitue un excellent cadeau pour les touristes \u00e0 la recherche de produits authentiques et de qualit\u00e9. Chez Ol\u00e9 Mosaic, nous distribuons des souvenirs qui mettent en valeur la richesse culturelle de chaque r\u00e9gion, faisant de ce coquetier en c\u00e9ramique un incontournable pour toute boutique de cadeaux touristiques, id\u00e9al pour ceux qui recherchent des souvenirs authentiques et attrayants de Barcelone.<\/p>\n","protected":false},"excerpt":{"rendered":"<p>Coquetier en c\u00e9ramique d\u00e9cor\u00e9 de motifs de salamandres, inspir\u00e9 par la culture color\u00e9e de Barcelone. Cette pi\u00e8ce, dans un ton beige chaleureux, pr\u00e9sente un int\u00e9rieur rouge brillant et le mot \u00ab\u00a0Barcelone\u00a0\u00bb grav\u00e9 tout autour. Les salamandres, peintes \u00e0 la main (effet) dans diverses couleurs, ajoutent une touche artistique et vibrante, \u00e9voquant le style de la ville. Id\u00e9al pour d\u00e9guster vos \u0153ufs de mani\u00e8re originale et unique, ce coquetier fait \u00e9galement office d&rsquo;\u00e9l\u00e9ment d\u00e9coratif attrayant.<\/p>\n","protected":false},"featured_media":7346,"template":"","meta":{"_acf_changed":false},"product_brand":[],"product_cat":[681],"product_tag":[530,585],"class_list":{"0":"post-36742","1":"product","2":"type-product","3":"status-publish","4":"has-post-thumbnail","6":"product_cat-coquetiers","7":"product_tag-animaux","8":"product_tag-ceramique","9":"pa_ciudad-barcelona","10":"pa_motivo-salamandres","11":"pa_pais-espana","13":"first","14":"instock","15":"shipping-taxable","16":"product-type-simple"},"acf":[],"_links":{"self":[{"href":"https:\/\/olemosaic.orbitalia.org\/fr\/wp-json\/wp\/v2\/product\/36742","targetHints":{"allow":["GET"]}}],"collection":[{"href":"https:\/\/olemosaic.orbitalia.org\/fr\/wp-json\/wp\/v2\/product"}],"about":[{"href":"https:\/\/olemosaic.orbitalia.org\/fr\/wp-json\/wp\/v2\/types\/product"}],"wp:featuredmedia":[{"embeddable":true,"href":"https:\/\/olemosaic.orbitalia.org\/fr\/wp-json\/wp\/v2\/media\/7346"}],"wp:attachment":[{"href":"https:\/\/olemosaic.orbitalia.org\/fr\/wp-json\/wp\/v2\/media?parent=36742"}],"wp:term":[{"taxonomy":"product_brand","embeddable":true,"href":"https:\/\/olemosaic.orbitalia.org\/fr\/wp-json\/wp\/v2\/product_brand?post=36742"},{"taxonomy":"product_cat","embeddable":true,"href":"https:\/\/olemosaic.orbitalia.org\/fr\/wp-json\/wp\/v2\/product_cat?post=36742"},{"taxonomy":"product_tag","embeddable":true,"href":"https:\/\/olemosaic.orbitalia.org\/fr\/wp-json\/wp\/v2\/product_tag?post=36742"}],"curies":[{"name":"wp","href":"https:\/\/api.w.org\/{rel}","templated":true}]}}