{"id":36725,"date":"2025-02-20T23:28:22","date_gmt":"2025-02-20T22:28:22","guid":{"rendered":"https:\/\/olemosaic.orbitalia.org\/producto\/bol-de-ceramica-de-9-cm-salamandra-y-flores-blanco\/"},"modified":"2025-07-25T20:33:35","modified_gmt":"2025-07-25T18:33:35","slug":"bol-en-ceramique-de-9-cm-salamandre-et-fleurs-blanc-fr","status":"publish","type":"product","link":"https:\/\/olemosaic.orbitalia.org\/fr\/produit\/bol-en-ceramique-de-9-cm-salamandre-et-fleurs-blanc-fr\/","title":{"rendered":"Bol en c\u00e9ramique de 9 cm. Salamandre et fleurs. Blanc"},"content":{"rendered":"<p>D\u00e9couvrez notre charmant bol en c\u00e9ramique de 9 cm, un v\u00e9ritable tr\u00e9sor qui capture la riche tradition artisanale espagnole. Ce bol, avec sa base blanche et un bord sup\u00e9rieur rouge vibrant, se distingue par un design captivant qui combine salamandres et fleurs, une repr\u00e9sentation fid\u00e8le de la diversit\u00e9 et des couleurs du patrimoine espagnol. Chaque d\u00e9tail a \u00e9t\u00e9 cr\u00e9\u00e9 avec la technique de la peinture \u00e0 la main, montrant de magnifiques motifs floraux dans des tons bleu, vert et rouge qui semblent prendre vie lorsqu&rsquo;ils sont admir\u00e9s. Parfait pour servir des ap\u00e9ritifs ou comme pi\u00e8ce d\u00e9corative, ce bol ajoute non seulement une touche joyeuse \u00e0 n&rsquo;importe quelle table, mais invite \u00e9galement les convives \u00e0 profiter de la beaut\u00e9 de la culture espagnole. Les salamandres, avec leur symbolisme de renaissance et d&rsquo;adaptabilit\u00e9, ajoutent une signification profonde \u00e0 chaque utilisation du bol, en faisant un cadeau id\u00e9al pour ceux qui recherchent des souvenirs authentiques et repr\u00e9sentatifs de leurs voyages. Chez Ol\u00e9 Mosaic, nous nous sp\u00e9cialisons dans la distribution de souvenirs en gros, et ce bol en c\u00e9ramique est une excellente option pour les boutiques de cadeaux touristiques souhaitant proposer des produits de qualit\u00e9 qui mettent en valeur la richesse culturelle de l&rsquo;Espagne.<\/p>\n","protected":false},"excerpt":{"rendered":"<p>Bol en c\u00e9ramique de 9 cm, d\u00e9cor\u00e9 d&rsquo;un design vibrant de salamandres et de fleurs, repr\u00e9sentant la riche tradition artisanale espagnole. Avec une base blanche et un bord sup\u00e9rieur rouge, cet article pr\u00e9sente de magnifiques motifs floraux dans des tons bleu, vert et rouge, cr\u00e9\u00e9s par la technique de la peinture \u00e0 la main. Parfait pour servir des ap\u00e9ritifs ou comme pi\u00e8ce d\u00e9corative, son design color\u00e9 ajoute une touche joyeuse \u00e0 n&rsquo;importe quelle table.<\/p>\n","protected":false},"featured_media":11178,"template":"","meta":{"_acf_changed":false},"product_brand":[],"product_cat":[521],"product_tag":[530,585],"class_list":{"0":"post-36725","1":"product","2":"type-product","3":"status-publish","4":"has-post-thumbnail","6":"product_cat-bols","7":"product_tag-animaux","8":"product_tag-ceramique","9":"pa_motivo-salamandres","11":"first","12":"instock","13":"shipping-taxable","14":"product-type-simple"},"acf":[],"_links":{"self":[{"href":"https:\/\/olemosaic.orbitalia.org\/fr\/wp-json\/wp\/v2\/product\/36725","targetHints":{"allow":["GET"]}}],"collection":[{"href":"https:\/\/olemosaic.orbitalia.org\/fr\/wp-json\/wp\/v2\/product"}],"about":[{"href":"https:\/\/olemosaic.orbitalia.org\/fr\/wp-json\/wp\/v2\/types\/product"}],"wp:featuredmedia":[{"embeddable":true,"href":"https:\/\/olemosaic.orbitalia.org\/fr\/wp-json\/wp\/v2\/media\/11178"}],"wp:attachment":[{"href":"https:\/\/olemosaic.orbitalia.org\/fr\/wp-json\/wp\/v2\/media?parent=36725"}],"wp:term":[{"taxonomy":"product_brand","embeddable":true,"href":"https:\/\/olemosaic.orbitalia.org\/fr\/wp-json\/wp\/v2\/product_brand?post=36725"},{"taxonomy":"product_cat","embeddable":true,"href":"https:\/\/olemosaic.orbitalia.org\/fr\/wp-json\/wp\/v2\/product_cat?post=36725"},{"taxonomy":"product_tag","embeddable":true,"href":"https:\/\/olemosaic.orbitalia.org\/fr\/wp-json\/wp\/v2\/product_tag?post=36725"}],"curies":[{"name":"wp","href":"https:\/\/api.w.org\/{rel}","templated":true}]}}