{"id":36717,"date":"2025-02-20T22:28:21","date_gmt":"2025-02-20T22:28:21","guid":{"rendered":"https:\/\/olemosaic.orbitalia.org\/producto\/4-bols-de-coco-de-13-x-6-cm-isla-tenerife-2\/"},"modified":"2025-07-25T19:11:32","modified_gmt":"2025-07-25T17:11:32","slug":"lot-de-4-bols-en-noix-de-coco-13-x-6-cm-ile-tenerife","status":"publish","type":"product","link":"https:\/\/olemosaic.orbitalia.org\/fr\/produit\/lot-de-4-bols-en-noix-de-coco-13-x-6-cm-ile-tenerife\/","title":{"rendered":"Lot de 4 bols en noix de coco 13 x 6 cm. \u00cele. Tenerife."},"content":{"rendered":"<p>D\u00e9couvrez notre ensemble de 4 bols en noix de coco de 13 x 6 cm, une proposition vibrante qui capture l&rsquo;essence de l&rsquo;\u00eele de Tenerife. Chaque bol est une pi\u00e8ce unique et artisanale, cr\u00e9\u00e9e pour embellir n&rsquo;importe quelle table avec une touche exotique et color\u00e9e. La base sombre des bols est parsem\u00e9e de c\u0153urs dans une gamme de tons chauds et froids, tels que le bleu, le rouge, le jaune et le rose, qui font ressortir la silhouette de Tenerife, situ\u00e9e au centre de chaque pi\u00e8ce. Cette d\u00e9coration apporte non seulement un style visuel percutant, mais \u00e9voque \u00e9galement l&rsquo;atmosph\u00e8re tropicale et joyeuse des \u00eeles Canaries.<\/p>\n<p>Le design de ces bols est parfait aussi bien pour un usage quotidien que pour des occasions sp\u00e9ciales, ce qui en fait un souvenir id\u00e9al pour ceux qui souhaitent ramener un petit morceau de Tenerife chez eux. S&rsquo;agissant d&rsquo;un produit fait main, chaque bol a sa propre personnalit\u00e9, ce qui garantit l&rsquo;authenticit\u00e9 et la singularit\u00e9 de chaque achat. Cet ensemble n&rsquo;est pas seulement un bel accessoire d\u00e9coratif, mais aussi un souvenir repr\u00e9sentatif de la riche culture et des traditions locales.<\/p>\n<p>Chez Ol\u00e9 Mosaic, nous nous engageons \u00e0 offrir des souvenirs de qualit\u00e9 qui capturent la beaut\u00e9 et la diversit\u00e9 de l&rsquo;Espagne. Cet ensemble de bols en noix de coco est une excellente option pour les boutiques de cadeaux touristiques recherchant des produits mettant en valeur le meilleur des \u00eeles Canaries. En tant que distributeurs d&rsquo;articles artisanaux en gros, nous garantissons que chaque produit refl\u00e8te l&rsquo;esprit authentique de son origine.<\/p>\n","protected":false},"excerpt":{"rendered":"<p>Ensemble de 4 bols en noix de coco de 13 x 6 cm, d\u00e9cor\u00e9s de couleurs vibrantes et de motifs repr\u00e9sentatifs de l&rsquo;\u00eele de Tenerife. Chaque bol pr\u00e9sente un fond sombre parsem\u00e9 de c\u0153urs dans des tons chauds et froids, avec la silhouette de Tenerife au centre, se d\u00e9tachant dans des couleurs comme le bleu, le rouge, le jaune et le rose. Cette pi\u00e8ce artisanale est id\u00e9ale pour donner une touche exotique \u00e0 votre table et rappeler la beaut\u00e9 des \u00eeles Canaries.<\/p>\n","protected":false},"featured_media":10669,"template":"","meta":{"_acf_changed":false},"product_brand":[],"product_cat":[521],"product_tag":[],"class_list":{"0":"post-36717","1":"product","2":"type-product","3":"status-publish","4":"has-post-thumbnail","6":"product_cat-bols","7":"pa_ciudad-tenerife","8":"pa_motivo-iles","9":"pa_pais-espana","11":"first","12":"instock","13":"shipping-taxable","14":"product-type-simple"},"acf":[],"_links":{"self":[{"href":"https:\/\/olemosaic.orbitalia.org\/fr\/wp-json\/wp\/v2\/product\/36717","targetHints":{"allow":["GET"]}}],"collection":[{"href":"https:\/\/olemosaic.orbitalia.org\/fr\/wp-json\/wp\/v2\/product"}],"about":[{"href":"https:\/\/olemosaic.orbitalia.org\/fr\/wp-json\/wp\/v2\/types\/product"}],"wp:featuredmedia":[{"embeddable":true,"href":"https:\/\/olemosaic.orbitalia.org\/fr\/wp-json\/wp\/v2\/media\/10669"}],"wp:attachment":[{"href":"https:\/\/olemosaic.orbitalia.org\/fr\/wp-json\/wp\/v2\/media?parent=36717"}],"wp:term":[{"taxonomy":"product_brand","embeddable":true,"href":"https:\/\/olemosaic.orbitalia.org\/fr\/wp-json\/wp\/v2\/product_brand?post=36717"},{"taxonomy":"product_cat","embeddable":true,"href":"https:\/\/olemosaic.orbitalia.org\/fr\/wp-json\/wp\/v2\/product_cat?post=36717"},{"taxonomy":"product_tag","embeddable":true,"href":"https:\/\/olemosaic.orbitalia.org\/fr\/wp-json\/wp\/v2\/product_tag?post=36717"}],"curies":[{"name":"wp","href":"https:\/\/api.w.org\/{rel}","templated":true}]}}